{"id":9478,"date":"2021-01-26T12:43:02","date_gmt":"2021-01-26T11:43:02","guid":{"rendered":"https:\/\/3.67.226.251\/apartments-for-rent-in-miedzyzdroje\/"},"modified":"2022-03-21T13:34:31","modified_gmt":"2022-03-21T12:34:31","slug":"apartments-for-rent-in-miedzyzdroje","status":"publish","type":"page","link":"https:\/\/visito.pl\/en\/apartments-for-rent-in-miedzyzdroje\/","title":{"rendered":"Apartments for rent in Mi\u0119dzyzdroje"},"content":{"rendered":"","protected":false},"excerpt":{"rendered":"","protected":false},"author":1,"featured_media":0,"parent":0,"menu_order":0,"comment_status":"closed","ping_status":"closed","template":"page-listing.php","meta":[],"yoast_head":"<!-- This site is optimized with the Yoast SEO plugin v15.6.2 - https:\/\/yoast.com\/wordpress\/plugins\/seo\/ -->\n<title>Mi\u0119dzyzdroje apartments with sea view and swimming pool for rent<\/title>\n<meta name=\"description\" content=\"Mi\u0119dzyzdroje apartments for rent with a sea view. Accommodation in Mi\u0119dzyzdroje with a swimming pool in Aquamarina Onyx, Promenada Gwiazd 28, Horyzont.\" \/>\n<meta name=\"robots\" content=\"index, follow, max-snippet:-1, max-image-preview:large, max-video-preview:-1\" \/>\n<link rel=\"canonical\" href=\"https:\/\/visito.pl\/en\/apartments-for-rent-in-miedzyzdroje\/\" \/>\n<meta property=\"og:locale\" content=\"en_US\" \/>\n<meta property=\"og:type\" content=\"article\" \/>\n<meta property=\"og:title\" content=\"Mi\u0119dzyzdroje apartments with sea view and swimming pool for rent\" \/>\n<meta property=\"og:description\" content=\"Mi\u0119dzyzdroje apartments for rent with a sea view. Accommodation in Mi\u0119dzyzdroje with a swimming pool in Aquamarina Onyx, Promenada Gwiazd 28, Horyzont.\" \/>\n<meta property=\"og:url\" content=\"https:\/\/visito.pl\/en\/apartments-for-rent-in-miedzyzdroje\/\" \/>\n<meta property=\"og:site_name\" content=\"Apartments for rent by the sea. \u015awinouj\u015bcie, Mi\u0119dzyzdroje, Ko\u0142obrzeg, accommodation\" \/>\n<meta property=\"article:modified_time\" content=\"2022-03-21T12:34:31+00:00\" \/>\n<meta name=\"twitter:card\" content=\"summary_large_image\" \/>\n<script type=\"application\/ld+json\" class=\"yoast-schema-graph\">{\"@context\":\"https:\/\/schema.org\",\"@graph\":[{\"@type\":\"WebSite\",\"@id\":\"https:\/\/visito.pl\/#website\",\"url\":\"https:\/\/visito.pl\/\",\"name\":\"Apartments for rent by the sea. \\u015awinouj\\u015bcie, Mi\\u0119dzyzdroje, Ko\\u0142obrzeg, accommodation\",\"description\":\"Selected apartments for rent on the Polish coast. Accommodation for rent in \\u015awinouj\\u015bcie, Ko\\u0142obrzeg and Mi\\u0119dzyzdroje.\",\"potentialAction\":[{\"@type\":\"SearchAction\",\"target\":\"https:\/\/visito.pl\/?s={search_term_string}\",\"query-input\":\"required name=search_term_string\"}],\"inLanguage\":\"en-US\"},{\"@type\":\"WebPage\",\"@id\":\"https:\/\/visito.pl\/en\/apartments-for-rent-in-miedzyzdroje\/#webpage\",\"url\":\"https:\/\/visito.pl\/en\/apartments-for-rent-in-miedzyzdroje\/\",\"name\":\"Mi\\u0119dzyzdroje apartments with sea view and swimming pool for rent\",\"isPartOf\":{\"@id\":\"https:\/\/visito.pl\/#website\"},\"datePublished\":\"2021-01-26T11:43:02+00:00\",\"dateModified\":\"2022-03-21T12:34:31+00:00\",\"description\":\"Mi\\u0119dzyzdroje apartments for rent with a sea view. Accommodation in Mi\\u0119dzyzdroje with a swimming pool in Aquamarina Onyx, Promenada Gwiazd 28, Horyzont.\",\"inLanguage\":\"en-US\",\"potentialAction\":[{\"@type\":\"ReadAction\",\"target\":[\"https:\/\/visito.pl\/en\/apartments-for-rent-in-miedzyzdroje\/\"]}]}]}<\/script>\n<!-- \/ Yoast SEO plugin. -->","acf":[],"_links":{"self":[{"href":"https:\/\/visito.pl\/en\/wp-json\/wp\/v2\/pages\/9478"}],"collection":[{"href":"https:\/\/visito.pl\/en\/wp-json\/wp\/v2\/pages"}],"about":[{"href":"https:\/\/visito.pl\/en\/wp-json\/wp\/v2\/types\/page"}],"author":[{"embeddable":true,"href":"https:\/\/visito.pl\/en\/wp-json\/wp\/v2\/users\/1"}],"replies":[{"embeddable":true,"href":"https:\/\/visito.pl\/en\/wp-json\/wp\/v2\/comments?post=9478"}],"version-history":[{"count":0,"href":"https:\/\/visito.pl\/en\/wp-json\/wp\/v2\/pages\/9478\/revisions"}],"wp:attachment":[{"href":"https:\/\/visito.pl\/en\/wp-json\/wp\/v2\/media?parent=9478"}],"curies":[{"name":"wp","href":"https:\/\/api.w.org\/{rel}","templated":true}]}}