{"id":9471,"date":"2021-01-22T14:57:37","date_gmt":"2021-01-22T13:57:37","guid":{"rendered":"https:\/\/3.67.226.251\/about-company\/"},"modified":"2025-04-23T15:53:46","modified_gmt":"2025-04-23T13:53:46","slug":"about-company","status":"publish","type":"page","link":"https:\/\/visito.pl\/en\/about-company\/","title":{"rendered":"About company"},"content":{"rendered":"<section class=\"hero-page\" style=\"background-image: url('https:\/\/visito.pl\/wp-content\/uploads\/2021\/02\/about-banner2.jpg');\">\n  <div class=\"container\">\n    <div class=\"hero-page__wrapper\">\n      <h1 class=\"hero-page__title\">Get to know us better<\/h1>\n      <p class=\"hero-page__text\">\n        We work with passion for our guests <br>\nand apartment owners      <\/p>\n    <\/div>\n  <\/div>\n<\/section>\n\n\n<section class=\"about-menu\">\n  <div class=\"container\">\n    <div class=\"menu__wrapper\">\n      <ul class=\"menu\">\n                        <li>\n          <a href=\"#company\" class=\"active\"\n            >Meet the company<\/a>\n        <\/li>\n                <li>\n          <a href=\"#experience\" >Experience<\/a>\n        <\/li>\n                <li>\n          <a href=\"#team\" >Team<\/a>\n        <\/li>\n              <\/ul>\n    <\/div>\n  <\/div>\n<\/section>\n\n<section class=\"meet-company\" id=\"company\">\n  <div class=\"container\">\n    <div class=\"section-header\">\n      <h1 class=\"section-title\">\n        Get to know our company      <\/h1>\n    <\/div>\n    <div class=\"descriptions\">\n            <div class=\"description\">\n        <div class=\"image\">\n          <img src=\"https:\/\/visito.pl\/wp-content\/uploads\/2021\/01\/about-wizja-514x467.jpg\" alt=\"\">\n        <\/div>\n        <div class=\"text\">\n          <h2 class=\"description__title\">Our vision<\/h2>\n          <div class=\"description__text\">\n            <p>Welcome to visito.pl! Here, every customer feels important. Great service and commitment of our team are the values that we have always cherished. We will be happy to help you find the right holiday apartment. Time for your well-deserved vacation!<\/p>\n          <\/div>\n        <\/div>\n      <\/div>\n            <div class=\"description\">\n        <div class=\"image\">\n          <img src=\"https:\/\/visito.pl\/wp-content\/uploads\/2021\/01\/about-standard.jpg\" alt=\"\">\n        <\/div>\n        <div class=\"text\">\n          <h2 class=\"description__title\">The highest standard<br> guest service<\/h2>\n          <div class=\"description__text\">\n            <p>Professional customer service is our priority. We take care of the highest standards of services. We have a lot of regular guests who are happy to come back to us. We are very happy about it, because each client is unique. If you want to spend your vacation in a place where customer care is at the highest level, then you should definitely consider our offer! <\/p>\n          <\/div>\n        <\/div>\n      <\/div>\n            <div class=\"description\">\n        <div class=\"image\">\n          <img src=\"https:\/\/visito.pl\/wp-content\/uploads\/2021\/01\/about-turystyka-514x467.jpg\" alt=\"\">\n        <\/div>\n        <div class=\"text\">\n          <h2 class=\"description__title\">Promotion of Polish Tourism<\/h2>\n          <div class=\"description__text\">\n            <p>We promote native Baltic resorts. We encourage you to get to know the west coast, which is being rediscovered for tourists. We offer a new dimension of relaxation in the best locations. Spend wonderful moments with us at the Baltic Sea!<\/p>\n          <\/div>\n        <\/div>\n      <\/div>\n            <div class=\"description\">\n        <div class=\"image\">\n          <img src=\"https:\/\/visito.pl\/wp-content\/uploads\/2021\/01\/about-owners.jpg\" alt=\"\">\n        <\/div>\n        <div class=\"text\">\n          <h2 class=\"description__title\">We take care of the owners<br> apartments<\/h2>\n          <div class=\"description__text\">\n            <p>Rental is based on a clear and transparent business policy. We will take care of your apartment, your profits and good relations. Cooperation with us allows us to achieve satisfactory results, both financial and quality. We take care of the entrusted apartments as if we were our own. Trust the professionals!<\/p>\n          <\/div>\n        <\/div>\n      <\/div>\n      \n    <\/div>\n  <\/div>\n<\/section>\n\n<section class=\"experience\" id=\"experience\">\n  <div class=\"container\">\n    <div class=\"experience__wrapper\">\n      <div class=\"section-header\">\n        <h1 class=\"section-title\">\n          Experience        <\/h1>\n      <\/div>\n      <div class=\"experience__row\">\n                <div class=\"experience__item\">\n          <div class=\"icon\">\n            <img src=\"https:\/\/visito.pl\/wp-content\/uploads\/2021\/01\/apartment-icon-1.svg\" alt=\"\">\n          <\/div>\n          <div class=\"label\">\n            150 apartments <br\/> in management          <\/div>\n        <\/div>\n                <div class=\"experience__item\">\n          <div class=\"icon\">\n            <img src=\"https:\/\/visito.pl\/wp-content\/uploads\/2021\/01\/people-icon.svg\" alt=\"\">\n          <\/div>\n          <div class=\"label\">\n            20 people<br\/> in our team          <\/div>\n        <\/div>\n                <div class=\"experience__item\">\n          <div class=\"icon\">\n            <img src=\"https:\/\/visito.pl\/wp-content\/uploads\/2021\/01\/guest-icon.svg\" alt=\"\">\n          <\/div>\n          <div class=\"label\">\n            13 000 customers<br\/> served in year 2024          <\/div>\n        <\/div>\n                <div class=\"experience__item\">\n          <div class=\"icon\">\n            <img src=\"https:\/\/visito.pl\/wp-content\/uploads\/2021\/01\/8-years.svg\" alt=\"\">\n          <\/div>\n          <div class=\"label\">\n            16 years<br\/>  on the market          <\/div>\n        <\/div>\n                <div class=\"experience__item\">\n          <div class=\"icon\">\n            <img src=\"https:\/\/visito.pl\/wp-content\/uploads\/2021\/01\/pin-icon.svg\" alt=\"\">\n          <\/div>\n          <div class=\"label\">\n            2 service offices<br> for customers          <\/div>\n        <\/div>\n              <\/div>\n    <\/div>\n  <\/div>\n<\/section>\n\n<section class=\"team\" id=\"team\">\n  <div class=\"container\">\n    <div class=\"section-header\">\n      <h1 class=\"section-title\">\n              <\/h1>\n    <\/div>\n    <div class=\"team__wrapper\">\n            <div class=\"team__member\">\n        <div class=\"member__image\">\n          <img src=\"\" alt=\"\">\n        <\/div>\n        <div class=\"member__info\">\n          <h4 class=\"member__name\">\n                      <\/h4>\n          <p class=\"member__position\">\n                      <\/p>\n                              \n\n        <\/div>\n      <\/div>\n          <\/div>\n  <\/div>\n<\/section>","protected":false},"excerpt":{"rendered":"","protected":false},"author":2,"featured_media":0,"parent":0,"menu_order":0,"comment_status":"closed","ping_status":"closed","template":"","meta":[],"yoast_head":"<!-- This site is optimized with the Yoast SEO plugin v15.6.2 - https:\/\/yoast.com\/wordpress\/plugins\/seo\/ -->\n<title>About company - Apartments for rent by the sea. \u015awinouj\u015bcie, Mi\u0119dzyzdroje, Ko\u0142obrzeg, accommodation<\/title>\n<meta name=\"description\" content=\"Visito - get to know our company. The best apartments for rent by the sea. Professional service.\" \/>\n<meta name=\"robots\" content=\"index, follow, max-snippet:-1, max-image-preview:large, max-video-preview:-1\" \/>\n<link rel=\"canonical\" href=\"https:\/\/visito.pl\/en\/about-company\/\" \/>\n<meta property=\"og:locale\" content=\"en_US\" \/>\n<meta property=\"og:type\" content=\"article\" \/>\n<meta property=\"og:title\" content=\"About company - Apartments for rent by the sea. \u015awinouj\u015bcie, Mi\u0119dzyzdroje, Ko\u0142obrzeg, accommodation\" \/>\n<meta property=\"og:description\" content=\"Visito - get to know our company. The best apartments for rent by the sea. Professional service.\" \/>\n<meta property=\"og:url\" content=\"https:\/\/visito.pl\/en\/about-company\/\" \/>\n<meta property=\"og:site_name\" content=\"Apartments for rent by the sea. \u015awinouj\u015bcie, Mi\u0119dzyzdroje, Ko\u0142obrzeg, accommodation\" \/>\n<meta property=\"article:modified_time\" content=\"2025-04-23T13:53:46+00:00\" \/>\n<meta name=\"twitter:card\" content=\"summary_large_image\" \/>\n<script type=\"application\/ld+json\" class=\"yoast-schema-graph\">{\"@context\":\"https:\/\/schema.org\",\"@graph\":[{\"@type\":\"WebSite\",\"@id\":\"https:\/\/visito.pl\/#website\",\"url\":\"https:\/\/visito.pl\/\",\"name\":\"Apartments for rent by the sea. \\u015awinouj\\u015bcie, Mi\\u0119dzyzdroje, Ko\\u0142obrzeg, accommodation\",\"description\":\"Selected apartments for rent on the Polish coast. Accommodation for rent in \\u015awinouj\\u015bcie, Ko\\u0142obrzeg and Mi\\u0119dzyzdroje.\",\"potentialAction\":[{\"@type\":\"SearchAction\",\"target\":\"https:\/\/visito.pl\/?s={search_term_string}\",\"query-input\":\"required name=search_term_string\"}],\"inLanguage\":\"en-US\"},{\"@type\":\"WebPage\",\"@id\":\"https:\/\/visito.pl\/en\/about-company\/#webpage\",\"url\":\"https:\/\/visito.pl\/en\/about-company\/\",\"name\":\"About company - Apartments for rent by the sea. \\u015awinouj\\u015bcie, Mi\\u0119dzyzdroje, Ko\\u0142obrzeg, accommodation\",\"isPartOf\":{\"@id\":\"https:\/\/visito.pl\/#website\"},\"datePublished\":\"2021-01-22T13:57:37+00:00\",\"dateModified\":\"2025-04-23T13:53:46+00:00\",\"description\":\"Visito - get to know our company. The best apartments for rent by the sea. Professional service.\",\"inLanguage\":\"en-US\",\"potentialAction\":[{\"@type\":\"ReadAction\",\"target\":[\"https:\/\/visito.pl\/en\/about-company\/\"]}]}]}<\/script>\n<!-- \/ Yoast SEO plugin. -->","acf":[],"_links":{"self":[{"href":"https:\/\/visito.pl\/en\/wp-json\/wp\/v2\/pages\/9471"}],"collection":[{"href":"https:\/\/visito.pl\/en\/wp-json\/wp\/v2\/pages"}],"about":[{"href":"https:\/\/visito.pl\/en\/wp-json\/wp\/v2\/types\/page"}],"author":[{"embeddable":true,"href":"https:\/\/visito.pl\/en\/wp-json\/wp\/v2\/users\/2"}],"replies":[{"embeddable":true,"href":"https:\/\/visito.pl\/en\/wp-json\/wp\/v2\/comments?post=9471"}],"version-history":[{"count":14,"href":"https:\/\/visito.pl\/en\/wp-json\/wp\/v2\/pages\/9471\/revisions"}],"predecessor-version":[{"id":14959,"href":"https:\/\/visito.pl\/en\/wp-json\/wp\/v2\/pages\/9471\/revisions\/14959"}],"wp:attachment":[{"href":"https:\/\/visito.pl\/en\/wp-json\/wp\/v2\/media?parent=9471"}],"curies":[{"name":"wp","href":"https:\/\/api.w.org\/{rel}","templated":true}]}}