{"id":9466,"date":"2021-01-10T11:20:22","date_gmt":"2021-01-10T10:20:22","guid":{"rendered":"https:\/\/3.67.226.251\/career\/"},"modified":"2022-03-08T14:52:27","modified_gmt":"2022-03-08T13:52:27","slug":"career","status":"publish","type":"page","link":"https:\/\/visito.pl\/en\/career\/","title":{"rendered":"Career"},"content":{"rendered":"<section class=\"hero-page career-hero\" style=\"background-image: url('https:\/\/visito.pl\/wp-content\/uploads\/2021\/01\/career-banner.jpg');\">\n  <div class=\"container\">\n    <div class=\"hero-page__wrapper\">\n      <h1 class=\"hero-page__title\">Recruitment<\/h1>\n      <p class=\"hero-page__text\">\n        join us      <\/p>\n    <\/div>\n  <\/div>\n<\/section><section class=\"career-bonuses\">\n  <div class=\"container\">\n    <div class=\"section-header\">\n      <h2 class=\"section-title\">\n        Start your career at visito.pl\n      <\/h2>\n      <p class=\"section-text\">\n        Our task is to ensure a great rest for our guests. We work to make them spend an unforgettable time in our apartments. We believe that success is the result of cooperation and determination of the entire team in which \neach plays their own irreplaceable role. Therefore, no one comes to us by accident.\nWe adhere to startup work culture and focus on a relaxed atmosphere. Each day is an adventure full of new and interesting experiences for us.\n<p><b>Check out our current job offers below. Perhaps we are looking for you?\nIf you think that you are a part of our team, but the website does not offer an offer for your specialization, please do not hesitate to send us your CV.<\/b>      <\/p>\n    <\/div>\n  <\/div>\n  <div class=\"mosaic\">\n\n    <div class=\"image image--small first\">\n      <img src=\"https:\/\/visito.pl\/wp-content\/uploads\/2021\/01\/mosaic-1-e1611962330606.jpg\" alt=\"\">\n    <\/div>\n    <div class=\"image image--large second\">\n      <img src=\"https:\/\/visito.pl\/wp-content\/uploads\/2021\/01\/mosaic-2.jpg\" alt=\"\">\n    <\/div>\n    <div class=\"image image--right third\">\n      <img src=\"https:\/\/visito.pl\/wp-content\/uploads\/2021\/01\/mosaic-3.jpg\" alt=\"\">\n    <\/div>\n    <div class=\"image image--small fourth\">\n      <img src=\"https:\/\/visito.pl\/wp-content\/uploads\/2021\/01\/mosaic-4.jpg\" alt=\"\">\n    <\/div>\n    <div class=\"image image--small fifth\">\n      <img src=\"https:\/\/visito.pl\/wp-content\/uploads\/2021\/01\/mosaic-5.jpg\" alt=\"\">\n    <\/div>\n    <div class=\"image image--small sixth\">\n      <img src=\"https:\/\/visito.pl\/wp-content\/uploads\/2021\/01\/mosaic-6.jpg\" alt=\"\">\n    <\/div>\n\n  <\/div>\n  <div class=\"container\">\n    <div class=\"advantages\">\n            <div class=\"advantage__item\">\n        <div class=\"icon\">\n          <img src=\"https:\/\/visito.pl\/wp-content\/uploads\/2021\/01\/star.svg\" alt=\"\" \/>\n        <\/div>\n        <div class=\"label\">\n          Safe place <br>\nemployments        <\/div>\n      <\/div>\n            <div class=\"advantage__item\">\n        <div class=\"icon\">\n          <img src=\"https:\/\/visito.pl\/wp-content\/uploads\/2021\/01\/currency.svg\" alt=\"\" \/>\n        <\/div>\n        <div class=\"label\">\n          Flexible <br>\nWorking time        <\/div>\n      <\/div>\n            <div class=\"advantage__item\">\n        <div class=\"icon\">\n          <img src=\"https:\/\/visito.pl\/wp-content\/uploads\/2021\/01\/smile.svg\" alt=\"\" \/>\n        <\/div>\n        <div class=\"label\">\n          A friendly<br>\natmosphere        <\/div>\n      <\/div>\n            <div class=\"advantage__item\">\n        <div class=\"icon\">\n          <img src=\"https:\/\/visito.pl\/wp-content\/uploads\/2021\/01\/dynamic.svg\" alt=\"\" \/>\n        <\/div>\n        <div class=\"label\">\n          Dynamic development<br>\ncompanies        <\/div>\n      <\/div>\n            <div class=\"advantage__item\">\n        <div class=\"icon\">\n          <img src=\"https:\/\/visito.pl\/wp-content\/uploads\/2021\/01\/medal.svg\" alt=\"\" \/>\n        <\/div>\n        <div class=\"label\">\n          Training and development <br>\nskills        <\/div>\n      <\/div>\n            <div class=\"advantage__item\">\n        <div class=\"icon\">\n          <img src=\"https:\/\/visito.pl\/wp-content\/uploads\/2021\/01\/card-favorite.svg\" alt=\"\" \/>\n        <\/div>\n        <div class=\"label\">\n          Competitive <br>\nsalary and bonuses        <\/div>\n      <\/div>\n          <\/div>\n<\/section><section class=\"join-us\">\n  <div class=\"container\">\n    <h1 class=\"join-us__title\">\n      Join us \ud83d\ude42    <\/h1>\n\n    <div class=\"join-us__person person\">\n      <div class=\"person__avatar\">\n        <img src=\"https:\/\/visito.pl\/wp-content\/uploads\/2021\/02\/emila-visito-160x160.jpg\" alt=\"\">\n      <\/div>\n      <div class=\"person__info\">\n        <div class=\"person__name\">\n                  <\/div>\n        <div class=\"person__details\">\n          <br \/>\n          tel. +48 501 64 44 88        <\/div>\n      <\/div>\n      <div class=\"person__button\">\n        Apply: kariera@visito.pl      <\/div>\n    <\/div>\n  <\/div>\n<\/section><section class=\"job-offers\">\n  <div class=\"container\">\n    <div class=\"section-header\">\n      <h1 class=\"section-title\">\n              <\/h1>\n    <\/div>\n    <ul class=\"job-offers__list\">\n      \n    <\/ul>\n  <\/div>\n<\/section>","protected":false},"excerpt":{"rendered":"","protected":false},"author":1,"featured_media":0,"parent":0,"menu_order":0,"comment_status":"closed","ping_status":"closed","template":"","meta":[],"yoast_head":"<!-- This site is optimized with the Yoast SEO plugin v15.6.2 - https:\/\/yoast.com\/wordpress\/plugins\/seo\/ -->\n<title>Career - Apartments for rent by the sea. \u015awinouj\u015bcie, Mi\u0119dzyzdroje, Ko\u0142obrzeg, accommodation<\/title>\n<meta name=\"robots\" content=\"index, follow, max-snippet:-1, max-image-preview:large, max-video-preview:-1\" \/>\n<link rel=\"canonical\" href=\"https:\/\/visito.pl\/en\/career\/\" \/>\n<meta property=\"og:locale\" content=\"en_US\" \/>\n<meta property=\"og:type\" content=\"article\" \/>\n<meta property=\"og:title\" content=\"Career - Apartments for rent by the sea. \u015awinouj\u015bcie, Mi\u0119dzyzdroje, Ko\u0142obrzeg, accommodation\" \/>\n<meta property=\"og:url\" content=\"https:\/\/visito.pl\/en\/career\/\" \/>\n<meta property=\"og:site_name\" content=\"Apartments for rent by the sea. \u015awinouj\u015bcie, Mi\u0119dzyzdroje, Ko\u0142obrzeg, accommodation\" \/>\n<meta property=\"article:modified_time\" content=\"2022-03-08T13:52:27+00:00\" \/>\n<meta name=\"twitter:card\" content=\"summary_large_image\" \/>\n<script type=\"application\/ld+json\" class=\"yoast-schema-graph\">{\"@context\":\"https:\/\/schema.org\",\"@graph\":[{\"@type\":\"WebSite\",\"@id\":\"https:\/\/visito.pl\/#website\",\"url\":\"https:\/\/visito.pl\/\",\"name\":\"Apartments for rent by the sea. \\u015awinouj\\u015bcie, Mi\\u0119dzyzdroje, Ko\\u0142obrzeg, accommodation\",\"description\":\"Selected apartments for rent on the Polish coast. Accommodation for rent in \\u015awinouj\\u015bcie, Ko\\u0142obrzeg and Mi\\u0119dzyzdroje.\",\"potentialAction\":[{\"@type\":\"SearchAction\",\"target\":\"https:\/\/visito.pl\/?s={search_term_string}\",\"query-input\":\"required name=search_term_string\"}],\"inLanguage\":\"en-US\"},{\"@type\":\"WebPage\",\"@id\":\"https:\/\/visito.pl\/en\/career\/#webpage\",\"url\":\"https:\/\/visito.pl\/en\/career\/\",\"name\":\"Career - Apartments for rent by the sea. \\u015awinouj\\u015bcie, Mi\\u0119dzyzdroje, Ko\\u0142obrzeg, accommodation\",\"isPartOf\":{\"@id\":\"https:\/\/visito.pl\/#website\"},\"datePublished\":\"2021-01-10T10:20:22+00:00\",\"dateModified\":\"2022-03-08T13:52:27+00:00\",\"inLanguage\":\"en-US\",\"potentialAction\":[{\"@type\":\"ReadAction\",\"target\":[\"https:\/\/visito.pl\/en\/career\/\"]}]}]}<\/script>\n<!-- \/ Yoast SEO plugin. -->","acf":[],"_links":{"self":[{"href":"https:\/\/visito.pl\/en\/wp-json\/wp\/v2\/pages\/9466"}],"collection":[{"href":"https:\/\/visito.pl\/en\/wp-json\/wp\/v2\/pages"}],"about":[{"href":"https:\/\/visito.pl\/en\/wp-json\/wp\/v2\/types\/page"}],"author":[{"embeddable":true,"href":"https:\/\/visito.pl\/en\/wp-json\/wp\/v2\/users\/1"}],"replies":[{"embeddable":true,"href":"https:\/\/visito.pl\/en\/wp-json\/wp\/v2\/comments?post=9466"}],"version-history":[{"count":0,"href":"https:\/\/visito.pl\/en\/wp-json\/wp\/v2\/pages\/9466\/revisions"}],"wp:attachment":[{"href":"https:\/\/visito.pl\/en\/wp-json\/wp\/v2\/media?parent=9466"}],"curies":[{"name":"wp","href":"https:\/\/api.w.org\/{rel}","templated":true}]}}