{"id":9455,"date":"2021-01-09T03:51:07","date_gmt":"2021-01-09T02:51:07","guid":{"rendered":"https:\/\/3.67.226.251\/miedzyzdroje\/"},"modified":"2022-03-21T13:34:47","modified_gmt":"2022-03-21T12:34:47","slug":"miedzyzdroje","status":"publish","type":"page","link":"https:\/\/visito.pl\/en\/miedzyzdroje\/","title":{"rendered":"Miedzyzdroje"},"content":{"rendered":"<section class=\"hero-page\" style=\"background-image: url('https:\/\/visito.pl\/wp-content\/uploads\/2021\/02\/miedzyzdroje-baner.jpg');\">\n  <div class=\"container\">\n    <div class=\"hero-page__wrapper\">\n      <h1 class=\"hero-page__title\">Miedzyzdroje<\/h1>\n      <p class=\"hero-page__text\">\n        Let yourself be enchanted by a town that has already stolen many a tourist&#8217;s heart. Mi\u0119dzyzdroje &#8211; a resort town with countless landscape, entertainment and cultural attractions.      <\/p>\n    <\/div>\n  <\/div>\n<\/section>\n\n<section class=\"know\">\n  <div class=\"container\">\n    <div class=\"section-header\">\n      <h1 class=\"section-title\">\n        Get to know the unique Mi\u0119dzyzdroje      <\/h1>\n      <p class=\"section-text\">\n        A beautiful pier and marina. Tens of kilometers of picturesque walking and cycling routes in the wild terrain of the Moraine of the leading Wolin National Park. Spa microclimate, clean beaches and picturesque cliffs. This is Mi\u0119dzyzdroje &#8211; a real pearl of the Baltic Sea coast.      <\/p>\n    <\/div>\n    <div class=\"know__image\">\n      <img src=\"https:\/\/visito.pl\/wp-content\/uploads\/2021\/02\/miedzyzdroje-panorama.jpg\" \/>\n    <\/div>\n  <\/div>\n<\/section>\n\n   <div class=\"city-text\">\n   <div class=\"container\">\n     <div class=\"city-text-description\">\n\n       <div class=\"image\">\n         <img src=\"https:\/\/visito.pl\/wp-content\/uploads\/2021\/02\/miedzyzdroje-plaza-514x436.jpg\" alt=\"\">\n       <\/div>\n\n       <div class=\"text\">\n         <h2 class=\"city-text-description__title\">\n           The only such landscape sea park on the Baltic Sea. The captivating beauty of the beaches, cliffs, hills and moraine lakes.          <\/h2>\n         <div class=\"city-text-description__text\">\n           <p class=\"p1\">The Wolin National Park is an exceptionally diverse place. A combination of sandy beaches with very clean and fine sand. Numerous hills and moraine cliffs, majestically separating the sea from the rest of the city and the tourist hustle and bustle, with elevations up to 100 m above sea level Many charming viewpoints, incl. <b>G\u00f3ra Gosa\u0144, Kawcza G\u00f3ra<\/b> or <b>Piaskowa G\u00f3ra<\/b> . Turquoise waters of lakes and ponds deep in the Wolin forest. The whole is interspersed with hiking and biking trails of various difficulty levels and lengths.<span class=\"Apple-converted-space\"> <\/span><\/p>\n         <\/div>\n       <\/div>\n     <\/div>\n   <\/div>\n <\/div>\n\n<section class=\"facts\">\n  <div class=\"container\">\n    <div class=\"facts__wrapper\">\n      <div class=\"section-header\">\n        <h1 class=\"section-title\">\n          The most important facts        <\/h1>\n      <\/div>\n      <div class=\"facts__row\">\n                <div class=\"facts__item\">\n          <div class=\"icon\">\n            <img src=\"https:\/\/visito.pl\/wp-content\/uploads\/2021\/01\/bicycle.svg\" alt=\"\">\n          <\/div>\n          <div class=\"label\">\n            Sandy beach and pier          <\/div>\n        <\/div>\n                <div class=\"facts__item\">\n          <div class=\"icon\">\n            <img src=\"https:\/\/visito.pl\/wp-content\/uploads\/2021\/01\/restaurants.svg\" alt=\"\">\n          <\/div>\n          <div class=\"label\">\n            Cliffs and viewpoints           <\/div>\n        <\/div>\n                <div class=\"facts__item\">\n          <div class=\"icon\">\n            <img src=\"https:\/\/visito.pl\/wp-content\/uploads\/2021\/01\/marine.svg\" alt=\"\">\n          <\/div>\n          <div class=\"label\">\n            Sandy beach and pier          <\/div>\n        <\/div>\n                <div class=\"facts__item\">\n          <div class=\"icon\">\n            <img src=\"https:\/\/visito.pl\/wp-content\/uploads\/2021\/01\/uzdrowisko.svg\" alt=\"\">\n          <\/div>\n          <div class=\"label\">\n            Wolin National Park           <\/div>\n        <\/div>\n                <div class=\"facts__item\">\n          <div class=\"icon\">\n            <img src=\"https:\/\/visito.pl\/wp-content\/uploads\/2021\/01\/building.svg\" alt=\"\">\n          <\/div>\n          <div class=\"label\">\n            Promenade i <br> Festival of Stars          <\/div>\n        <\/div>\n                <div class=\"facts__item\">\n          <div class=\"icon\">\n            <img src=\"https:\/\/visito.pl\/wp-content\/uploads\/2021\/01\/boat.svg\" alt=\"\">\n          <\/div>\n          <div class=\"label\">\n            Numerous attractions <br> for children           <\/div>\n        <\/div>\n                <div class=\"facts__item\">\n          <div class=\"icon\">\n            <img src=\"https:\/\/visito.pl\/wp-content\/uploads\/2021\/01\/airplane.svg\" alt=\"\">\n          <\/div>\n          <div class=\"label\">\n            Oceanarium          <\/div>\n        <\/div>\n              <\/div>\n    <\/div>\n  <\/div>\n<\/section>\n\n   <div class=\"city-descriptions\">\n   <div class=\"container\">\n          <div class=\"description\">\n       <div class=\"image\">\n         <img src=\"https:\/\/visito.pl\/wp-content\/uploads\/2021\/02\/rower-miedzyzdroje-514x436.jpg\" alt=\"\">\n       <\/div>\n       <div class=\"text\">\n         <h2 class=\"description__title\">Mi\u0119dzyzdroje &#8211; the Polish Capital of Culture, Art, Film and Music Stars. <\/h2>\n         <div class=\"description__text\">\n           <p class=\"p1\">It&#8217;s a place where your favorite stars are at your fingertips! The city is famous all over Poland, but also in Europe, for <b>the Festival of Stars,<\/b> which has been organized here for almost 30 years. The festival takes place in the summer season, usually in July. Nowhere else can you meet so many famous stars of show business and the stage, resting on the Polish seaside during their holidays, as in Mi\u0119dzyzdroje. The event is accompanied by numerous attractions &#8211; concerts, performances, artistic shows and cabarets, as well as the impressions of hands by artists on commemorative plates on the <b>Promenade of Stars.<\/b><span class=\"Apple-converted-space\"> <\/span><\/p>\n         <\/div>\n       <\/div>\n     <\/div>\n          <div class=\"description\">\n       <div class=\"image\">\n         <img src=\"https:\/\/visito.pl\/wp-content\/uploads\/2021\/02\/miedzyzdroje-trawnik-514x436.jpg\" alt=\"\">\n       <\/div>\n       <div class=\"text\">\n         <h2 class=\"description__title\">Mi\u0119dzyzdroje is a city ideal for holidays for the whole family. <\/h2>\n         <div class=\"description__text\">\n           <p class=\"p1\"><b>It is impossible to list all the attractions for children &#8211; attractions for children and youth<\/b> in Mi\u0119dzyzdroje are dozens of unique and unforgettable places and experiences that will delight entire families. It is worth mentioning one of the largest <b>Oceanarium in Poland, the Batycki Park of Miniatures, the Cabinet of Wax Figures<\/b> and the Rope Park <b>.<\/b> To attractions and<span class=\"Apple-converted-space\">  <\/span>places closely related to nature and getting to know flora and fauna &#8211; you should include and visit <b>the Butterfly House, the Parrot House,<\/b> as <b>well as the Nature Museum<\/b> and <b>the Bison Demonstration Farm<\/b> in the Wolin National Park.<span class=\"Apple-converted-space\"> <\/span><\/p>\n         <\/div>\n       <\/div>\n     <\/div>\n     \n   <\/div>\n <\/div>\n\n<section class=\"offer offer-home other-apartments\">\n  <div class=\"container\">\n    <div class=\"section-header\">\n\n      <div class=\"section-header__title\">\n        <h2 class=\"section-title\">\n          See available apartments in Mi\u0119dzyzdroje        <\/h2>\n      <\/div>\n\n    <\/div>\n\n    <div class=\"offer-list offer-list__large\">\n\n\n      \n    <\/div>\n\t      <div class=\"offer-list__action\" style=\"display: block; text-align: center\">\n      <a href=\"\/en\/miedzyzdroje\/\" class=\"button button--ghost\">See all apartments<\/a>\n    <\/div>\n\t    <\/div>\n\n<\/section>","protected":false},"excerpt":{"rendered":"","protected":false},"author":2,"featured_media":0,"parent":0,"menu_order":0,"comment_status":"closed","ping_status":"closed","template":"","meta":[],"yoast_head":"<!-- This site is optimized with the Yoast SEO plugin v15.6.2 - https:\/\/yoast.com\/wordpress\/plugins\/seo\/ -->\n<title>Miedzyzdroje - Apartments for rent by the sea. \u015awinouj\u015bcie, Mi\u0119dzyzdroje, Ko\u0142obrzeg, accommodation<\/title>\n<meta name=\"robots\" content=\"index, follow, max-snippet:-1, max-image-preview:large, max-video-preview:-1\" \/>\n<link rel=\"canonical\" href=\"https:\/\/visito.pl\/en\/miedzyzdroje\/\" \/>\n<meta property=\"og:locale\" content=\"en_US\" \/>\n<meta property=\"og:type\" content=\"article\" \/>\n<meta property=\"og:title\" content=\"Miedzyzdroje - Apartments for rent by the sea. \u015awinouj\u015bcie, Mi\u0119dzyzdroje, Ko\u0142obrzeg, accommodation\" \/>\n<meta property=\"og:url\" content=\"https:\/\/visito.pl\/en\/miedzyzdroje\/\" \/>\n<meta property=\"og:site_name\" content=\"Apartments for rent by the sea. \u015awinouj\u015bcie, Mi\u0119dzyzdroje, Ko\u0142obrzeg, accommodation\" \/>\n<meta property=\"article:modified_time\" content=\"2022-03-21T12:34:47+00:00\" \/>\n<meta name=\"twitter:card\" content=\"summary_large_image\" \/>\n<script type=\"application\/ld+json\" class=\"yoast-schema-graph\">{\"@context\":\"https:\/\/schema.org\",\"@graph\":[{\"@type\":\"WebSite\",\"@id\":\"https:\/\/visito.pl\/#website\",\"url\":\"https:\/\/visito.pl\/\",\"name\":\"Apartments for rent by the sea. \\u015awinouj\\u015bcie, Mi\\u0119dzyzdroje, Ko\\u0142obrzeg, accommodation\",\"description\":\"Selected apartments for rent on the Polish coast. Accommodation for rent in \\u015awinouj\\u015bcie, Ko\\u0142obrzeg and Mi\\u0119dzyzdroje.\",\"potentialAction\":[{\"@type\":\"SearchAction\",\"target\":\"https:\/\/visito.pl\/?s={search_term_string}\",\"query-input\":\"required name=search_term_string\"}],\"inLanguage\":\"en-US\"},{\"@type\":\"WebPage\",\"@id\":\"https:\/\/visito.pl\/en\/miedzyzdroje\/#webpage\",\"url\":\"https:\/\/visito.pl\/en\/miedzyzdroje\/\",\"name\":\"Miedzyzdroje - Apartments for rent by the sea. \\u015awinouj\\u015bcie, Mi\\u0119dzyzdroje, Ko\\u0142obrzeg, accommodation\",\"isPartOf\":{\"@id\":\"https:\/\/visito.pl\/#website\"},\"datePublished\":\"2021-01-09T02:51:07+00:00\",\"dateModified\":\"2022-03-21T12:34:47+00:00\",\"inLanguage\":\"en-US\",\"potentialAction\":[{\"@type\":\"ReadAction\",\"target\":[\"https:\/\/visito.pl\/en\/miedzyzdroje\/\"]}]}]}<\/script>\n<!-- \/ Yoast SEO plugin. -->","acf":[],"_links":{"self":[{"href":"https:\/\/visito.pl\/en\/wp-json\/wp\/v2\/pages\/9455"}],"collection":[{"href":"https:\/\/visito.pl\/en\/wp-json\/wp\/v2\/pages"}],"about":[{"href":"https:\/\/visito.pl\/en\/wp-json\/wp\/v2\/types\/page"}],"author":[{"embeddable":true,"href":"https:\/\/visito.pl\/en\/wp-json\/wp\/v2\/users\/2"}],"replies":[{"embeddable":true,"href":"https:\/\/visito.pl\/en\/wp-json\/wp\/v2\/comments?post=9455"}],"version-history":[{"count":0,"href":"https:\/\/visito.pl\/en\/wp-json\/wp\/v2\/pages\/9455\/revisions"}],"wp:attachment":[{"href":"https:\/\/visito.pl\/en\/wp-json\/wp\/v2\/media?parent=9455"}],"curies":[{"name":"wp","href":"https:\/\/api.w.org\/{rel}","templated":true}]}}