{"id":9449,"date":"2021-01-09T03:51:07","date_gmt":"2021-01-09T02:51:07","guid":{"rendered":"https:\/\/3.67.226.251\/swinoujscie\/"},"modified":"2022-03-21T13:35:00","modified_gmt":"2022-03-21T12:35:00","slug":"swinoujscie","status":"publish","type":"page","link":"https:\/\/visito.pl\/en\/swinoujscie\/","title":{"rendered":"Swinoujscie"},"content":{"rendered":"<section class=\"hero-page\" style=\"background-image: url('https:\/\/visito.pl\/wp-content\/uploads\/2021\/02\/visito-swinoujscie-baner.jpg');\">\n  <div class=\"container\">\n    <div class=\"hero-page__wrapper\">\n      <h1 class=\"hero-page__title\">Swinoujscie<\/h1>\n      <p class=\"hero-page__text\">\n        A health resort and one of the most popular holiday destinations in our country. Every year it attracts thousands of tourists, both from Poland and abroad. \u015awinouj\u015bcie &#8211; here history is combined with the present, and nature with entertainment, creating unique compositions.      <\/p>\n    <\/div>\n  <\/div>\n<\/section>\n\n<section class=\"know\">\n  <div class=\"container\">\n    <div class=\"section-header\">\n      <h1 class=\"section-title\">\n        Get to know the unique \u015awinouj\u015bcie      <\/h1>\n      <p class=\"section-text\">\n        A city unusual in the scale of the entire country, located on 44 islands, including the two largest in Poland &#8211; Wolin and Uznam. Tourist, cultural and economic center, as well as a naval base. More than 10 kilometers of coast and beaches, absolutely clean and safe. One thing is for sure, holidays in \u015awinouj\u015bcie, I cannot get bored.      <\/p>\n    <\/div>\n    <div class=\"know__image\">\n      <img src=\"https:\/\/visito.pl\/wp-content\/uploads\/2021\/02\/swinoujscie-latarnia.jpg\" \/>\n    <\/div>\n  <\/div>\n<\/section>\n\n   <div class=\"city-text\">\n   <div class=\"container\">\n     <div class=\"city-text-description\">\n\n       <div class=\"image\">\n         <img src=\"https:\/\/visito.pl\/wp-content\/uploads\/2021\/02\/swinoujscie-serfer-514x436.jpg\" alt=\"\">\n       <\/div>\n\n       <div class=\"text\">\n         <h2 class=\"city-text-description__title\">\n           City baths and beaches, ideal for families with children, seniors and young people looking for entertainment and relaxation.         <\/h2>\n         <div class=\"city-text-description__text\">\n           <p>In \u015awinouj\u015bcie, we can find two well-prepared city beaches, one located on the Wolin Island (4 km) and the other on the Usedom Island (6 km). It can be safely said that with such a significant length and diversity of the shores of the sea and its vicinity, on the beaches of \u015awinouj\u015bcie, everyone will find something for themselves. You can relax in solitude about the tourist hustle and bustle, you can use the rich entertainment and gastronomic infrastructure, numerous restaurants, bars and cafes. He can also relax with the whole family, thanks to numerous attractions for children and the offer of water equipment rentals.<\/p>\n         <\/div>\n       <\/div>\n     <\/div>\n   <\/div>\n <\/div>\n\n<section class=\"facts\">\n  <div class=\"container\">\n    <div class=\"facts__wrapper\">\n      <div class=\"section-header\">\n        <h1 class=\"section-title\">\n          The most important facts        <\/h1>\n      <\/div>\n      <div class=\"facts__row\">\n                <div class=\"facts__item\">\n          <div class=\"icon\">\n            <img src=\"https:\/\/visito.pl\/wp-content\/uploads\/2021\/01\/bicycle.svg\" alt=\"\">\n          <\/div>\n          <div class=\"label\">\n            44 islands and islets           <\/div>\n        <\/div>\n                <div class=\"facts__item\">\n          <div class=\"icon\">\n            <img src=\"https:\/\/visito.pl\/wp-content\/uploads\/2021\/01\/restaurants.svg\" alt=\"\">\n          <\/div>\n          <div class=\"label\">\n            City beach           <\/div>\n        <\/div>\n                <div class=\"facts__item\">\n          <div class=\"icon\">\n            <img src=\"https:\/\/visito.pl\/wp-content\/uploads\/2021\/01\/marine.svg\" alt=\"\">\n          <\/div>\n          <div class=\"label\">\n            Breakwaters           <\/div>\n        <\/div>\n                <div class=\"facts__item\">\n          <div class=\"icon\">\n            <img src=\"https:\/\/visito.pl\/wp-content\/uploads\/2021\/01\/uzdrowisko.svg\" alt=\"\">\n          <\/div>\n          <div class=\"label\">\n            The fame of the Mills           <\/div>\n        <\/div>\n                <div class=\"facts__item\">\n          <div class=\"icon\">\n            <img src=\"https:\/\/visito.pl\/wp-content\/uploads\/2021\/01\/building.svg\" alt=\"\">\n          <\/div>\n          <div class=\"label\">\n            Lighthouse           <\/div>\n        <\/div>\n                <div class=\"facts__item\">\n          <div class=\"icon\">\n            <img src=\"https:\/\/visito.pl\/wp-content\/uploads\/2021\/01\/boat.svg\" alt=\"\">\n          <\/div>\n          <div class=\"label\">\n            Bike trails           <\/div>\n        <\/div>\n                <div class=\"facts__item\">\n          <div class=\"icon\">\n            <img src=\"https:\/\/visito.pl\/wp-content\/uploads\/2021\/01\/airplane.svg\" alt=\"\">\n          <\/div>\n          <div class=\"label\">\n            Sea cruises &#8211; domestic and international           <\/div>\n        <\/div>\n              <\/div>\n    <\/div>\n  <\/div>\n<\/section>\n\n   <div class=\"city-descriptions\">\n   <div class=\"container\">\n          <div class=\"description\">\n       <div class=\"image\">\n         <img src=\"https:\/\/visito.pl\/wp-content\/uploads\/2021\/02\/swinoujscie-sport-514x436.jpg\" alt=\"\">\n       <\/div>\n       <div class=\"text\">\n         <h2 class=\"description__title\">The shores of the Baltic Sea in \u015awinouj\u015bcie are a real sea of attractions.<\/h2>\n         <div class=\"description__text\">\n           <p>Breakwaters and S\u0142awa M\u0142yny, the historic Lighthouse and the Spa Park. It is difficult to describe in a few sentences how diverse places we can visit in \u015awinouj\u015bcie. Starting with the green lungs of the city, i.e. the Spa Park, whose history dates back to the 18th century. Through a world-class monument &#8211; the tallest lighthouse on the Baltic Sea and one of the tallest in the world. A majestic brick structure with a breathtaking view. Finally, the real &#8220;gems&#8221; of the city, the only such breakwaters in Poland. West breakwater, length 350 m, and at the end of which there is the symbol of the city &#8211; S\u0142awa M\u0142yny and the Central Breakwater, the longest facility of this type in Europe with a length of 1,400 m.<\/p>\n         <\/div>\n       <\/div>\n     <\/div>\n          <div class=\"description\">\n       <div class=\"image\">\n         <img src=\"https:\/\/visito.pl\/wp-content\/uploads\/2021\/01\/kolobrzeg-coast-514x436.jpg\" alt=\"\">\n       <\/div>\n       <div class=\"text\">\n         <h2 class=\"description__title\">\u015awinouj\u015bcie is a perfect destination for active people.<\/h2>\n         <div class=\"description__text\">\n           <p>Great conditions for water sports and over 100 km of bicycle paths. The waters of the Baltic Sea surrounding \u015awinouj\u015bcie are exceptionally clean and you will find great conditions for water activities &#8211; windsurfing, kitesurfing or sailing. An additional advantage is the proximity of the Szczecin Lagoon, where the conditions are different, but also favorable. The city and its surroundings are very friendly to cyclists. There are over 100 kilometers of bicycle routes of European quality here. The most interesting are: the trail around the Karsib\u00f3r Island or through \u015awidny Las.<\/p>\n         <\/div>\n       <\/div>\n     <\/div>\n     \n   <\/div>\n <\/div>\n\n<section class=\"offer offer-home other-apartments\">\n  <div class=\"container\">\n    <div class=\"section-header\">\n\n      <div class=\"section-header__title\">\n        <h2 class=\"section-title\">\n          See available apartments in \u015awinouj\u015bcie        <\/h2>\n      <\/div>\n\n    <\/div>\n\n    <div class=\"offer-list offer-list__large\">\n\n\n      \n    <\/div>\n\t      <div class=\"offer-list__action\" style=\"display: block; text-align: center\">\n      <a href=\"\/en\/swinoujscie\/\" class=\"button button--ghost\">See all apartments<\/a>\n    <\/div>\n\t    <\/div>\n\n<\/section>","protected":false},"excerpt":{"rendered":"","protected":false},"author":2,"featured_media":0,"parent":0,"menu_order":0,"comment_status":"closed","ping_status":"closed","template":"","meta":[],"yoast_head":"<!-- This site is optimized with the Yoast SEO plugin v15.6.2 - https:\/\/yoast.com\/wordpress\/plugins\/seo\/ -->\n<title>Swinoujscie - Apartments for rent by the sea. \u015awinouj\u015bcie, Mi\u0119dzyzdroje, Ko\u0142obrzeg, accommodation<\/title>\n<meta name=\"robots\" content=\"index, follow, max-snippet:-1, max-image-preview:large, max-video-preview:-1\" \/>\n<link rel=\"canonical\" href=\"https:\/\/visito.pl\/en\/swinoujscie\/\" \/>\n<meta property=\"og:locale\" content=\"en_US\" \/>\n<meta property=\"og:type\" content=\"article\" \/>\n<meta property=\"og:title\" content=\"Swinoujscie - Apartments for rent by the sea. \u015awinouj\u015bcie, Mi\u0119dzyzdroje, Ko\u0142obrzeg, accommodation\" \/>\n<meta property=\"og:url\" content=\"https:\/\/visito.pl\/en\/swinoujscie\/\" \/>\n<meta property=\"og:site_name\" content=\"Apartments for rent by the sea. \u015awinouj\u015bcie, Mi\u0119dzyzdroje, Ko\u0142obrzeg, accommodation\" \/>\n<meta property=\"article:modified_time\" content=\"2022-03-21T12:35:00+00:00\" \/>\n<meta name=\"twitter:card\" content=\"summary_large_image\" \/>\n<script type=\"application\/ld+json\" class=\"yoast-schema-graph\">{\"@context\":\"https:\/\/schema.org\",\"@graph\":[{\"@type\":\"WebSite\",\"@id\":\"https:\/\/visito.pl\/#website\",\"url\":\"https:\/\/visito.pl\/\",\"name\":\"Apartments for rent by the sea. \\u015awinouj\\u015bcie, Mi\\u0119dzyzdroje, Ko\\u0142obrzeg, accommodation\",\"description\":\"Selected apartments for rent on the Polish coast. Accommodation for rent in \\u015awinouj\\u015bcie, Ko\\u0142obrzeg and Mi\\u0119dzyzdroje.\",\"potentialAction\":[{\"@type\":\"SearchAction\",\"target\":\"https:\/\/visito.pl\/?s={search_term_string}\",\"query-input\":\"required name=search_term_string\"}],\"inLanguage\":\"en-US\"},{\"@type\":\"WebPage\",\"@id\":\"https:\/\/visito.pl\/en\/swinoujscie\/#webpage\",\"url\":\"https:\/\/visito.pl\/en\/swinoujscie\/\",\"name\":\"Swinoujscie - Apartments for rent by the sea. \\u015awinouj\\u015bcie, Mi\\u0119dzyzdroje, Ko\\u0142obrzeg, accommodation\",\"isPartOf\":{\"@id\":\"https:\/\/visito.pl\/#website\"},\"datePublished\":\"2021-01-09T02:51:07+00:00\",\"dateModified\":\"2022-03-21T12:35:00+00:00\",\"inLanguage\":\"en-US\",\"potentialAction\":[{\"@type\":\"ReadAction\",\"target\":[\"https:\/\/visito.pl\/en\/swinoujscie\/\"]}]}]}<\/script>\n<!-- \/ Yoast SEO plugin. -->","acf":[],"_links":{"self":[{"href":"https:\/\/visito.pl\/en\/wp-json\/wp\/v2\/pages\/9449"}],"collection":[{"href":"https:\/\/visito.pl\/en\/wp-json\/wp\/v2\/pages"}],"about":[{"href":"https:\/\/visito.pl\/en\/wp-json\/wp\/v2\/types\/page"}],"author":[{"embeddable":true,"href":"https:\/\/visito.pl\/en\/wp-json\/wp\/v2\/users\/2"}],"replies":[{"embeddable":true,"href":"https:\/\/visito.pl\/en\/wp-json\/wp\/v2\/comments?post=9449"}],"version-history":[{"count":0,"href":"https:\/\/visito.pl\/en\/wp-json\/wp\/v2\/pages\/9449\/revisions"}],"wp:attachment":[{"href":"https:\/\/visito.pl\/en\/wp-json\/wp\/v2\/media?parent=9449"}],"curies":[{"name":"wp","href":"https:\/\/api.w.org\/{rel}","templated":true}]}}