{"id":9444,"date":"2021-01-26T12:40:41","date_gmt":"2021-01-26T11:40:41","guid":{"rendered":"https:\/\/3.67.226.251\/apartments-for-rent-in-kolobrzeg\/"},"modified":"2022-03-21T13:34:24","modified_gmt":"2022-03-21T12:34:24","slug":"apartments-for-rent-in-kolobrzeg","status":"publish","type":"page","link":"https:\/\/visito.pl\/en\/apartments-for-rent-in-kolobrzeg\/","title":{"rendered":"Apartments for rent in Ko\u0142obrzeg"},"content":{"rendered":"","protected":false},"excerpt":{"rendered":"","protected":false},"author":1,"featured_media":0,"parent":0,"menu_order":0,"comment_status":"closed","ping_status":"closed","template":"page-listing.php","meta":[],"yoast_head":"<!-- This site is optimized with the Yoast SEO plugin v15.6.2 - https:\/\/yoast.com\/wordpress\/plugins\/seo\/ -->\n<title>Ko\u0142obrzeg apartments with a swimming pool for rent<\/title>\n<meta name=\"description\" content=\"Ko\u0142obrzeg apartments for rent with a swimming pool. Accommodation in Ko\u0142obrzeg in Polanki Park, Diva, Closer to the Sea, Olympic Park, Zielone Tarasy.\" \/>\n<meta name=\"robots\" content=\"index, follow, max-snippet:-1, max-image-preview:large, max-video-preview:-1\" \/>\n<link rel=\"canonical\" href=\"https:\/\/visito.pl\/en\/apartments-for-rent-in-kolobrzeg\/\" \/>\n<meta property=\"og:locale\" content=\"en_US\" \/>\n<meta property=\"og:type\" content=\"article\" \/>\n<meta property=\"og:title\" content=\"Ko\u0142obrzeg apartments with a swimming pool for rent\" \/>\n<meta property=\"og:description\" content=\"Ko\u0142obrzeg apartments for rent with a swimming pool. Accommodation in Ko\u0142obrzeg in Polanki Park, Diva, Closer to the Sea, Olympic Park, Zielone Tarasy.\" \/>\n<meta property=\"og:url\" content=\"https:\/\/visito.pl\/en\/apartments-for-rent-in-kolobrzeg\/\" \/>\n<meta property=\"og:site_name\" content=\"Apartments for rent by the sea. \u015awinouj\u015bcie, Mi\u0119dzyzdroje, Ko\u0142obrzeg, accommodation\" \/>\n<meta property=\"article:modified_time\" content=\"2022-03-21T12:34:24+00:00\" \/>\n<meta name=\"twitter:card\" content=\"summary_large_image\" \/>\n<script type=\"application\/ld+json\" class=\"yoast-schema-graph\">{\"@context\":\"https:\/\/schema.org\",\"@graph\":[{\"@type\":\"WebSite\",\"@id\":\"https:\/\/visito.pl\/#website\",\"url\":\"https:\/\/visito.pl\/\",\"name\":\"Apartments for rent by the sea. \\u015awinouj\\u015bcie, Mi\\u0119dzyzdroje, Ko\\u0142obrzeg, accommodation\",\"description\":\"Selected apartments for rent on the Polish coast. Accommodation for rent in \\u015awinouj\\u015bcie, Ko\\u0142obrzeg and Mi\\u0119dzyzdroje.\",\"potentialAction\":[{\"@type\":\"SearchAction\",\"target\":\"https:\/\/visito.pl\/?s={search_term_string}\",\"query-input\":\"required name=search_term_string\"}],\"inLanguage\":\"en-US\"},{\"@type\":\"WebPage\",\"@id\":\"https:\/\/visito.pl\/en\/apartments-for-rent-in-kolobrzeg\/#webpage\",\"url\":\"https:\/\/visito.pl\/en\/apartments-for-rent-in-kolobrzeg\/\",\"name\":\"Ko\\u0142obrzeg apartments with a swimming pool for rent\",\"isPartOf\":{\"@id\":\"https:\/\/visito.pl\/#website\"},\"datePublished\":\"2021-01-26T11:40:41+00:00\",\"dateModified\":\"2022-03-21T12:34:24+00:00\",\"description\":\"Ko\\u0142obrzeg apartments for rent with a swimming pool. Accommodation in Ko\\u0142obrzeg in Polanki Park, Diva, Closer to the Sea, Olympic Park, Zielone Tarasy.\",\"inLanguage\":\"en-US\",\"potentialAction\":[{\"@type\":\"ReadAction\",\"target\":[\"https:\/\/visito.pl\/en\/apartments-for-rent-in-kolobrzeg\/\"]}]}]}<\/script>\n<!-- \/ Yoast SEO plugin. -->","acf":[],"_links":{"self":[{"href":"https:\/\/visito.pl\/en\/wp-json\/wp\/v2\/pages\/9444"}],"collection":[{"href":"https:\/\/visito.pl\/en\/wp-json\/wp\/v2\/pages"}],"about":[{"href":"https:\/\/visito.pl\/en\/wp-json\/wp\/v2\/types\/page"}],"author":[{"embeddable":true,"href":"https:\/\/visito.pl\/en\/wp-json\/wp\/v2\/users\/1"}],"replies":[{"embeddable":true,"href":"https:\/\/visito.pl\/en\/wp-json\/wp\/v2\/comments?post=9444"}],"version-history":[{"count":0,"href":"https:\/\/visito.pl\/en\/wp-json\/wp\/v2\/pages\/9444\/revisions"}],"wp:attachment":[{"href":"https:\/\/visito.pl\/en\/wp-json\/wp\/v2\/media?parent=9444"}],"curies":[{"name":"wp","href":"https:\/\/api.w.org\/{rel}","templated":true}]}}