{"id":9439,"date":"2021-01-26T12:47:09","date_gmt":"2021-01-26T11:47:09","guid":{"rendered":"https:\/\/3.67.226.251\/promotion-rules\/"},"modified":"2025-12-02T21:01:02","modified_gmt":"2025-12-02T20:01:02","slug":"promotion-rules","status":"publish","type":"page","link":"https:\/\/visito.pl\/en\/promotion-rules\/","title":{"rendered":"Promotion rules"},"content":{"rendered":"\n<p>DISCOUNTS, PROMOTIONS<\/p>\n\n\n\n<p>1. For the second and subsequent reservations made on the Website, the Guest is entitled to a 10% frequent guest discount off the accommodation rate listed on the Website.<\/p>\n\n\n\n<p>2. The frequent guest discount applies only to the accommodation rate. It does not apply to resort fees, local taxes, cleaning fees, or fees for additional services.\u00a0<\/p>\n\n\n\n<p>3. To receive the discount, use the discount code (received from the Service Provider via email) when making the reservation on the Website or report the discount to a Service Provider employee at the time of booking.\u00a0<\/p>\n\n\n\n<p>4. The discount applies only to reservations made directly on the Website and is not time-limited.\u00a0<\/p>\n\n\n\n<p>5. The frequent guest discount and current promotions cannot be combined.\u00a0<\/p>\n\n\n\n<p><br><\/p>\n","protected":false},"excerpt":{"rendered":"<p>DISCOUNTS, PROMOTIONS 1. For the second and subsequent reservations made on the Website, the Guest is entitled to [&hellip;]<\/p>\n","protected":false},"author":1,"featured_media":0,"parent":0,"menu_order":0,"comment_status":"closed","ping_status":"closed","template":"page-text.php","meta":[],"yoast_head":"<!-- This site is optimized with the Yoast SEO plugin v15.6.2 - https:\/\/yoast.com\/wordpress\/plugins\/seo\/ -->\n<title>Promotion rules - Apartments for rent by the sea. \u015awinouj\u015bcie, Mi\u0119dzyzdroje, Ko\u0142obrzeg, accommodation<\/title>\n<meta name=\"robots\" content=\"index, follow, max-snippet:-1, max-image-preview:large, max-video-preview:-1\" \/>\n<link rel=\"canonical\" href=\"https:\/\/visito.pl\/en\/promotion-rules\/\" \/>\n<meta property=\"og:locale\" content=\"en_US\" \/>\n<meta property=\"og:type\" content=\"article\" \/>\n<meta property=\"og:title\" content=\"Promotion rules - Apartments for rent by the sea. \u015awinouj\u015bcie, Mi\u0119dzyzdroje, Ko\u0142obrzeg, accommodation\" \/>\n<meta property=\"og:description\" content=\"DISCOUNTS, PROMOTIONS 1. For the second and subsequent reservations made on the Website, the Guest is entitled to [&hellip;]\" \/>\n<meta property=\"og:url\" content=\"https:\/\/visito.pl\/en\/promotion-rules\/\" \/>\n<meta property=\"og:site_name\" content=\"Apartments for rent by the sea. \u015awinouj\u015bcie, Mi\u0119dzyzdroje, Ko\u0142obrzeg, accommodation\" \/>\n<meta property=\"article:modified_time\" content=\"2025-12-02T20:01:02+00:00\" \/>\n<meta name=\"twitter:card\" content=\"summary_large_image\" \/>\n<meta name=\"twitter:label1\" content=\"Est. reading time\">\n\t<meta name=\"twitter:data1\" content=\"1 minute\">\n<script type=\"application\/ld+json\" class=\"yoast-schema-graph\">{\"@context\":\"https:\/\/schema.org\",\"@graph\":[{\"@type\":\"WebSite\",\"@id\":\"https:\/\/visito.pl\/#website\",\"url\":\"https:\/\/visito.pl\/\",\"name\":\"Apartments for rent by the sea. \\u015awinouj\\u015bcie, Mi\\u0119dzyzdroje, Ko\\u0142obrzeg, accommodation\",\"description\":\"Selected apartments for rent on the Polish coast. Accommodation for rent in \\u015awinouj\\u015bcie, Ko\\u0142obrzeg and Mi\\u0119dzyzdroje.\",\"potentialAction\":[{\"@type\":\"SearchAction\",\"target\":\"https:\/\/visito.pl\/?s={search_term_string}\",\"query-input\":\"required name=search_term_string\"}],\"inLanguage\":\"en-US\"},{\"@type\":\"WebPage\",\"@id\":\"https:\/\/visito.pl\/en\/promotion-rules\/#webpage\",\"url\":\"https:\/\/visito.pl\/en\/promotion-rules\/\",\"name\":\"Promotion rules - Apartments for rent by the sea. \\u015awinouj\\u015bcie, Mi\\u0119dzyzdroje, Ko\\u0142obrzeg, accommodation\",\"isPartOf\":{\"@id\":\"https:\/\/visito.pl\/#website\"},\"datePublished\":\"2021-01-26T11:47:09+00:00\",\"dateModified\":\"2025-12-02T20:01:02+00:00\",\"inLanguage\":\"en-US\",\"potentialAction\":[{\"@type\":\"ReadAction\",\"target\":[\"https:\/\/visito.pl\/en\/promotion-rules\/\"]}]}]}<\/script>\n<!-- \/ Yoast SEO plugin. -->","acf":[],"_links":{"self":[{"href":"https:\/\/visito.pl\/en\/wp-json\/wp\/v2\/pages\/9439"}],"collection":[{"href":"https:\/\/visito.pl\/en\/wp-json\/wp\/v2\/pages"}],"about":[{"href":"https:\/\/visito.pl\/en\/wp-json\/wp\/v2\/types\/page"}],"author":[{"embeddable":true,"href":"https:\/\/visito.pl\/en\/wp-json\/wp\/v2\/users\/1"}],"replies":[{"embeddable":true,"href":"https:\/\/visito.pl\/en\/wp-json\/wp\/v2\/comments?post=9439"}],"version-history":[{"count":15,"href":"https:\/\/visito.pl\/en\/wp-json\/wp\/v2\/pages\/9439\/revisions"}],"predecessor-version":[{"id":15557,"href":"https:\/\/visito.pl\/en\/wp-json\/wp\/v2\/pages\/9439\/revisions\/15557"}],"wp:attachment":[{"href":"https:\/\/visito.pl\/en\/wp-json\/wp\/v2\/media?parent=9439"}],"curies":[{"name":"wp","href":"https:\/\/api.w.org\/{rel}","templated":true}]}}