{"id":9430,"date":"2021-05-06T10:44:45","date_gmt":"2021-05-06T08:44:45","guid":{"rendered":"https:\/\/3.67.226.251\/list-of-apartments\/"},"modified":"2022-03-08T12:44:20","modified_gmt":"2022-03-08T11:44:20","slug":"list-of-apartments","status":"publish","type":"page","link":"https:\/\/visito.pl\/en\/list-of-apartments\/","title":{"rendered":"List of apartments"},"content":{"rendered":"","protected":false},"excerpt":{"rendered":"","protected":false},"author":2,"featured_media":0,"parent":0,"menu_order":0,"comment_status":"closed","ping_status":"closed","template":"page-seo.php","meta":[],"yoast_head":"<!-- This site is optimized with the Yoast SEO plugin v15.6.2 - https:\/\/yoast.com\/wordpress\/plugins\/seo\/ -->\n<title>List of apartments - Apartments for rent by the sea. \u015awinouj\u015bcie, Mi\u0119dzyzdroje, Ko\u0142obrzeg, accommodation<\/title>\n<meta name=\"description\" content=\"List of apartments for rent at the seaside on Visito.pl offer - Your successful vacation in \u015awinouj\u015bcie, Mi\u0119dzyzdroje, Ko\u0142obrzeg.\" \/>\n<meta name=\"robots\" content=\"index, follow, max-snippet:-1, max-image-preview:large, max-video-preview:-1\" \/>\n<link rel=\"canonical\" href=\"https:\/\/visito.pl\/en\/list-of-apartments\/\" \/>\n<meta property=\"og:locale\" content=\"en_US\" \/>\n<meta property=\"og:type\" content=\"article\" \/>\n<meta property=\"og:title\" content=\"List of apartments - Apartments for rent by the sea. \u015awinouj\u015bcie, Mi\u0119dzyzdroje, Ko\u0142obrzeg, accommodation\" \/>\n<meta property=\"og:description\" content=\"List of apartments for rent at the seaside on Visito.pl offer - Your successful vacation in \u015awinouj\u015bcie, Mi\u0119dzyzdroje, Ko\u0142obrzeg.\" \/>\n<meta property=\"og:url\" content=\"https:\/\/visito.pl\/en\/list-of-apartments\/\" \/>\n<meta property=\"og:site_name\" content=\"Apartments for rent by the sea. \u015awinouj\u015bcie, Mi\u0119dzyzdroje, Ko\u0142obrzeg, accommodation\" \/>\n<meta property=\"article:modified_time\" content=\"2022-03-08T11:44:20+00:00\" \/>\n<meta name=\"twitter:card\" content=\"summary_large_image\" \/>\n<script type=\"application\/ld+json\" class=\"yoast-schema-graph\">{\"@context\":\"https:\/\/schema.org\",\"@graph\":[{\"@type\":\"WebSite\",\"@id\":\"https:\/\/visito.pl\/#website\",\"url\":\"https:\/\/visito.pl\/\",\"name\":\"Apartments for rent by the sea. \\u015awinouj\\u015bcie, Mi\\u0119dzyzdroje, Ko\\u0142obrzeg, accommodation\",\"description\":\"Selected apartments for rent on the Polish coast. Accommodation for rent in \\u015awinouj\\u015bcie, Ko\\u0142obrzeg and Mi\\u0119dzyzdroje.\",\"potentialAction\":[{\"@type\":\"SearchAction\",\"target\":\"https:\/\/visito.pl\/?s={search_term_string}\",\"query-input\":\"required name=search_term_string\"}],\"inLanguage\":\"en-US\"},{\"@type\":\"WebPage\",\"@id\":\"https:\/\/visito.pl\/en\/list-of-apartments\/#webpage\",\"url\":\"https:\/\/visito.pl\/en\/list-of-apartments\/\",\"name\":\"List of apartments - Apartments for rent by the sea. \\u015awinouj\\u015bcie, Mi\\u0119dzyzdroje, Ko\\u0142obrzeg, accommodation\",\"isPartOf\":{\"@id\":\"https:\/\/visito.pl\/#website\"},\"datePublished\":\"2021-05-06T08:44:45+00:00\",\"dateModified\":\"2022-03-08T11:44:20+00:00\",\"description\":\"List of apartments for rent at the seaside on Visito.pl offer - Your successful vacation in \\u015awinouj\\u015bcie, Mi\\u0119dzyzdroje, Ko\\u0142obrzeg.\",\"inLanguage\":\"en-US\",\"potentialAction\":[{\"@type\":\"ReadAction\",\"target\":[\"https:\/\/visito.pl\/en\/list-of-apartments\/\"]}]}]}<\/script>\n<!-- \/ Yoast SEO plugin. -->","acf":[],"_links":{"self":[{"href":"https:\/\/visito.pl\/en\/wp-json\/wp\/v2\/pages\/9430"}],"collection":[{"href":"https:\/\/visito.pl\/en\/wp-json\/wp\/v2\/pages"}],"about":[{"href":"https:\/\/visito.pl\/en\/wp-json\/wp\/v2\/types\/page"}],"author":[{"embeddable":true,"href":"https:\/\/visito.pl\/en\/wp-json\/wp\/v2\/users\/2"}],"replies":[{"embeddable":true,"href":"https:\/\/visito.pl\/en\/wp-json\/wp\/v2\/comments?post=9430"}],"version-history":[{"count":0,"href":"https:\/\/visito.pl\/en\/wp-json\/wp\/v2\/pages\/9430\/revisions"}],"wp:attachment":[{"href":"https:\/\/visito.pl\/en\/wp-json\/wp\/v2\/media?parent=9430"}],"curies":[{"name":"wp","href":"https:\/\/api.w.org\/{rel}","templated":true}]}}