{"id":9425,"date":"2021-01-08T15:44:40","date_gmt":"2021-01-08T14:44:40","guid":{"rendered":"https:\/\/3.67.226.251\/add-an-apartment\/"},"modified":"2023-04-12T13:55:24","modified_gmt":"2023-04-12T11:55:24","slug":"add-an-apartment","status":"publish","type":"page","link":"https:\/\/visito.pl\/en\/add-an-apartment\/","title":{"rendered":"Add an apartment"},"content":{"rendered":"<section class=\"hero-page apartment-hero\" style=\"background-image: url('https:\/\/visito.pl\/wp-content\/uploads\/2021\/02\/dodaj-nieruchomosc2.jpg');\">\n  <div class=\"container\">\n    <div class=\"hero-page__wrapper\">\n      <h1 class=\"hero-page__title\">\n        <div class=\"plus\">\n          <svg width=\"21\" height=\"21\" viewBox=\"0 0 21 21\" fill=\"none\" xmlns=\"http:\/\/www.w3.org\/2000\/svg\">\n            <path d=\"M10.9492 1.93445V19.9672\" stroke=\"white\" stroke-width=\"2\" stroke-miterlimit=\"10\"\n              stroke-linecap=\"round\" stroke-linejoin=\"round\" \/>\n            <path d=\"M19.9664 10.9508H1.93359\" stroke=\"white\" stroke-width=\"2\" stroke-miterlimit=\"10\"\n              stroke-linecap=\"round\" stroke-linejoin=\"round\" \/>\n          <\/svg>\n        <\/div>\n        Add an apartment      <\/h1>\n      <p class=\"hero-page__text\">\n        Cooperate with an experienced one<br> \nrental operator      <\/p>\n    <\/div>\n  <\/div>\n<\/section>\n\n<section class=\"professionals\">\n  <div class=\"container\">\n    <div class=\"section-header\">\n      <h1 class=\"section-title\">\n        Trust the professionals      <\/h1>\n    <\/div>\n    <div class=\"section-menu\">\n      <ul class=\"professionals__menu\">\n                <li>\n          <a href=\"#\" data-name=\"1\" class=\"active\"\n            >Many years of experience <\/a>\n        <\/li>\n                <li>\n          <a href=\"#\" data-name=\"2\" >A wide range of recipients<\/a>\n        <\/li>\n                <li>\n          <a href=\"#\" data-name=\"3\" >IT solutions<\/a>\n        <\/li>\n                <li>\n          <a href=\"#\" data-name=\"4\" >Professional team<\/a>\n        <\/li>\n              <\/ul>\n    <\/div>\n    <div class=\"professionals__wrapper\">\n            <div class=\"professional  active\" data-name=\"1\">\n\n        <div class=\"text\">\n          <h2 class=\"professional__title\">Many years of experience<\/h2>\n          <div class=\"professional__text\">\n            <p>visito.pl is a dedicated booking website with holiday apartments for rent. As an operator, we have been present on the market since 2009. During this time, we have developed an effective model of cooperation with apartment owners on behalf of whom we manage the rental.<\/p>\n<p>We take care of the entrusted apartments as if we are our own, because real estate is our passion. We take care of business relations and nurture them for years. Our activities are aimed at the best possible occupancy and maximization of rental income. We guarantee satisfactory financial results and high quality of services.<\/p>\n          <\/div>\n        <\/div>\n        <div class=\"image\">\n          <img src=\"https:\/\/visito.pl\/wp-content\/uploads\/2021\/01\/professionals-514x436.jpg\" alt=\"\">\n        <\/div>\n      <\/div>\n            <div class=\"professional \" data-name=\"2\">\n\n        <div class=\"text\">\n          <h2 class=\"professional__title\">A wide range of recipients<\/h2>\n          <div class=\"professional__text\">\n            <p>Every customer is important to us. High standards of guest service are our priority. We reach clients both in Poland and abroad, both private and business. We work with many foreign booking portals, thanks to which half of our guests are foreigners &#8211; a group that provides income also after the season.<\/p>\n<p>Our many years of experience as well as proven and effective marketing tools allow us to achieve very good results and above-average occupancy.<\/p>\n          <\/div>\n        <\/div>\n        <div class=\"image\">\n          <img src=\"https:\/\/visito.pl\/wp-content\/uploads\/2021\/03\/odbiorcy-visito-514x436.jpg\" alt=\"\">\n        <\/div>\n      <\/div>\n            <div class=\"professional \" data-name=\"3\">\n\n        <div class=\"text\">\n          <h2 class=\"professional__title\">IT solutions<\/h2>\n          <div class=\"professional__text\">\n            <p>We take care of continuous development. In 2023, we are not slowing down and plan to invest twice as much in innovation as ever. We focus on modern technologies and the development of our own brand. Our booking website visito.pl has a friendly interface adapted to the current UX \/ UI standards and an extensive mobile version.<\/p>\n<p>We have our own &#8220;tailor-made&#8221; online booking system. We constantly invest in various forms of communication, social media marketing, Google Ads campaigns, effective branding, positioning and organic traffic development.<\/p>\n          <\/div>\n        <\/div>\n        <div class=\"image\">\n          <img src=\"https:\/\/visito.pl\/wp-content\/uploads\/2021\/03\/rozwiazania-it-514x436.jpg\" alt=\"\">\n        <\/div>\n      <\/div>\n            <div class=\"professional \" data-name=\"4\">\n\n        <div class=\"text\">\n          <h2 class=\"professional__title\">Professional team<\/h2>\n          <div class=\"professional__text\">\n            <p>Our well-coordinated and motivated team consists of people with extensive experience in the hospitality and IT industries. We speak German, English and Russian. Every day we face various challenges and set ourselves ambitious goals. We try to develop our skills and raise our qualifications.<\/p>\n<p>We do what we like best and we believe that we do it best. We cultivate creativity and good communication in the team, because we know that it translates into the results of our work.<\/p>\n          <\/div>\n        <\/div>\n        <div class=\"image\">\n          <img src=\"https:\/\/visito.pl\/wp-content\/uploads\/2021\/03\/zespol-visito-514x436.jpg\" alt=\"\">\n        <\/div>\n      <\/div>\n      \n\n    <\/div>\n  <\/div>\n<\/section>\n\n<section class=\"join\" style=\"background-image:url('https:\/\/visito.pl\/wp-content\/uploads\/2021\/01\/dolacz-do-visito.jpg');\">\n  <div class=\"container\">\n    <h1 class=\"join__title\">\n      Join over 100 <br>\nsatisfied investors \ud83d\ude42\n    <\/h1>\n  <\/div>\n<\/section>\n\n<section class=\"add-apartment\" style=\"background-image: url('https:\/\/visito.pl\/wp-content\/themes\/visito\/assets\/images\/form-bg.png');\">\n  <div class=\"container\">\n    <div class=\"add-apartment__wrapper\">\n      <div class=\"add-apartment__left\">\n        <div class=\"wrapper\">\n          <h1 class=\"add-apartment__title\">\n            Fill in<br>\nform          <\/h1>\n          <p class=\"add-apartment__text\">\n            Our adviser will contact you<br>\nwith you and introduce you<br>\ncooperation offer           <\/p>\n          <div class=\"wrapper__image\">\n            <img src=\"https:\/\/visito.pl\/wp-content\/themes\/visito\/assets\/images\/arrow-contact.png\" alt=\"\">\n          <\/div>\n        <\/div>\n      <\/div>\n      <div class=\"add-apartment__right\">\n        <div role=\"form\" class=\"wpcf7\" id=\"wpcf7-f12886-o1\" lang=\"en-US\" dir=\"ltr\">\n<div class=\"screen-reader-response\" role=\"alert\" aria-live=\"polite\"><\/div>\n<form action=\"\/en\/wp-json\/wp\/v2\/pages\/9425#wpcf7-f12886-o1\" method=\"post\" class=\"wpcf7-form init\" novalidate=\"novalidate\">\n<div style=\"display: none;\">\n<input type=\"hidden\" name=\"_wpcf7\" value=\"12886\" \/>\n<input type=\"hidden\" name=\"_wpcf7_version\" value=\"5.2.2\" \/>\n<input type=\"hidden\" name=\"_wpcf7_locale\" value=\"en_US\" \/>\n<input type=\"hidden\" name=\"_wpcf7_unit_tag\" value=\"wpcf7-f12886-o1\" \/>\n<input type=\"hidden\" name=\"_wpcf7_container_post\" value=\"0\" \/>\n<input type=\"hidden\" name=\"_wpcf7_posted_data_hash\" value=\"\" \/>\n<\/div>\n<div class=\"form__wrapper\">\n<div class=\"form__row\"><label><span class=\"label\">Your name<\/span> <span class=\"wpcf7-form-control-wrap text-974\"><input type=\"text\" name=\"text-974\" value=\"\" size=\"40\" class=\"wpcf7-form-control wpcf7-text\" aria-invalid=\"false\" placeholder=\"ex. Jan Kowalski\" \/><\/span> <\/label> <\/div>\n<div class=\"form__row\"> <label> <span class=\"label\">E-mail<\/span> <span class=\"wpcf7-form-control-wrap email-428\"><input type=\"email\" name=\"email-428\" value=\"\" size=\"40\" class=\"wpcf7-form-control wpcf7-text wpcf7-email wpcf7-validates-as-email\" aria-invalid=\"false\" placeholder=\"jan@kowalski.pl\" \/><\/span> <\/label> <\/div>\n<div class=\"form__row\"> <label> <span class=\"label\">Phone<\/span> <span class=\"wpcf7-form-control-wrap tel-711\"><input type=\"tel\" name=\"tel-711\" value=\"\" size=\"40\" class=\"wpcf7-form-control wpcf7-text wpcf7-tel wpcf7-validates-as-tel\" aria-invalid=\"false\" placeholder=\"+48 222 111 333\" \/><\/span> <\/label> <\/div>\n<div class=\"form__row\"> <label> <span class=\"label\">City<\/span> <span class=\"wpcf7-form-control-wrap text-990\"><input type=\"text\" name=\"text-990\" value=\"\" size=\"40\" class=\"wpcf7-form-control wpcf7-text\" aria-invalid=\"false\" placeholder=\"City\" \/><\/span> <\/label> <\/div>\n<div class=\"form__row\"> <label> <span class=\"label\">Additional information<\/span> <span class=\"wpcf7-form-control-wrap textarea-81\"><textarea name=\"textarea-81\" cols=\"40\" rows=\"10\" class=\"wpcf7-form-control wpcf7-textarea\" aria-invalid=\"false\" placeholder=\"Your message\"><\/textarea><\/span> <\/label> <\/div>\n<div class=\"form__row\"><span class=\"wpcf7-form-control-wrap acceptance-369\"><span class=\"wpcf7-form-control wpcf7-acceptance\"><span class=\"wpcf7-list-item\"><label><input type=\"checkbox\" name=\"acceptance-369\" value=\"1\" aria-invalid=\"false\" \/><span class=\"wpcf7-list-item-label\">I accept <a href=\"\/polityka-prywatnosci\" target=\"_blank\">privacy policy<\/a><\/span><\/label><\/span><\/span><\/span><\/div>\n<div class=\"form__row\"> <input type=\"submit\" value=\"Wy\u015blij zg\u0142oszenie\" class=\"wpcf7-form-control wpcf7-submit button button--orange\" \/> <\/div>\n<\/div>\n<div class=\"wpcf7-response-output\" role=\"alert\" aria-hidden=\"true\"><\/div><\/form><\/div>      <\/div>\n    <\/div>\n  <\/div>\n<\/section>","protected":false},"excerpt":{"rendered":"","protected":false},"author":1,"featured_media":0,"parent":0,"menu_order":0,"comment_status":"closed","ping_status":"closed","template":"","meta":[],"yoast_head":"<!-- This site is optimized with the Yoast SEO plugin v15.6.2 - https:\/\/yoast.com\/wordpress\/plugins\/seo\/ -->\n<title>Add an apartment - Apartments for rent by the sea. \u015awinouj\u015bcie, Mi\u0119dzyzdroje, Ko\u0142obrzeg, accommodation<\/title>\n<meta name=\"robots\" content=\"index, follow, max-snippet:-1, max-image-preview:large, max-video-preview:-1\" \/>\n<link rel=\"canonical\" href=\"https:\/\/visito.pl\/en\/add-an-apartment\/\" \/>\n<meta property=\"og:locale\" content=\"en_US\" \/>\n<meta property=\"og:type\" content=\"article\" \/>\n<meta property=\"og:title\" content=\"Add an apartment - Apartments for rent by the sea. \u015awinouj\u015bcie, Mi\u0119dzyzdroje, Ko\u0142obrzeg, accommodation\" \/>\n<meta property=\"og:url\" content=\"https:\/\/visito.pl\/en\/add-an-apartment\/\" \/>\n<meta property=\"og:site_name\" content=\"Apartments for rent by the sea. \u015awinouj\u015bcie, Mi\u0119dzyzdroje, Ko\u0142obrzeg, accommodation\" \/>\n<meta property=\"article:modified_time\" content=\"2023-04-12T11:55:24+00:00\" \/>\n<meta name=\"twitter:card\" content=\"summary_large_image\" \/>\n<script type=\"application\/ld+json\" class=\"yoast-schema-graph\">{\"@context\":\"https:\/\/schema.org\",\"@graph\":[{\"@type\":\"WebSite\",\"@id\":\"https:\/\/visito.pl\/#website\",\"url\":\"https:\/\/visito.pl\/\",\"name\":\"Apartments for rent by the sea. \\u015awinouj\\u015bcie, Mi\\u0119dzyzdroje, Ko\\u0142obrzeg, accommodation\",\"description\":\"Selected apartments for rent on the Polish coast. Accommodation for rent in \\u015awinouj\\u015bcie, Ko\\u0142obrzeg and Mi\\u0119dzyzdroje.\",\"potentialAction\":[{\"@type\":\"SearchAction\",\"target\":\"https:\/\/visito.pl\/?s={search_term_string}\",\"query-input\":\"required name=search_term_string\"}],\"inLanguage\":\"en-US\"},{\"@type\":\"WebPage\",\"@id\":\"https:\/\/visito.pl\/en\/add-an-apartment\/#webpage\",\"url\":\"https:\/\/visito.pl\/en\/add-an-apartment\/\",\"name\":\"Add an apartment - Apartments for rent by the sea. \\u015awinouj\\u015bcie, Mi\\u0119dzyzdroje, Ko\\u0142obrzeg, accommodation\",\"isPartOf\":{\"@id\":\"https:\/\/visito.pl\/#website\"},\"datePublished\":\"2021-01-08T14:44:40+00:00\",\"dateModified\":\"2023-04-12T11:55:24+00:00\",\"inLanguage\":\"en-US\",\"potentialAction\":[{\"@type\":\"ReadAction\",\"target\":[\"https:\/\/visito.pl\/en\/add-an-apartment\/\"]}]}]}<\/script>\n<!-- \/ Yoast SEO plugin. -->","acf":[],"_links":{"self":[{"href":"https:\/\/visito.pl\/en\/wp-json\/wp\/v2\/pages\/9425"}],"collection":[{"href":"https:\/\/visito.pl\/en\/wp-json\/wp\/v2\/pages"}],"about":[{"href":"https:\/\/visito.pl\/en\/wp-json\/wp\/v2\/types\/page"}],"author":[{"embeddable":true,"href":"https:\/\/visito.pl\/en\/wp-json\/wp\/v2\/users\/1"}],"replies":[{"embeddable":true,"href":"https:\/\/visito.pl\/en\/wp-json\/wp\/v2\/comments?post=9425"}],"version-history":[{"count":2,"href":"https:\/\/visito.pl\/en\/wp-json\/wp\/v2\/pages\/9425\/revisions"}],"predecessor-version":[{"id":13757,"href":"https:\/\/visito.pl\/en\/wp-json\/wp\/v2\/pages\/9425\/revisions\/13757"}],"wp:attachment":[{"href":"https:\/\/visito.pl\/en\/wp-json\/wp\/v2\/media?parent=9425"}],"curies":[{"name":"wp","href":"https:\/\/api.w.org\/{rel}","templated":true}]}}