{"id":9423,"date":"2021-06-25T16:45:00","date_gmt":"2021-06-25T14:45:00","guid":{"rendered":"https:\/\/3.67.226.251\/accommodation-by-the-sea-in-swinoujscie\/"},"modified":"2022-03-21T13:34:20","modified_gmt":"2022-03-21T12:34:20","slug":"accommodation-by-the-sea-in-swinoujscie","status":"publish","type":"page","link":"https:\/\/visito.pl\/en\/accommodation-by-the-sea-in-swinoujscie\/","title":{"rendered":"Accommodation by the sea in \u015awinouj\u015bcie"},"content":{"rendered":"","protected":false},"excerpt":{"rendered":"","protected":false},"author":2,"featured_media":0,"parent":0,"menu_order":0,"comment_status":"closed","ping_status":"closed","template":"page-listing.php","meta":[],"yoast_head":"<!-- This site is optimized with the Yoast SEO plugin v15.6.2 - https:\/\/yoast.com\/wordpress\/plugins\/seo\/ -->\n<title>Accommodation by the sea in \u015awinouj\u015bcie - Apartments for rent by the sea. \u015awinouj\u015bcie, Mi\u0119dzyzdroje, Ko\u0142obrzeg, accommodation<\/title>\n<meta name=\"description\" content=\"Accommodation in \u015awinouj\u015bcie in apartments - rental of comfortable accommodation in \u015awinouj\u015bcie. Accommodation overlooking the sea.\" \/>\n<meta name=\"robots\" content=\"index, follow, max-snippet:-1, max-image-preview:large, max-video-preview:-1\" \/>\n<link rel=\"canonical\" href=\"https:\/\/visito.pl\/en\/accommodation-by-the-sea-in-swinoujscie\/\" \/>\n<meta property=\"og:locale\" content=\"en_US\" \/>\n<meta property=\"og:type\" content=\"article\" \/>\n<meta property=\"og:title\" content=\"Accommodation by the sea in \u015awinouj\u015bcie - Apartments for rent by the sea. \u015awinouj\u015bcie, Mi\u0119dzyzdroje, Ko\u0142obrzeg, accommodation\" \/>\n<meta property=\"og:description\" content=\"Accommodation in \u015awinouj\u015bcie in apartments - rental of comfortable accommodation in \u015awinouj\u015bcie. Accommodation overlooking the sea.\" \/>\n<meta property=\"og:url\" content=\"https:\/\/visito.pl\/en\/accommodation-by-the-sea-in-swinoujscie\/\" \/>\n<meta property=\"og:site_name\" content=\"Apartments for rent by the sea. \u015awinouj\u015bcie, Mi\u0119dzyzdroje, Ko\u0142obrzeg, accommodation\" \/>\n<meta property=\"article:modified_time\" content=\"2022-03-21T12:34:20+00:00\" \/>\n<meta name=\"twitter:card\" content=\"summary_large_image\" \/>\n<script type=\"application\/ld+json\" class=\"yoast-schema-graph\">{\"@context\":\"https:\/\/schema.org\",\"@graph\":[{\"@type\":\"WebSite\",\"@id\":\"https:\/\/visito.pl\/#website\",\"url\":\"https:\/\/visito.pl\/\",\"name\":\"Apartments for rent by the sea. \\u015awinouj\\u015bcie, Mi\\u0119dzyzdroje, Ko\\u0142obrzeg, accommodation\",\"description\":\"Selected apartments for rent on the Polish coast. Accommodation for rent in \\u015awinouj\\u015bcie, Ko\\u0142obrzeg and Mi\\u0119dzyzdroje.\",\"potentialAction\":[{\"@type\":\"SearchAction\",\"target\":\"https:\/\/visito.pl\/?s={search_term_string}\",\"query-input\":\"required name=search_term_string\"}],\"inLanguage\":\"en-US\"},{\"@type\":\"WebPage\",\"@id\":\"https:\/\/visito.pl\/en\/accommodation-by-the-sea-in-swinoujscie\/#webpage\",\"url\":\"https:\/\/visito.pl\/en\/accommodation-by-the-sea-in-swinoujscie\/\",\"name\":\"Accommodation by the sea in \\u015awinouj\\u015bcie - Apartments for rent by the sea. \\u015awinouj\\u015bcie, Mi\\u0119dzyzdroje, Ko\\u0142obrzeg, accommodation\",\"isPartOf\":{\"@id\":\"https:\/\/visito.pl\/#website\"},\"datePublished\":\"2021-06-25T14:45:00+00:00\",\"dateModified\":\"2022-03-21T12:34:20+00:00\",\"description\":\"Accommodation in \\u015awinouj\\u015bcie in apartments - rental of comfortable accommodation in \\u015awinouj\\u015bcie. Accommodation overlooking the sea.\",\"inLanguage\":\"en-US\",\"potentialAction\":[{\"@type\":\"ReadAction\",\"target\":[\"https:\/\/visito.pl\/en\/accommodation-by-the-sea-in-swinoujscie\/\"]}]}]}<\/script>\n<!-- \/ Yoast SEO plugin. -->","acf":[],"_links":{"self":[{"href":"https:\/\/visito.pl\/en\/wp-json\/wp\/v2\/pages\/9423"}],"collection":[{"href":"https:\/\/visito.pl\/en\/wp-json\/wp\/v2\/pages"}],"about":[{"href":"https:\/\/visito.pl\/en\/wp-json\/wp\/v2\/types\/page"}],"author":[{"embeddable":true,"href":"https:\/\/visito.pl\/en\/wp-json\/wp\/v2\/users\/2"}],"replies":[{"embeddable":true,"href":"https:\/\/visito.pl\/en\/wp-json\/wp\/v2\/comments?post=9423"}],"version-history":[{"count":0,"href":"https:\/\/visito.pl\/en\/wp-json\/wp\/v2\/pages\/9423\/revisions"}],"wp:attachment":[{"href":"https:\/\/visito.pl\/en\/wp-json\/wp\/v2\/media?parent=9423"}],"curies":[{"name":"wp","href":"https:\/\/api.w.org\/{rel}","templated":true}]}}