{"id":15647,"date":"2021-01-06T12:15:41","date_gmt":"2021-01-06T11:15:41","guid":{"rendered":"https:\/\/visito.pl\/polityka-prywatnosci-3\/"},"modified":"2025-12-16T18:14:30","modified_gmt":"2025-12-16T17:14:30","slug":"polityka-prywatnosci-3","status":"publish","type":"page","link":"https:\/\/visito.pl\/de\/polityka-prywatnosci-3\/","title":{"rendered":"Datenschutz-Bestimmungen"},"content":{"rendered":"\n<p>Basierend auf Artikel. 13 Sek. 1 und sek. 2 der Verordnung (EU) 2016\/679 des Europ\u00e4ischen Parlaments und des Rates vom 27. April 2016. zum Schutz nat\u00fcrlicher Personen bei der Verarbeitung personenbezogener Daten und zum freien Datenverkehr sowie zur Aufhebung der Richtlinie 95\/46\/EG (im Folgenden: DSGVO) m\u00f6chten wir Sie dar\u00fcber informieren, dass visito.pl sp. z o. \u00d6. bem\u00fcht sich, Ihre personenbezogenen Daten im Rahmen der Vertragsabwicklung angemessen zu sichern, sowie alle Personen, deren personenbezogene Daten verarbeitet werden, umfassend \u00fcber Umfang und Art der Verarbeitung ihrer Daten aufzukl\u00e4ren.<\/p>\n\n<p>Im Zusammenhang mit dem oben Gesagten m\u00f6chten wir Sie dar\u00fcber informieren:<br\/><\/p>\n\n<p><strong>Datencontroller:<br\/><\/strong><\/p>\n\n<p>Der Administrator Ihrer pers\u00f6nlichen Daten ist visito.pl sp. z oo, mit Sitz in \u015awinouj\u015bcie, 72-600, ul. E. Orzeszkowa 5 \/ 1a, eingetragen im Unternehmerregister des Bezirksgerichts Szczecin-Centrum in Szczecin, 13. Wirtschaftsabteilung des Landesgerichtsregisters, unter der Nummer KRS 0000442939, NIP-Nummer 8551582870.<\/p>\n\n<p> <br\/><strong>Das Recht auf Zugang zu personenbezogenen Daten:<\/strong><br\/><br\/> Sie haben das Recht, auf Ihre Daten zuzugreifen, Berichtigung, L\u00f6schung, Verarbeitungseinschr\u00e4nkungen zu verlangen, das Recht, der weiteren Verarbeitung zu widersprechen, das Recht auf Daten\u00fcbertragbarkeit sowie das Recht, eine Beschwerde bei der Datenschutzbeh\u00f6rde einzureichen.<\/p>\n\n<p><strong>Zwecke der Verarbeitung personenbezogener Daten und Rechtsgrundlage der Verarbeitung:<\/strong><br\/><br\/>Ihre personenbezogenen Daten werden von visito.pl sp. z oo nur zum Zwecke der Vertragserf\u00fcllung (gem\u00e4\u00df Artikel 6 (1) (b) der DSGVO), an der Sie beteiligt sind, gem\u00e4\u00df den bei visito.pl sp. z o. \u00d6. zur Verfolgung der Rechte aus dem Vertrag (gem. Art. 6 Abs. 1 lit. f DSGVO) und zu Abrechnungszwecken (gem. Art. 6 Abs. 1 lit. c DSGVO).<\/p>\n\n<p><strong>Dauer der Speicherung personenbezogener Daten:<\/strong><br\/><br\/>Personenbezogene Daten werden f\u00fcr die Dauer des Vertrags und nach seiner Beendigung oder nach seiner Beendigung &#8211; f\u00fcr die Verj\u00e4hrungsfrist von Anspr\u00fcchen gegen visito.pl sp. verarbeitet. z o. \u00d6. oder ein Auftragnehmer (10 Jahre).<\/p>\n\n<p><br\/><strong>Datenempf\u00e4nger:<\/strong><\/p>\n\n<p><br\/>Die erwarteten Empf\u00e4nger Ihrer personenbezogenen Daten sind Unternehmen, denen visito.pl sp. z o. \u00d6. wird die Datenverarbeitung anvertrauen, und Mitarbeiter und Mitarbeiter von visito.pl sp. z o. \u00d6. oder diese Stellen &#8211; soweit dies zur Erreichung der Zwecke der Datenverarbeitung erforderlich ist.<br\/><\/p>\n\n<p><strong>Folgen der Nichtbereitstellung personenbezogener Daten:<\/strong><\/p>\n\n<p><br\/>Die Bereitstellung Ihrer personenbezogenen Daten durch Sie ist gleichbedeutend mit einer Einwilligung in die Verarbeitung personenbezogener Daten und eine Voraussetzung f\u00fcr den Abschluss eines Vertrages oder die Unterbreitung eines Dienstleistungsangebotes, deren Nichtbereitstellung zur Unm\u00f6glichkeit des Vertragsabschlusses f\u00fchrt.<\/p>\n\n<p><strong>Datenempf\u00e4nger:<\/strong><\/p>\n\n<p><br\/>Personenbezogene Daten k\u00f6nnen an andere Stellen weitergegeben werden, dh an unsere Partner und Subunternehmer. <\/p>\n\n<p>F\u00fcr weitere Informationen zu Ihren Rechten und deren Aus\u00fcbung oder wenn Sie andere Fragen oder W\u00fcnsche haben, kontaktieren Sie uns bitte unter visito.pl sp. z o. \u00d6<\/p>\n\n<p><strong>Kekse<\/strong><\/p>\n\n<p><br\/>Diese Website verwendet Cookies, um Informationen auf Ihrem Computer zu speichern. Wir verwenden Cookies, um Dienste auf h\u00f6chstem Niveau bereitzustellen, auch in einer Weise, die auf individuelle Bed\u00fcrfnisse zugeschnitten ist. Wenn Sie die Website nutzen, ohne die Cookie-Einstellungen zu \u00e4ndern, werden diese auf Ihrem Endger\u00e4t gespeichert. Sie k\u00f6nnen die Einstellungen f\u00fcr Cookies jederzeit \u00e4ndern.<br\/><\/p>\n\n<p>Detaillierte Informationen zu den M\u00f6glichkeiten und Methoden des Umgangs mit Cookies finden Sie in den Softwareeinstellungen, also dem vom Nutzer verwendeten Webbrowser auf dem Endger\u00e4t. Cookies, die auf dem Endger\u00e4t des Website-Benutzers platziert werden, k\u00f6nnen auch von Werbetreibenden und Partnern verwendet werden, die mit dem Website-Betreiber zusammenarbeiten.<\/p>\n\n<p><br\/>Weitere Informationen zu Cookies finden Sie unter www. <a href=\"http:\/\/wszystkoociasteczkach.pl\/\">Everythingociasteczkach.pl<\/a> oder im Abschnitt \u201eHilfe\u201c im Men\u00fc des Webbrowsers. <\/p>\n","protected":false},"excerpt":{"rendered":"<p>Basierend auf Artikel. 13 Sek. 1 und sek. 2 der Verordnung (EU) 2016\/679 des Europ\u00e4ischen Parlaments und des [&hellip;]<\/p>\n","protected":false},"author":11,"featured_media":0,"parent":0,"menu_order":0,"comment_status":"closed","ping_status":"open","template":"page-text.php","meta":[],"yoast_head":"<!-- This site is optimized with the Yoast SEO plugin v15.6.2 - https:\/\/yoast.com\/wordpress\/plugins\/seo\/ -->\n<title>Datenschutz-Bestimmungen - Wohnungen zur Miete am Meer. Swinem\u00fcnde, Misdroy, Ko\u0142obrzeg, Unterkunft<\/title>\n<meta name=\"robots\" content=\"index, follow, max-snippet:-1, max-image-preview:large, max-video-preview:-1\" \/>\n<link rel=\"canonical\" href=\"https:\/\/visito.pl\/de\/polityka-prywatnosci-3\/\" \/>\n<meta property=\"og:locale\" content=\"de_DE\" \/>\n<meta property=\"og:type\" content=\"article\" \/>\n<meta property=\"og:title\" content=\"Datenschutz-Bestimmungen - Wohnungen zur Miete am Meer. Swinem\u00fcnde, Misdroy, Ko\u0142obrzeg, Unterkunft\" \/>\n<meta property=\"og:description\" content=\"Basierend auf Artikel. 13 Sek. 1 und sek. 2 der Verordnung (EU) 2016\/679 des Europ\u00e4ischen Parlaments und des [&hellip;]\" \/>\n<meta property=\"og:url\" content=\"https:\/\/visito.pl\/de\/polityka-prywatnosci-3\/\" \/>\n<meta property=\"og:site_name\" content=\"Wohnungen zur Miete am Meer. Swinem\u00fcnde, Misdroy, Ko\u0142obrzeg, Unterkunft\" \/>\n<meta property=\"article:modified_time\" content=\"2025-12-16T17:14:30+00:00\" \/>\n<meta name=\"twitter:card\" content=\"summary_large_image\" \/>\n<meta name=\"twitter:label1\" content=\"Gesch\u00e4tzte Lesezeit\">\n\t<meta name=\"twitter:data1\" content=\"3\u00a0Minuten\">\n<script type=\"application\/ld+json\" class=\"yoast-schema-graph\">{\"@context\":\"https:\/\/schema.org\",\"@graph\":[{\"@type\":\"WebSite\",\"@id\":\"https:\/\/visito.pl\/#website\",\"url\":\"https:\/\/visito.pl\/\",\"name\":\"Wohnungen zur Miete am Meer. Swinem\\u00fcnde, Misdroy, Ko\\u0142obrzeg, Unterkunft\",\"description\":\"Ausgew\\u00e4hlte Mietwohnungen an der polnischen K\\u00fcste. Unterkunft zu vermieten in \\u015awinouj\\u015bcie, Ko\\u0142obrzeg und Misdroy.\",\"potentialAction\":[{\"@type\":\"SearchAction\",\"target\":\"https:\/\/visito.pl\/?s={search_term_string}\",\"query-input\":\"required name=search_term_string\"}],\"inLanguage\":\"de\"},{\"@type\":\"WebPage\",\"@id\":\"https:\/\/visito.pl\/de\/polityka-prywatnosci-3\/#webpage\",\"url\":\"https:\/\/visito.pl\/de\/polityka-prywatnosci-3\/\",\"name\":\"Datenschutz-Bestimmungen - Wohnungen zur Miete am Meer. Swinem\\u00fcnde, Misdroy, Ko\\u0142obrzeg, Unterkunft\",\"isPartOf\":{\"@id\":\"https:\/\/visito.pl\/#website\"},\"datePublished\":\"2021-01-06T11:15:41+00:00\",\"dateModified\":\"2025-12-16T17:14:30+00:00\",\"inLanguage\":\"de\",\"potentialAction\":[{\"@type\":\"ReadAction\",\"target\":[\"https:\/\/visito.pl\/de\/polityka-prywatnosci-3\/\"]}]}]}<\/script>\n<!-- \/ Yoast SEO plugin. -->","acf":[],"_links":{"self":[{"href":"https:\/\/visito.pl\/de\/wp-json\/wp\/v2\/pages\/15647"}],"collection":[{"href":"https:\/\/visito.pl\/de\/wp-json\/wp\/v2\/pages"}],"about":[{"href":"https:\/\/visito.pl\/de\/wp-json\/wp\/v2\/types\/page"}],"author":[{"embeddable":true,"href":"https:\/\/visito.pl\/de\/wp-json\/wp\/v2\/users\/11"}],"replies":[{"embeddable":true,"href":"https:\/\/visito.pl\/de\/wp-json\/wp\/v2\/comments?post=15647"}],"version-history":[{"count":1,"href":"https:\/\/visito.pl\/de\/wp-json\/wp\/v2\/pages\/15647\/revisions"}],"predecessor-version":[{"id":15649,"href":"https:\/\/visito.pl\/de\/wp-json\/wp\/v2\/pages\/15647\/revisions\/15649"}],"wp:attachment":[{"href":"https:\/\/visito.pl\/de\/wp-json\/wp\/v2\/media?parent=15647"}],"curies":[{"name":"wp","href":"https:\/\/api.w.org\/{rel}","templated":true}]}}