{"id":12653,"date":"2021-01-09T03:51:07","date_gmt":"2021-01-09T02:51:07","guid":{"rendered":"https:\/\/3.67.226.251\/swinemuende\/"},"modified":"2022-03-21T13:29:24","modified_gmt":"2022-03-21T12:29:24","slug":"swinemunde","status":"publish","type":"page","link":"https:\/\/visito.pl\/de\/swinemunde\/","title":{"rendered":"Swinem\u00fcnde"},"content":{"rendered":"<section class=\"hero-page\" style=\"background-image: url('https:\/\/visito.pl\/wp-content\/uploads\/2021\/02\/visito-swinoujscie-baner.jpg');\">\n  <div class=\"container\">\n    <div class=\"hero-page__wrapper\">\n      <h1 class=\"hero-page__title\">Swinem\u00fcnde<\/h1>\n      <p class=\"hero-page__text\">\n        Ein Luftkurort und eines der beliebtesten Urlaubsziele unseres Landes. Jedes Jahr zieht es Tausende von Touristen aus Polen und dem Ausland an. \u015awinouj\u015bcie \u2013 hier verbindet sich Geschichte mit Gegenwart und Natur mit Unterhaltung, wodurch einzigartige Kompositionen entstehen.      <\/p>\n    <\/div>\n  <\/div>\n<\/section>\n\n<section class=\"know\">\n  <div class=\"container\">\n    <div class=\"section-header\">\n      <h1 class=\"section-title\">\n        Lernen Sie das einzigartige Swinem\u00fcnde kennen      <\/h1>\n      <p class=\"section-text\">\n        Eine Stadt, die im Ausma\u00df des gesamten Landes ungew\u00f6hnlich ist und sich auf 44 Inseln befindet, darunter die beiden gr\u00f6\u00dften Polens &#8211; Wolin und Uznam. Touristen-, Kultur- und Wirtschaftszentrum sowie Marinest\u00fctzpunkt. Mehr als 10 Kilometer K\u00fcste und Str\u00e4nde, absolut sauber und sicher. Eines ist sicher, Urlaub in Swinem\u00fcnde, ich kann mich nicht langweilen.      <\/p>\n    <\/div>\n    <div class=\"know__image\">\n      <img src=\"https:\/\/visito.pl\/wp-content\/uploads\/2021\/02\/swinoujscie-latarnia.jpg\" \/>\n    <\/div>\n  <\/div>\n<\/section>\n\n   <div class=\"city-text\">\n   <div class=\"container\">\n     <div class=\"city-text-description\">\n\n       <div class=\"image\">\n         <img src=\"https:\/\/visito.pl\/wp-content\/uploads\/2021\/02\/swinoujscie-serfer-514x436.jpg\" alt=\"\">\n       <\/div>\n\n       <div class=\"text\">\n         <h2 class=\"city-text-description__title\">\n           Stadtb\u00e4der und Str\u00e4nde, ideal f\u00fcr Familien mit Kindern, Senioren und Jugendliche, die Unterhaltung und Erholung suchen.         <\/h2>\n         <div class=\"city-text-description__text\">\n           <p>In Swinem\u00fcnde finden wir zwei gut vorbereitete Stadtstr\u00e4nde, einen auf der Insel Wollin (4 km) und den anderen auf der Insel Usedom (6 km). Man kann mit Sicherheit sagen, dass bei einer so bedeutenden L\u00e4nge und Vielfalt der Meeresk\u00fcsten und ihrer Umgebung an den Str\u00e4nden von Swinem\u00fcnde jeder etwas f\u00fcr sich finden wird. Sie k\u00f6nnen sich in Ruhe vom touristischen Trubel erholen, Sie k\u00f6nnen die reichhaltige Unterhaltungs- und gastronomische Infrastruktur, zahlreiche Restaurants, Bars und Caf\u00e9s nutzen. Erholen kann er sich auch mit der ganzen Familie, dank zahlreicher Attraktionen f\u00fcr Kinder und dem Angebot eines Wasserger\u00e4teverleihs.<\/p>\n         <\/div>\n       <\/div>\n     <\/div>\n   <\/div>\n <\/div>\n\n<section class=\"facts\">\n  <div class=\"container\">\n    <div class=\"facts__wrapper\">\n      <div class=\"section-header\">\n        <h1 class=\"section-title\">\n          Die wichtigsten Fakten        <\/h1>\n      <\/div>\n      <div class=\"facts__row\">\n                <div class=\"facts__item\">\n          <div class=\"icon\">\n            <img src=\"https:\/\/visito.pl\/wp-content\/uploads\/2021\/01\/bicycle.svg\" alt=\"\">\n          <\/div>\n          <div class=\"label\">\n            44 Inseln und Inselchen           <\/div>\n        <\/div>\n                <div class=\"facts__item\">\n          <div class=\"icon\">\n            <img src=\"https:\/\/visito.pl\/wp-content\/uploads\/2021\/01\/restaurants.svg\" alt=\"\">\n          <\/div>\n          <div class=\"label\">\n            Stadtstrand           <\/div>\n        <\/div>\n                <div class=\"facts__item\">\n          <div class=\"icon\">\n            <img src=\"https:\/\/visito.pl\/wp-content\/uploads\/2021\/01\/marine.svg\" alt=\"\">\n          <\/div>\n          <div class=\"label\">\n            Wellenbrecher           <\/div>\n        <\/div>\n                <div class=\"facts__item\">\n          <div class=\"icon\">\n            <img src=\"https:\/\/visito.pl\/wp-content\/uploads\/2021\/01\/uzdrowisko.svg\" alt=\"\">\n          <\/div>\n          <div class=\"label\">\n            Der Ruhm der M\u00fchlen           <\/div>\n        <\/div>\n                <div class=\"facts__item\">\n          <div class=\"icon\">\n            <img src=\"https:\/\/visito.pl\/wp-content\/uploads\/2021\/01\/building.svg\" alt=\"\">\n          <\/div>\n          <div class=\"label\">\n            Leuchtturm           <\/div>\n        <\/div>\n                <div class=\"facts__item\">\n          <div class=\"icon\">\n            <img src=\"https:\/\/visito.pl\/wp-content\/uploads\/2021\/01\/boat.svg\" alt=\"\">\n          <\/div>\n          <div class=\"label\">\n            Radwege           <\/div>\n        <\/div>\n                <div class=\"facts__item\">\n          <div class=\"icon\">\n            <img src=\"https:\/\/visito.pl\/wp-content\/uploads\/2021\/01\/airplane.svg\" alt=\"\">\n          <\/div>\n          <div class=\"label\">\n            Seekreuzfahrten &#8211; national und international           <\/div>\n        <\/div>\n              <\/div>\n    <\/div>\n  <\/div>\n<\/section>\n\n   <div class=\"city-descriptions\">\n   <div class=\"container\">\n          <div class=\"description\">\n       <div class=\"image\">\n         <img src=\"https:\/\/visito.pl\/wp-content\/uploads\/2021\/02\/swinoujscie-sport-514x436.jpg\" alt=\"\">\n       <\/div>\n       <div class=\"text\">\n         <h2 class=\"description__title\">Die Ostseek\u00fcste in Swinem\u00fcnde ist ein wahres Meer an Attraktionen.<\/h2>\n         <div class=\"description__text\">\n           <p>Wellenbrecher und S\u0142awa M\u0142yny, der historische Leuchtturm und der Kurpark. Es ist schwierig, in wenigen S\u00e4tzen zu beschreiben, wie vielf\u00e4ltig die Orte sind, die man in \u015awinouj\u015bcie besuchen kann. Angefangen bei der gr\u00fcnen Lunge der Stadt, dem Kurpark, dessen Geschichte bis ins 18. Jahrhundert zur\u00fcckreicht. Durch ein Weltklasse-Denkmal \u2013 den h\u00f6chsten Leuchtturm an der Ostsee und einen der h\u00f6chsten der Welt. Ein majest\u00e4tischer Backsteinbau mit atemberaubender Aussicht. Schlie\u00dflich die wirklichen &#8222;Perlen&#8220; der Stadt, die einzigen derartigen Wellenbrecher in Polen. Westliche Mole, L\u00e4nge 350 m, an deren Ende sich das Wahrzeichen der Stadt &#8211; S\u0142awa M\u0142yny und die mittlere Mole befinden, die l\u00e4ngste Anlage dieser Art in Europa mit einer L\u00e4nge von 1400 m.<\/p>\n         <\/div>\n       <\/div>\n     <\/div>\n          <div class=\"description\">\n       <div class=\"image\">\n         <img src=\"https:\/\/visito.pl\/wp-content\/uploads\/2021\/01\/kolobrzeg-coast-514x436.jpg\" alt=\"\">\n       <\/div>\n       <div class=\"text\">\n         <h2 class=\"description__title\">Swinem\u00fcnde ist ein perfektes Reiseziel f\u00fcr aktive Menschen.<\/h2>\n         <div class=\"description__text\">\n           <p>Tolle Bedingungen f\u00fcr Wassersport und \u00fcber 100 km Radwege. Das Wasser der Ostsee rund um \u015awinouj\u015bcie ist au\u00dfergew\u00f6hnlich sauber und Sie finden hervorragende Bedingungen f\u00fcr Wasseraktivit\u00e4ten \u2013 Windsurfen, Kitesurfen oder Segeln. Ein zus\u00e4tzlicher Vorteil ist die N\u00e4he zum Stettiner Haff, wo die Bedingungen unterschiedlich, aber auch g\u00fcnstig sind. Die Stadt und ihre Umgebung sind sehr radfahrerfreundlich. Hier gibt es \u00fcber 100 Kilometer Radwege von europ\u00e4ischer Qualit\u00e4t. Die interessantesten sind: der Weg um die Insel Karsib\u00f3r oder durch \u015awidny Las.<\/p>\n         <\/div>\n       <\/div>\n     <\/div>\n     \n   <\/div>\n <\/div>\n\n<section class=\"offer offer-home other-apartments\">\n  <div class=\"container\">\n    <div class=\"section-header\">\n\n      <div class=\"section-header__title\">\n        <h2 class=\"section-title\">\n          Verf\u00fcgbare Wohnungen in Swinem\u00fcnde ansehen        <\/h2>\n      <\/div>\n\n    <\/div>\n\n    <div class=\"offer-list offer-list__large\">\n\n\n      \n    <\/div>\n\t      <div class=\"offer-list__action\" style=\"display: block; text-align: center\">\n      <a href=\"\/de\/swinemunde\" class=\"button button--ghost\">Alle Wohnungen ansehen<\/a>\n    <\/div>\n\t    <\/div>\n\n<\/section>","protected":false},"excerpt":{"rendered":"","protected":false},"author":2,"featured_media":0,"parent":0,"menu_order":0,"comment_status":"closed","ping_status":"closed","template":"","meta":[],"yoast_head":"<!-- This site is optimized with the Yoast SEO plugin v15.6.2 - https:\/\/yoast.com\/wordpress\/plugins\/seo\/ -->\n<title>Swinem\u00fcnde - Wohnungen zur Miete am Meer. Swinem\u00fcnde, Misdroy, Ko\u0142obrzeg, Unterkunft<\/title>\n<meta name=\"robots\" content=\"index, follow, max-snippet:-1, max-image-preview:large, max-video-preview:-1\" \/>\n<link rel=\"canonical\" href=\"https:\/\/visito.pl\/de\/swinemunde\/\" \/>\n<meta property=\"og:locale\" content=\"de_DE\" \/>\n<meta property=\"og:type\" content=\"article\" \/>\n<meta property=\"og:title\" content=\"Swinem\u00fcnde - Wohnungen zur Miete am Meer. Swinem\u00fcnde, Misdroy, Ko\u0142obrzeg, Unterkunft\" \/>\n<meta property=\"og:url\" content=\"https:\/\/visito.pl\/de\/swinemunde\/\" \/>\n<meta property=\"og:site_name\" content=\"Wohnungen zur Miete am Meer. Swinem\u00fcnde, Misdroy, Ko\u0142obrzeg, Unterkunft\" \/>\n<meta property=\"article:modified_time\" content=\"2022-03-21T12:29:24+00:00\" \/>\n<meta name=\"twitter:card\" content=\"summary_large_image\" \/>\n<script type=\"application\/ld+json\" class=\"yoast-schema-graph\">{\"@context\":\"https:\/\/schema.org\",\"@graph\":[{\"@type\":\"WebSite\",\"@id\":\"https:\/\/visito.pl\/#website\",\"url\":\"https:\/\/visito.pl\/\",\"name\":\"Wohnungen zur Miete am Meer. Swinem\\u00fcnde, Misdroy, Ko\\u0142obrzeg, Unterkunft\",\"description\":\"Ausgew\\u00e4hlte Mietwohnungen an der polnischen K\\u00fcste. Unterkunft zu vermieten in \\u015awinouj\\u015bcie, Ko\\u0142obrzeg und Misdroy.\",\"potentialAction\":[{\"@type\":\"SearchAction\",\"target\":\"https:\/\/visito.pl\/?s={search_term_string}\",\"query-input\":\"required name=search_term_string\"}],\"inLanguage\":\"de\"},{\"@type\":\"WebPage\",\"@id\":\"https:\/\/visito.pl\/de\/swinemunde\/#webpage\",\"url\":\"https:\/\/visito.pl\/de\/swinemunde\/\",\"name\":\"Swinem\\u00fcnde - Wohnungen zur Miete am Meer. Swinem\\u00fcnde, Misdroy, Ko\\u0142obrzeg, Unterkunft\",\"isPartOf\":{\"@id\":\"https:\/\/visito.pl\/#website\"},\"datePublished\":\"2021-01-09T02:51:07+00:00\",\"dateModified\":\"2022-03-21T12:29:24+00:00\",\"inLanguage\":\"de\",\"potentialAction\":[{\"@type\":\"ReadAction\",\"target\":[\"https:\/\/visito.pl\/de\/swinemunde\/\"]}]}]}<\/script>\n<!-- \/ Yoast SEO plugin. -->","acf":[],"_links":{"self":[{"href":"https:\/\/visito.pl\/de\/wp-json\/wp\/v2\/pages\/12653"}],"collection":[{"href":"https:\/\/visito.pl\/de\/wp-json\/wp\/v2\/pages"}],"about":[{"href":"https:\/\/visito.pl\/de\/wp-json\/wp\/v2\/types\/page"}],"author":[{"embeddable":true,"href":"https:\/\/visito.pl\/de\/wp-json\/wp\/v2\/users\/2"}],"replies":[{"embeddable":true,"href":"https:\/\/visito.pl\/de\/wp-json\/wp\/v2\/comments?post=12653"}],"version-history":[{"count":0,"href":"https:\/\/visito.pl\/de\/wp-json\/wp\/v2\/pages\/12653\/revisions"}],"wp:attachment":[{"href":"https:\/\/visito.pl\/de\/wp-json\/wp\/v2\/media?parent=12653"}],"curies":[{"name":"wp","href":"https:\/\/api.w.org\/{rel}","templated":true}]}}