{"id":12650,"date":"2021-01-09T03:51:07","date_gmt":"2021-01-09T02:51:07","guid":{"rendered":"https:\/\/3.67.226.251\/kolobrzeg\/"},"modified":"2022-03-21T13:29:41","modified_gmt":"2022-03-21T12:29:41","slug":"kolobrzeg","status":"publish","type":"page","link":"https:\/\/visito.pl\/de\/kolobrzeg\/","title":{"rendered":"Kolobrzeg"},"content":{"rendered":"<section class=\"hero-page\" style=\"background-image: url('https:\/\/visito.pl\/wp-content\/uploads\/2021\/01\/kolobrzeg-hero.jpg');\">\n  <div class=\"container\">\n    <div class=\"hero-page__wrapper\">\n      <h1 class=\"hero-page__title\">Kolobrzeg<\/h1>\n      <p class=\"hero-page__text\">\n        Ko\u0142obrzeg ist ein Urlaubsziel f\u00fcr Menschen, die echte Meeresattraktionen an der Ostsee suchen. Natur, Kultur, Unterhaltung, Geschichte \u2013 stellen Sie sich den perfekten Urlaub zusammen.      <\/p>\n    <\/div>\n  <\/div>\n<\/section>\n\n<section class=\"know\">\n  <div class=\"container\">\n    <div class=\"section-header\">\n      <h1 class=\"section-title\">\n        Lernen Sie das einzigartige Kolberg kennen      <\/h1>\n      <p class=\"section-text\">\n        Ko\u0142obrzeg ist seit \u00fcber 200 Jahren einer der attraktivsten Sanatoriums- und Kurorte an der Ostsee. In der Stadt und ihrer unmittelbaren Umgebung gibt es mehrere Dutzend Sanatorien, die mit einem breiten Angebot an Gesundheits-, Heil- und Sch\u00f6nheitsbehandlungen Besucher anziehen.      <\/p>\n    <\/div>\n    <div class=\"know__image\">\n      <img src=\"https:\/\/visito.pl\/wp-content\/uploads\/2021\/01\/city-large.jpg\" \/>\n    <\/div>\n  <\/div>\n<\/section>\n\n   <div class=\"city-text\">\n   <div class=\"container\">\n     <div class=\"city-text-description\">\n\n       <div class=\"image\">\n         <img src=\"https:\/\/visito.pl\/wp-content\/uploads\/2021\/01\/city-text-514x436.jpg\" alt=\"\">\n       <\/div>\n\n       <div class=\"text\">\n         <h2 class=\"city-text-description__title\">\n           Entdecken Sie die Sch\u00f6nheit und die einzigartigen gesundheitsf\u00f6rdernden Eigenschaften der Natur von Ko\u0142obrzeg und den umliegenden St\u00e4dten vom Meeresufer aus.         <\/h2>\n         <div class=\"city-text-description__text\">\n           <p>Im ganzen Kreis Ko\u0142obrzeg gibt es Vorkommen von Sole-, Peloid- und Mineralwasser, die einzigartig im Land und sogar in Europa sind und nur f\u00fcr diese Region charakteristisch sind. Ihre perfekte Erg\u00e4nzung ist die extrem saubere Luft, die reich an Mikroelementen ist, mit einer erfrischenden und n\u00e4hrenden Meeresbrise f\u00fcr den K\u00f6rper. Abgerundet wird das Ganze durch kilometerlange saubere Str\u00e4nde mit feinem, feinem Sand. Die Gebiete von Ko\u0142obrzeg und Umgebung (einschlie\u00dflich Grzybowo, D\u017awirzyno, Ustronie Morskie) sind streng gesch\u00fctzte Naturgebiete. Dank dessen k\u00f6nnen wir hier das wahre Gesicht der intakten Meeresnatur kennenlernen. Ein Urlaub in dieser Gegend ist Erholung f\u00fcr K\u00f6rper und Seele.<\/p>\n         <\/div>\n       <\/div>\n     <\/div>\n   <\/div>\n <\/div>\n\n<section class=\"facts\">\n  <div class=\"container\">\n    <div class=\"facts__wrapper\">\n      <div class=\"section-header\">\n        <h1 class=\"section-title\">\n          Die wichtigsten Fakten        <\/h1>\n      <\/div>\n      <div class=\"facts__row\">\n                <div class=\"facts__item\">\n          <div class=\"icon\">\n            <img src=\"https:\/\/visito.pl\/wp-content\/uploads\/2021\/01\/bicycle.svg\" alt=\"\">\n          <\/div>\n          <div class=\"label\">\n            Stadt <br> Spa           <\/div>\n        <\/div>\n                <div class=\"facts__item\">\n          <div class=\"icon\">\n            <img src=\"https:\/\/visito.pl\/wp-content\/uploads\/2021\/01\/restaurants.svg\" alt=\"\">\n          <\/div>\n          <div class=\"label\">\n            3 Badestellen <br> Urban           <\/div>\n        <\/div>\n                <div class=\"facts__item\">\n          <div class=\"icon\">\n            <img src=\"https:\/\/visito.pl\/wp-content\/uploads\/2021\/01\/marine.svg\" alt=\"\">\n          <\/div>\n          <div class=\"label\">\n            Ein Pier mit einer L\u00e4nge <br> 220m           <\/div>\n        <\/div>\n                <div class=\"facts__item\">\n          <div class=\"icon\">\n            <img src=\"https:\/\/visito.pl\/wp-content\/uploads\/2021\/01\/uzdrowisko.svg\" alt=\"\">\n          <\/div>\n          <div class=\"label\">\n            3 H\u00e4fen &#8211; Meer, Milit\u00e4r, Yacht          <\/div>\n        <\/div>\n                <div class=\"facts__item\">\n          <div class=\"icon\">\n            <img src=\"https:\/\/visito.pl\/wp-content\/uploads\/2021\/01\/building.svg\" alt=\"\">\n          <\/div>\n          <div class=\"label\">\n            Alte Stadt          <\/div>\n        <\/div>\n                <div class=\"facts__item\">\n          <div class=\"icon\">\n            <img src=\"https:\/\/visito.pl\/wp-content\/uploads\/2021\/01\/boat.svg\" alt=\"\">\n          <\/div>\n          <div class=\"label\">\n            Leuchtturm           <\/div>\n        <\/div>\n                <div class=\"facts__item\">\n          <div class=\"icon\">\n            <img src=\"https:\/\/visito.pl\/wp-content\/uploads\/2021\/01\/airplane.svg\" alt=\"\">\n          <\/div>\n          <div class=\"label\">\n            Radwege           <\/div>\n        <\/div>\n              <\/div>\n    <\/div>\n  <\/div>\n<\/section>\n\n   <div class=\"city-descriptions\">\n   <div class=\"container\">\n          <div class=\"description\">\n       <div class=\"image\">\n         <img src=\"https:\/\/visito.pl\/wp-content\/uploads\/2021\/01\/aktywny-wypoczynek-514x436.jpg\" alt=\"\">\n       <\/div>\n       <div class=\"text\">\n         <h2 class=\"description__title\">Die Altstadt von Ko\u0142obrzeg ist voller Unterhaltung und Kultur.<\/h2>\n         <div class=\"description__text\">\n           <p>Hier k\u00f6nnen Sie mit Ihren Kindern zu einem Familienessen gehen, ein romantisches Abendessen mit Ihrer Liebsten genie\u00dfen oder mit Ihren Freunden einen leckeren Drink genie\u00dfen. Die Altstadt von Ko\u0142obrzeg bietet eine gro\u00dfe Auswahl an Bars, Kneipen, Caf\u00e9s, Restaurants und Diskotheken, die auf die Bed\u00fcrfnisse jedes Touristen zugeschnitten sind. Neben dem gastronomischen und Unterhaltungsangebot werden wir auch von wundersch\u00f6nen Denkm\u00e4lern verzaubert &#8211; dem Rathaus mit einer echten Burgstruktur, dem Sicherungsturm oder dem Gef\u00e4ngnisturm sowie Fragmenten historischer Mauern. Es ist neben der gr\u00f6\u00dften architektonischen Attraktion der Stadt \u2013 dem gemauerten Leuchtturm aus dem 18. Jahrhundert \u2013 das interessanteste historische Geb\u00e4ude, das in Kolberg zu finden ist. <\/p>\n         <\/div>\n       <\/div>\n     <\/div>\n          <div class=\"description\">\n       <div class=\"image\">\n         <img src=\"https:\/\/visito.pl\/wp-content\/uploads\/2021\/01\/kolobrzeg-coast-514x436.jpg\" alt=\"\">\n       <\/div>\n       <div class=\"text\">\n         <h2 class=\"description__title\">Sind Sie sportbegeistert?<\/h2>\n         <div class=\"description__text\">\n           <p>Erkunden Sie die Welt gerne auf zwei R\u00e4dern oder vielleicht ist Ihre Lieblingsbesch\u00e4ftigung Wassersport? Entscheiden Sie sich f\u00fcr Kolberg! Um die Sch\u00f6nheit der umliegenden Radwege zu genie\u00dfen, m\u00fcssen Sie sicherlich f\u00fcr einen etwas l\u00e4ngeren Urlaub nach Kolberg fahren. Zahlreiche polnische und internationale Fahrradrouten verlaufen entlang der Ostsee durch Ko\u0142obrzeg. Die Routen haben verschiedene Schwierigkeitsgrade, von Freizeit-, Familien- und professionelleren Routen. Von hier aus werden wir eine malerische Reise unternehmen, unter anderem nach Mielno, Ustronie Morskie und Swinem\u00fcnde. Die Ostsee in diesem Teil Polens ist nicht nur wundersch\u00f6n, sondern bietet auch hervorragende Bedingungen f\u00fcr Wassersportarten, insbesondere Windsurfen und Kitesurfen. Nicht weniger als 3 st\u00e4dtische Badegebiete bieten eine gro\u00dfe Auswahl an Verleihm\u00f6glichkeiten f\u00fcr Wasserausr\u00fcstung und sichere und gesch\u00fctzte Str\u00e4nde. <\/p>\n         <\/div>\n       <\/div>\n     <\/div>\n     \n   <\/div>\n <\/div>\n\n<section class=\"offer offer-home other-apartments\">\n  <div class=\"container\">\n    <div class=\"section-header\">\n\n      <div class=\"section-header__title\">\n        <h2 class=\"section-title\">\n          Verf\u00fcgbare Wohnungen in Kolberg anzeigen        <\/h2>\n      <\/div>\n\n    <\/div>\n\n    <div class=\"offer-list offer-list__large\">\n\n\n      \n    <\/div>\n\t      <div class=\"offer-list__action\" style=\"display: block; text-align: center\">\n      <a href=\"\/de\/kolberg\/\" class=\"button button--ghost\">Alle Wohnungen ansehen<\/a>\n    <\/div>\n\t    <\/div>\n\n<\/section>","protected":false},"excerpt":{"rendered":"","protected":false},"author":1,"featured_media":0,"parent":0,"menu_order":0,"comment_status":"closed","ping_status":"closed","template":"","meta":[],"yoast_head":"<!-- This site is optimized with the Yoast SEO plugin v15.6.2 - https:\/\/yoast.com\/wordpress\/plugins\/seo\/ -->\n<title>Kolobrzeg - Wohnungen zur Miete am Meer. Swinem\u00fcnde, Misdroy, Ko\u0142obrzeg, Unterkunft<\/title>\n<meta name=\"robots\" content=\"index, follow, max-snippet:-1, max-image-preview:large, max-video-preview:-1\" \/>\n<link rel=\"canonical\" href=\"https:\/\/visito.pl\/de\/kolobrzeg\/\" \/>\n<meta property=\"og:locale\" content=\"de_DE\" \/>\n<meta property=\"og:type\" content=\"article\" \/>\n<meta property=\"og:title\" content=\"Kolobrzeg - Wohnungen zur Miete am Meer. Swinem\u00fcnde, Misdroy, Ko\u0142obrzeg, Unterkunft\" \/>\n<meta property=\"og:url\" content=\"https:\/\/visito.pl\/de\/kolobrzeg\/\" \/>\n<meta property=\"og:site_name\" content=\"Wohnungen zur Miete am Meer. Swinem\u00fcnde, Misdroy, Ko\u0142obrzeg, Unterkunft\" \/>\n<meta property=\"article:modified_time\" content=\"2022-03-21T12:29:41+00:00\" \/>\n<meta name=\"twitter:card\" content=\"summary_large_image\" \/>\n<script type=\"application\/ld+json\" class=\"yoast-schema-graph\">{\"@context\":\"https:\/\/schema.org\",\"@graph\":[{\"@type\":\"WebSite\",\"@id\":\"https:\/\/visito.pl\/#website\",\"url\":\"https:\/\/visito.pl\/\",\"name\":\"Wohnungen zur Miete am Meer. Swinem\\u00fcnde, Misdroy, Ko\\u0142obrzeg, Unterkunft\",\"description\":\"Ausgew\\u00e4hlte Mietwohnungen an der polnischen K\\u00fcste. Unterkunft zu vermieten in \\u015awinouj\\u015bcie, Ko\\u0142obrzeg und Misdroy.\",\"potentialAction\":[{\"@type\":\"SearchAction\",\"target\":\"https:\/\/visito.pl\/?s={search_term_string}\",\"query-input\":\"required name=search_term_string\"}],\"inLanguage\":\"de\"},{\"@type\":\"WebPage\",\"@id\":\"https:\/\/visito.pl\/de\/kolobrzeg\/#webpage\",\"url\":\"https:\/\/visito.pl\/de\/kolobrzeg\/\",\"name\":\"Kolobrzeg - Wohnungen zur Miete am Meer. Swinem\\u00fcnde, Misdroy, Ko\\u0142obrzeg, Unterkunft\",\"isPartOf\":{\"@id\":\"https:\/\/visito.pl\/#website\"},\"datePublished\":\"2021-01-09T02:51:07+00:00\",\"dateModified\":\"2022-03-21T12:29:41+00:00\",\"inLanguage\":\"de\",\"potentialAction\":[{\"@type\":\"ReadAction\",\"target\":[\"https:\/\/visito.pl\/de\/kolobrzeg\/\"]}]}]}<\/script>\n<!-- \/ Yoast SEO plugin. -->","acf":[],"_links":{"self":[{"href":"https:\/\/visito.pl\/de\/wp-json\/wp\/v2\/pages\/12650"}],"collection":[{"href":"https:\/\/visito.pl\/de\/wp-json\/wp\/v2\/pages"}],"about":[{"href":"https:\/\/visito.pl\/de\/wp-json\/wp\/v2\/types\/page"}],"author":[{"embeddable":true,"href":"https:\/\/visito.pl\/de\/wp-json\/wp\/v2\/users\/1"}],"replies":[{"embeddable":true,"href":"https:\/\/visito.pl\/de\/wp-json\/wp\/v2\/comments?post=12650"}],"version-history":[{"count":0,"href":"https:\/\/visito.pl\/de\/wp-json\/wp\/v2\/pages\/12650\/revisions"}],"wp:attachment":[{"href":"https:\/\/visito.pl\/de\/wp-json\/wp\/v2\/media?parent=12650"}],"curies":[{"name":"wp","href":"https:\/\/api.w.org\/{rel}","templated":true}]}}