{"id":12642,"date":"2021-01-22T14:57:37","date_gmt":"2021-01-22T13:57:37","guid":{"rendered":"https:\/\/3.67.226.251\/ueber-das-unternehmen\/"},"modified":"2025-04-23T21:37:18","modified_gmt":"2025-04-23T19:37:18","slug":"ueber-das-unternehmen","status":"publish","type":"page","link":"https:\/\/visito.pl\/de\/ueber-das-unternehmen\/","title":{"rendered":"\u00dcber das Unternehmen"},"content":{"rendered":"<section class=\"hero-page\" style=\"background-image: url('https:\/\/visito.pl\/wp-content\/uploads\/2021\/02\/about-banner2.jpg');\">\n  <div class=\"container\">\n    <div class=\"hero-page__wrapper\">\n      <h1 class=\"hero-page__title\">Lernen Sie uns besser kennen<\/h1>\n      <p class=\"hero-page__text\">\n        Wir arbeiten mit Leidenschaft f\u00fcr unsere G\u00e4ste <br>\nund Wohnungseigent\u00fcmer      <\/p>\n    <\/div>\n  <\/div>\n<\/section>\n\n\n<section class=\"about-menu\">\n  <div class=\"container\">\n    <div class=\"menu__wrapper\">\n      <ul class=\"menu\">\n                        <li>\n          <a href=\"#Gesellschaft\" class=\"active\"\n            >Lernen Sie das Unternehmen kennen<\/a>\n        <\/li>\n                <li>\n          <a href=\"#Erfahrung\" >Erfahrung<\/a>\n        <\/li>\n                <li>\n          <a href=\"#Mannschaft\" >Mannschaft<\/a>\n        <\/li>\n              <\/ul>\n    <\/div>\n  <\/div>\n<\/section>\n\n<section class=\"meet-company\" id=\"company\">\n  <div class=\"container\">\n    <div class=\"section-header\">\n      <h1 class=\"section-title\">\n        Lernen Sie unser Unternehmen kennen      <\/h1>\n    <\/div>\n    <div class=\"descriptions\">\n            <div class=\"description\">\n        <div class=\"image\">\n          <img src=\"https:\/\/visito.pl\/wp-content\/uploads\/2021\/01\/about-wizja-514x467.jpg\" alt=\"\">\n        <\/div>\n        <div class=\"text\">\n          <h2 class=\"description__title\">Unsere Vision<\/h2>\n          <div class=\"description__text\">\n            <p>Willkommen auf visito.pl! Hier f\u00fchlt sich jeder Kunde wichtig. Gro\u00dfartiger Service und Engagement unseres Teams sind die Werte, die wir seit jeher sch\u00e4tzen. Gerne sind wir Ihnen bei der Suche nach der passenden Ferienwohnung behilflich. Zeit f\u00fcr Ihren wohlverdienten Urlaub!<\/p>\n          <\/div>\n        <\/div>\n      <\/div>\n            <div class=\"description\">\n        <div class=\"image\">\n          <img src=\"https:\/\/visito.pl\/wp-content\/uploads\/2021\/01\/about-standard.jpg\" alt=\"\">\n        <\/div>\n        <div class=\"text\">\n          <h2 class=\"description__title\">Der h\u00f6chste Standard<br> G\u00e4ste-Service<\/h2>\n          <div class=\"description__text\">\n            <p>Professioneller Kundenservice ist unsere Priorit\u00e4t. Wir k\u00fcmmern uns um die h\u00f6chsten Standards der Dienstleistungen. Wir haben viele Stammg\u00e4ste, die gerne wieder zu uns kommen. Dar\u00fcber freuen wir uns sehr, denn jeder Kunde ist einzigartig. Wenn Sie Ihren Urlaub an einem Ort verbringen m\u00f6chten, an dem Kundenbetreuung auf h\u00f6chstem Niveau ist, dann sollten Sie unser Angebot unbedingt in Betracht ziehen! <\/p>\n          <\/div>\n        <\/div>\n      <\/div>\n            <div class=\"description\">\n        <div class=\"image\">\n          <img src=\"https:\/\/visito.pl\/wp-content\/uploads\/2021\/01\/about-turystyka-514x467.jpg\" alt=\"\">\n        <\/div>\n        <div class=\"text\">\n          <h2 class=\"description__title\">F\u00f6rderung des polnischen Tourismus<\/h2>\n          <div class=\"description__text\">\n            <p>Wir f\u00f6rdern heimische Ostseeb\u00e4der. Wir empfehlen Ihnen, die touristisch neu entdeckte Westk\u00fcste kennenzulernen. Wir bieten eine neue Dimension der Entspannung in den besten Lagen. Verbringen Sie wunderbare Momente bei uns an der Ostsee!<\/p>\n          <\/div>\n        <\/div>\n      <\/div>\n            <div class=\"description\">\n        <div class=\"image\">\n          <img src=\"https:\/\/visito.pl\/wp-content\/uploads\/2021\/01\/about-owners.jpg\" alt=\"\">\n        <\/div>\n        <div class=\"text\">\n          <h2 class=\"description__title\">Wir k\u00fcmmern uns um die Besitzer<br> Wohnungen<\/h2>\n          <div class=\"description__text\">\n            <p>Die Vermietung basiert auf einer klaren und transparenten Gesch\u00e4ftspolitik. Wir k\u00fcmmern uns um Ihre Wohnung, Ihren Gewinn und gute Beziehungen. Die Zusammenarbeit mit uns erm\u00f6glicht es uns, zufriedenstellende Ergebnisse zu erzielen, sowohl finanziell als auch qualitativ. Wir k\u00fcmmern uns um die uns anvertrauten Wohnungen, als w\u00e4ren es unsere eigenen. Vertrauen Sie den Profis!<\/p>\n          <\/div>\n        <\/div>\n      <\/div>\n      \n    <\/div>\n  <\/div>\n<\/section>\n\n<section class=\"experience\" id=\"experience\">\n  <div class=\"container\">\n    <div class=\"experience__wrapper\">\n      <div class=\"section-header\">\n        <h1 class=\"section-title\">\n          Erfahrung        <\/h1>\n      <\/div>\n      <div class=\"experience__row\">\n                <div class=\"experience__item\">\n          <div class=\"icon\">\n            <img src=\"https:\/\/visito.pl\/wp-content\/uploads\/2021\/01\/apartment-icon-1.svg\" alt=\"\">\n          <\/div>\n          <div class=\"label\">\n            150 Wohnungen<br\/> unter Verwaltung          <\/div>\n        <\/div>\n                <div class=\"experience__item\">\n          <div class=\"icon\">\n            <img src=\"https:\/\/visito.pl\/wp-content\/uploads\/2021\/01\/people-icon.svg\" alt=\"\">\n          <\/div>\n          <div class=\"label\">\n            20 Menschen<br\/> im Team          <\/div>\n        <\/div>\n                <div class=\"experience__item\">\n          <div class=\"icon\">\n            <img src=\"https:\/\/visito.pl\/wp-content\/uploads\/2021\/01\/guest-icon.svg\" alt=\"\">\n          <\/div>\n          <div class=\"label\">\n            13 000 G\u00e4ste<br\/>  bedient in 2024 Jahr          <\/div>\n        <\/div>\n                <div class=\"experience__item\">\n          <div class=\"icon\">\n            <img src=\"https:\/\/visito.pl\/wp-content\/uploads\/2021\/01\/8-years.svg\" alt=\"\">\n          <\/div>\n          <div class=\"label\">\n            16 Jahre auf<br\/>  dem Markt          <\/div>\n        <\/div>\n                <div class=\"experience__item\">\n          <div class=\"icon\">\n            <img src=\"https:\/\/visito.pl\/wp-content\/uploads\/2021\/01\/pin-icon.svg\" alt=\"\">\n          <\/div>\n          <div class=\"label\">\n            2 Serviceb\u00fcros<br> f\u00fcr Kunden          <\/div>\n        <\/div>\n              <\/div>\n    <\/div>\n  <\/div>\n<\/section>\n\n<section class=\"team\" id=\"team\">\n  <div class=\"container\">\n    <div class=\"section-header\">\n      <h1 class=\"section-title\">\n              <\/h1>\n    <\/div>\n    <div class=\"team__wrapper\">\n            <div class=\"team__member\">\n        <div class=\"member__image\">\n          <img src=\"\" alt=\"\">\n        <\/div>\n        <div class=\"member__info\">\n          <h4 class=\"member__name\">\n                      <\/h4>\n          <p class=\"member__position\">\n                      <\/p>\n                              \n\n        <\/div>\n      <\/div>\n          <\/div>\n  <\/div>\n<\/section>","protected":false},"excerpt":{"rendered":"","protected":false},"author":2,"featured_media":0,"parent":0,"menu_order":0,"comment_status":"closed","ping_status":"closed","template":"","meta":[],"yoast_head":"<!-- This site is optimized with the Yoast SEO plugin v15.6.2 - https:\/\/yoast.com\/wordpress\/plugins\/seo\/ -->\n<title>\u00dcber das Unternehmen - Wohnungen zur Miete am Meer. Swinem\u00fcnde, Misdroy, Ko\u0142obrzeg, Unterkunft<\/title>\n<meta name=\"description\" content=\"Visito - lernen Sie unser Unternehmen kennen. Die besten Mietwohnungen am Meer. Professioneller Service.\" \/>\n<meta name=\"robots\" content=\"index, follow, max-snippet:-1, max-image-preview:large, max-video-preview:-1\" \/>\n<link rel=\"canonical\" href=\"https:\/\/visito.pl\/de\/ueber-das-unternehmen\/\" \/>\n<meta property=\"og:locale\" content=\"de_DE\" \/>\n<meta property=\"og:type\" content=\"article\" \/>\n<meta property=\"og:title\" content=\"\u00dcber das Unternehmen - Wohnungen zur Miete am Meer. Swinem\u00fcnde, Misdroy, Ko\u0142obrzeg, Unterkunft\" \/>\n<meta property=\"og:description\" content=\"Visito - lernen Sie unser Unternehmen kennen. Die besten Mietwohnungen am Meer. Professioneller Service.\" \/>\n<meta property=\"og:url\" content=\"https:\/\/visito.pl\/de\/ueber-das-unternehmen\/\" \/>\n<meta property=\"og:site_name\" content=\"Wohnungen zur Miete am Meer. Swinem\u00fcnde, Misdroy, Ko\u0142obrzeg, Unterkunft\" \/>\n<meta property=\"article:modified_time\" content=\"2025-04-23T19:37:18+00:00\" \/>\n<meta name=\"twitter:card\" content=\"summary_large_image\" \/>\n<script type=\"application\/ld+json\" class=\"yoast-schema-graph\">{\"@context\":\"https:\/\/schema.org\",\"@graph\":[{\"@type\":\"WebSite\",\"@id\":\"https:\/\/visito.pl\/#website\",\"url\":\"https:\/\/visito.pl\/\",\"name\":\"Wohnungen zur Miete am Meer. Swinem\\u00fcnde, Misdroy, Ko\\u0142obrzeg, Unterkunft\",\"description\":\"Ausgew\\u00e4hlte Mietwohnungen an der polnischen K\\u00fcste. Unterkunft zu vermieten in \\u015awinouj\\u015bcie, Ko\\u0142obrzeg und Misdroy.\",\"potentialAction\":[{\"@type\":\"SearchAction\",\"target\":\"https:\/\/visito.pl\/?s={search_term_string}\",\"query-input\":\"required name=search_term_string\"}],\"inLanguage\":\"de\"},{\"@type\":\"WebPage\",\"@id\":\"https:\/\/visito.pl\/de\/ueber-das-unternehmen\/#webpage\",\"url\":\"https:\/\/visito.pl\/de\/ueber-das-unternehmen\/\",\"name\":\"\\u00dcber das Unternehmen - Wohnungen zur Miete am Meer. Swinem\\u00fcnde, Misdroy, Ko\\u0142obrzeg, Unterkunft\",\"isPartOf\":{\"@id\":\"https:\/\/visito.pl\/#website\"},\"datePublished\":\"2021-01-22T13:57:37+00:00\",\"dateModified\":\"2025-04-23T19:37:18+00:00\",\"description\":\"Visito - lernen Sie unser Unternehmen kennen. Die besten Mietwohnungen am Meer. Professioneller Service.\",\"inLanguage\":\"de\",\"potentialAction\":[{\"@type\":\"ReadAction\",\"target\":[\"https:\/\/visito.pl\/de\/ueber-das-unternehmen\/\"]}]}]}<\/script>\n<!-- \/ Yoast SEO plugin. -->","acf":[],"_links":{"self":[{"href":"https:\/\/visito.pl\/de\/wp-json\/wp\/v2\/pages\/12642"}],"collection":[{"href":"https:\/\/visito.pl\/de\/wp-json\/wp\/v2\/pages"}],"about":[{"href":"https:\/\/visito.pl\/de\/wp-json\/wp\/v2\/types\/page"}],"author":[{"embeddable":true,"href":"https:\/\/visito.pl\/de\/wp-json\/wp\/v2\/users\/2"}],"replies":[{"embeddable":true,"href":"https:\/\/visito.pl\/de\/wp-json\/wp\/v2\/comments?post=12642"}],"version-history":[{"count":13,"href":"https:\/\/visito.pl\/de\/wp-json\/wp\/v2\/pages\/12642\/revisions"}],"predecessor-version":[{"id":14964,"href":"https:\/\/visito.pl\/de\/wp-json\/wp\/v2\/pages\/12642\/revisions\/14964"}],"wp:attachment":[{"href":"https:\/\/visito.pl\/de\/wp-json\/wp\/v2\/media?parent=12642"}],"curies":[{"name":"wp","href":"https:\/\/api.w.org\/{rel}","templated":true}]}}