{"id":12632,"date":"2021-01-26T12:40:41","date_gmt":"2021-01-26T11:40:41","guid":{"rendered":"https:\/\/3.67.226.251\/wohnungen-zur-miete-in-kolberg\/"},"modified":"2022-03-21T13:29:52","modified_gmt":"2022-03-21T12:29:52","slug":"wohnungen-zur-miete-in-kolberg","status":"publish","type":"page","link":"https:\/\/visito.pl\/de\/wohnungen-zur-miete-in-kolberg\/","title":{"rendered":"Wohnungen zur Miete in Kolberg"},"content":{"rendered":"","protected":false},"excerpt":{"rendered":"","protected":false},"author":1,"featured_media":0,"parent":0,"menu_order":0,"comment_status":"closed","ping_status":"closed","template":"page-listing.php","meta":[],"yoast_head":"<!-- This site is optimized with the Yoast SEO plugin v15.6.2 - https:\/\/yoast.com\/wordpress\/plugins\/seo\/ -->\n<title>Ko\u0142obrzeg Wohnungen mit Schwimmbad zu vermieten<\/title>\n<meta name=\"description\" content=\"Ko\u0142obrzeg Wohnungen zur Miete mit Schwimmbad. Unterkunft in Ko\u0142obrzeg im Polanki Park, Diva, N\u00e4her am Meer, Olympiapark, Zielone Tarasy.\" \/>\n<meta name=\"robots\" content=\"index, follow, max-snippet:-1, max-image-preview:large, max-video-preview:-1\" \/>\n<link rel=\"canonical\" href=\"https:\/\/visito.pl\/de\/wohnungen-zur-miete-in-kolberg\/\" \/>\n<meta property=\"og:locale\" content=\"de_DE\" \/>\n<meta property=\"og:type\" content=\"article\" \/>\n<meta property=\"og:title\" content=\"Ko\u0142obrzeg Wohnungen mit Schwimmbad zu vermieten\" \/>\n<meta property=\"og:description\" content=\"Ko\u0142obrzeg Wohnungen zur Miete mit Schwimmbad. Unterkunft in Ko\u0142obrzeg im Polanki Park, Diva, N\u00e4her am Meer, Olympiapark, Zielone Tarasy.\" \/>\n<meta property=\"og:url\" content=\"https:\/\/visito.pl\/de\/wohnungen-zur-miete-in-kolberg\/\" \/>\n<meta property=\"og:site_name\" content=\"Wohnungen zur Miete am Meer. Swinem\u00fcnde, Misdroy, Ko\u0142obrzeg, Unterkunft\" \/>\n<meta property=\"article:modified_time\" content=\"2022-03-21T12:29:52+00:00\" \/>\n<meta name=\"twitter:card\" content=\"summary_large_image\" \/>\n<script type=\"application\/ld+json\" class=\"yoast-schema-graph\">{\"@context\":\"https:\/\/schema.org\",\"@graph\":[{\"@type\":\"WebSite\",\"@id\":\"https:\/\/visito.pl\/#website\",\"url\":\"https:\/\/visito.pl\/\",\"name\":\"Wohnungen zur Miete am Meer. Swinem\\u00fcnde, Misdroy, Ko\\u0142obrzeg, Unterkunft\",\"description\":\"Ausgew\\u00e4hlte Mietwohnungen an der polnischen K\\u00fcste. Unterkunft zu vermieten in \\u015awinouj\\u015bcie, Ko\\u0142obrzeg und Misdroy.\",\"potentialAction\":[{\"@type\":\"SearchAction\",\"target\":\"https:\/\/visito.pl\/?s={search_term_string}\",\"query-input\":\"required name=search_term_string\"}],\"inLanguage\":\"de\"},{\"@type\":\"WebPage\",\"@id\":\"https:\/\/visito.pl\/de\/wohnungen-zur-miete-in-kolberg\/#webpage\",\"url\":\"https:\/\/visito.pl\/de\/wohnungen-zur-miete-in-kolberg\/\",\"name\":\"Ko\\u0142obrzeg Wohnungen mit Schwimmbad zu vermieten\",\"isPartOf\":{\"@id\":\"https:\/\/visito.pl\/#website\"},\"datePublished\":\"2021-01-26T11:40:41+00:00\",\"dateModified\":\"2022-03-21T12:29:52+00:00\",\"description\":\"Ko\\u0142obrzeg Wohnungen zur Miete mit Schwimmbad. Unterkunft in Ko\\u0142obrzeg im Polanki Park, Diva, N\\u00e4her am Meer, Olympiapark, Zielone Tarasy.\",\"inLanguage\":\"de\",\"potentialAction\":[{\"@type\":\"ReadAction\",\"target\":[\"https:\/\/visito.pl\/de\/wohnungen-zur-miete-in-kolberg\/\"]}]}]}<\/script>\n<!-- \/ Yoast SEO plugin. -->","acf":[],"_links":{"self":[{"href":"https:\/\/visito.pl\/de\/wp-json\/wp\/v2\/pages\/12632"}],"collection":[{"href":"https:\/\/visito.pl\/de\/wp-json\/wp\/v2\/pages"}],"about":[{"href":"https:\/\/visito.pl\/de\/wp-json\/wp\/v2\/types\/page"}],"author":[{"embeddable":true,"href":"https:\/\/visito.pl\/de\/wp-json\/wp\/v2\/users\/1"}],"replies":[{"embeddable":true,"href":"https:\/\/visito.pl\/de\/wp-json\/wp\/v2\/comments?post=12632"}],"version-history":[{"count":0,"href":"https:\/\/visito.pl\/de\/wp-json\/wp\/v2\/pages\/12632\/revisions"}],"wp:attachment":[{"href":"https:\/\/visito.pl\/de\/wp-json\/wp\/v2\/media?parent=12632"}],"curies":[{"name":"wp","href":"https:\/\/api.w.org\/{rel}","templated":true}]}}