{"id":12626,"date":"2021-01-08T15:44:40","date_gmt":"2021-01-08T14:44:40","guid":{"rendered":"https:\/\/3.67.226.251\/fuegen-sie-eine-wohnung-hinzu\/"},"modified":"2026-04-23T12:40:38","modified_gmt":"2026-04-23T10:40:38","slug":"fuegen-sie-eine-wohnung-hinzu","status":"publish","type":"page","link":"https:\/\/visito.pl\/de\/fuegen-sie-eine-wohnung-hinzu\/","title":{"rendered":"Zusammenarbeit"},"content":{"rendered":"<section class=\"hero-page apartment-hero\" style=\"background-image: url('https:\/\/visito.pl\/wp-content\/uploads\/2021\/02\/dodaj-nieruchomosc2.jpg');\">\n  <div class=\"container\">\n    <div class=\"hero-page__wrapper\">\n      <h1 class=\"hero-page__title\">\n        <div class=\"plus\">\n          <svg width=\"21\" height=\"21\" viewBox=\"0 0 21 21\" fill=\"none\" xmlns=\"http:\/\/www.w3.org\/2000\/svg\">\n            <path d=\"M10.9492 1.93445V19.9672\" stroke=\"white\" stroke-width=\"2\" stroke-miterlimit=\"10\"\n              stroke-linecap=\"round\" stroke-linejoin=\"round\" \/>\n            <path d=\"M19.9664 10.9508H1.93359\" stroke=\"white\" stroke-width=\"2\" stroke-miterlimit=\"10\"\n              stroke-linecap=\"round\" stroke-linejoin=\"round\" \/>\n          <\/svg>\n        <\/div>\n        Zusammenarbeit      <\/h1>\n      <p class=\"hero-page__text\">\n        Zusammenarbeit<br> \r\nVermieter      <\/p>\n    <\/div>\n  <\/div>\n<\/section>\n\n<section class=\"professionals\">\n  <div class=\"container\">\n    <div class=\"section-header\">\n      <h1 class=\"section-title\">\n        Vertrauen Sie den Profis      <\/h1>\n    <\/div>\n    <div class=\"section-menu\">\n      <ul class=\"professionals__menu\">\n                <li>\n          <a href=\"#\" data-name=\"1\" class=\"active\"\n            >Langj\u00e4hrige Erfahrung <\/a>\n        <\/li>\n                <li>\n          <a href=\"#\" data-name=\"2\" >Eine breite Palette von Empf\u00e4ngern<\/a>\n        <\/li>\n                <li>\n          <a href=\"#\" data-name=\"3\" >IT-L\u00f6sungen<\/a>\n        <\/li>\n                <li>\n          <a href=\"#\" data-name=\"4\" >Professionelles Team<\/a>\n        <\/li>\n              <\/ul>\n    <\/div>\n    <div class=\"professionals__wrapper\">\n            <div class=\"professional  active\" data-name=\"1\">\n\n        <div class=\"text\">\n          <h2 class=\"professional__title\">Langj\u00e4hrige Erfahrung<\/h2>\n          <div class=\"professional__text\">\n            <p>visito.pl to dedykowany serwis rezerwacyjny z apartamentami wakacyjnymi na wynajem. Jako operator jeste\u015bmy obecni na rynku od 2009 roku. W tym czasie wypracowali\u015bmy efektywny model wsp\u00f3\u0142pracy z w\u0142a\u015bcicielami apartament\u00f3w, w imieniu kt\u00f3rych zarz\u0105dzamy wynajmem.<\/p>\n<p>O powierzone mieszkania troszczymy si\u0119 jak o swoje, bo nieruchomo\u015bci to nasza pasja. Dbamy o relacje biznesowe i piel\u0119gnujemy je przez lata. Nasze dzia\u0142ania nakierowane s\u0105 na jak najlepsze ob\u0142o\u017cenie i maksymalizacj\u0119 przychod\u00f3w z najmu. Gwarantujemy satysfakcjonuj\u0105ce wyniki finansowe i wysok\u0105 jako\u015b\u0107 us\u0142ug.<\/p>\n          <\/div>\n        <\/div>\n        <div class=\"image\">\n          <img src=\"https:\/\/visito.pl\/wp-content\/uploads\/2021\/01\/professionals-514x436.jpg\" alt=\"\">\n        <\/div>\n      <\/div>\n            <div class=\"professional \" data-name=\"2\">\n\n        <div class=\"text\">\n          <h2 class=\"professional__title\">Eine breite Palette von Empf\u00e4ngern<\/h2>\n          <div class=\"professional__text\">\n            <p>Jeder Kunde ist uns wichtig. Hohe Standards im G\u00e4steservice sind unsere Priorit\u00e4t. Wir erreichen Kunden sowohl in Polen als auch im Ausland, sowohl private als auch gesch\u00e4ftliche. Wir arbeiten mit vielen ausl\u00e4ndischen Buchungsportalen zusammen, dank denen die H\u00e4lfte unserer G\u00e4ste Ausl\u00e4nder sind &#8211; eine Gruppe, die auch nach der Saison Einnahmen bietet.<\/p>\n<p>Durch unsere langj\u00e4hrige Erfahrung sowie erprobte und effektive Marketinginstrumente erzielen wir sehr gute Ergebnisse und eine \u00fcberdurchschnittliche Auslastung.<\/p>\n          <\/div>\n        <\/div>\n        <div class=\"image\">\n          <img src=\"https:\/\/visito.pl\/wp-content\/uploads\/2021\/03\/odbiorcy-visito-514x436.jpg\" alt=\"\">\n        <\/div>\n      <\/div>\n            <div class=\"professional \" data-name=\"3\">\n\n        <div class=\"text\">\n          <h2 class=\"professional__title\">IT-L\u00f6sungen<\/h2>\n          <div class=\"professional__text\">\n            <p>Dbamy o ci\u0105g\u0142y rozw\u00f3j. W 2023 roku nie zwalniamy tempa i planujemy zainwestowa\u0107 w innowacje dwa razy wi\u0119cej ni\u017c kiedykolwiek. Stawiamy na nowoczesne technologie i rozw\u00f3j w\u0142asnej marki. Nasz serwis rezerwacyjny visito.pl posiada przyjazny interfejs dostosowany do obecnych standard\u00f3w UX\/UI i rozbudowan\u0105 wersj\u0119 mobiln\u0105.<\/p>\n<p>Posiadamy w\u0142asny \u201eszyty na miar\u0119\u201d system rezerwacji online. Stale inwestujemy w r\u00f3\u017cne formy komunikacji, social media marketing, kampanie Google Ads, efektywny branding, pozycjonowanie i rozw\u00f3j ruchu organicznego.<\/p>\n          <\/div>\n        <\/div>\n        <div class=\"image\">\n          <img src=\"https:\/\/visito.pl\/wp-content\/uploads\/2021\/03\/rozwiazania-it-514x436.jpg\" alt=\"\">\n        <\/div>\n      <\/div>\n            <div class=\"professional \" data-name=\"4\">\n\n        <div class=\"text\">\n          <h2 class=\"professional__title\">Professionelles Team<\/h2>\n          <div class=\"professional__text\">\n            <p>Unser eingespieltes und motiviertes Team besteht aus Menschen mit langj\u00e4hriger Erfahrung in der Hotellerie- und IT-Branche. Wir sprechen Deutsch, Englisch und Russisch. Jeden Tag stellen wir uns verschiedenen Herausforderungen und setzen uns ehrgeizige Ziele. Wir versuchen, unsere F\u00e4higkeiten zu entwickeln und unsere Qualifikationen zu erh\u00f6hen.<\/p>\n<p>Wir tun, was uns am besten gef\u00e4llt und wir glauben, dass wir es am besten k\u00f6nnen. Wir pflegen Kreativit\u00e4t und gute Kommunikation im Team, weil wir wissen, dass sich dies in den Ergebnissen unserer Arbeit niederschl\u00e4gt.<\/p>\n          <\/div>\n        <\/div>\n        <div class=\"image\">\n          <img src=\"https:\/\/visito.pl\/wp-content\/uploads\/2021\/03\/zespol-visito-514x436.jpg\" alt=\"\">\n        <\/div>\n      <\/div>\n      \n\n    <\/div>\n  <\/div>\n<\/section>\n\n<section class=\"join\" style=\"background-image:url('https:\/\/visito.pl\/wp-content\/uploads\/2021\/01\/dolacz-do-visito.jpg');\">\n  <div class=\"container\">\n    <h1 class=\"join__title\">\n      Schlie\u00dfen Sie sich \u00fcber 100 an <br>\nZufriedene Investoren \ud83d\ude42\n    <\/h1>\n  <\/div>\n<\/section>\n\n<section class=\"add-apartment\" style=\"background-image: url('https:\/\/visito.pl\/wp-content\/themes\/visito\/assets\/images\/form-bg.png');\">\n  <div class=\"container\">\n    <div class=\"add-apartment__wrapper\">\n      <div class=\"add-apartment__left\">\n        <div class=\"wrapper\">\n          <h1 class=\"add-apartment__title\">\n            Erg\u00e4nze<br>\nbilden          <\/h1>\n          <p class=\"add-apartment__text\">\n            Unser Berater wird sich mit Ihnen in Verbindung setzen<br>\nmit dir und stelle dich vor<br>\nKooperationsangebot           <\/p>\n          <div class=\"wrapper__image\">\n            <img src=\"https:\/\/visito.pl\/wp-content\/themes\/visito\/assets\/images\/arrow-contact.png\" alt=\"\">\n          <\/div>\n        <\/div>\n      <\/div>\n      <div class=\"add-apartment__right\">\n        <div role=\"form\" class=\"wpcf7\" id=\"wpcf7-f12887-o1\" lang=\"de-DE\" dir=\"ltr\">\n<div class=\"screen-reader-response\" role=\"alert\" aria-live=\"polite\"><\/div>\n<form action=\"\/de\/wp-json\/wp\/v2\/pages\/12626#wpcf7-f12887-o1\" method=\"post\" class=\"wpcf7-form init\" novalidate=\"novalidate\">\n<div style=\"display: none;\">\n<input type=\"hidden\" name=\"_wpcf7\" value=\"12887\" \/>\n<input type=\"hidden\" name=\"_wpcf7_version\" value=\"5.2.2\" \/>\n<input type=\"hidden\" name=\"_wpcf7_locale\" value=\"de_DE\" \/>\n<input type=\"hidden\" name=\"_wpcf7_unit_tag\" value=\"wpcf7-f12887-o1\" \/>\n<input type=\"hidden\" name=\"_wpcf7_container_post\" value=\"0\" \/>\n<input type=\"hidden\" name=\"_wpcf7_posted_data_hash\" value=\"\" \/>\n<\/div>\n<div class=\"form__wrapper\">\n<div class=\"form__row\"><label><span class=\"label\">Vorname und Nachname<\/span> <span class=\"wpcf7-form-control-wrap text-974\"><input type=\"text\" name=\"text-974\" value=\"\" size=\"40\" class=\"wpcf7-form-control wpcf7-text\" aria-invalid=\"false\" placeholder=\"np. Jan Kowalski\" \/><\/span> <\/label> <\/div>\n<div class=\"form__row\"> <label> <span class=\"label\">E-mail<\/span> <span class=\"wpcf7-form-control-wrap email-428\"><input type=\"email\" name=\"email-428\" value=\"\" size=\"40\" class=\"wpcf7-form-control wpcf7-text wpcf7-email wpcf7-validates-as-email\" aria-invalid=\"false\" placeholder=\"jan@kowalski.pl\" \/><\/span> <\/label> <\/div>\n<div class=\"form__row\"> <label> <span class=\"label\">Telefon<\/span> <span class=\"wpcf7-form-control-wrap tel-711\"><input type=\"tel\" name=\"tel-711\" value=\"\" size=\"40\" class=\"wpcf7-form-control wpcf7-text wpcf7-tel wpcf7-validates-as-tel\" aria-invalid=\"false\" placeholder=\"+48 222 111 333\" \/><\/span> <\/label> <\/div>\n<div class=\"form__row\"> <label> <span class=\"label\">Stadt<\/span> <span class=\"wpcf7-form-control-wrap text-990\"><input type=\"text\" name=\"text-990\" value=\"\" size=\"40\" class=\"wpcf7-form-control wpcf7-text\" aria-invalid=\"false\" placeholder=\"Stadt\" \/><\/span> <\/label> <\/div>\n<div class=\"form__row\"> <label> <span class=\"label\">Zus\u00e4tzliche Information<\/span> <span class=\"wpcf7-form-control-wrap textarea-81\"><textarea name=\"textarea-81\" cols=\"40\" rows=\"10\" class=\"wpcf7-form-control wpcf7-textarea\" aria-invalid=\"false\" placeholder=\"Nachricht\"><\/textarea><\/span> <\/label> <\/div>\n<div class=\"form__row\"><span class=\"wpcf7-form-control-wrap acceptance-369\"><span class=\"wpcf7-form-control wpcf7-acceptance\"><span class=\"wpcf7-list-item\"><label><input type=\"checkbox\" name=\"acceptance-369\" value=\"1\" aria-invalid=\"false\" \/><span class=\"wpcf7-list-item-label\">Ich akzeptiere die <a href=\"\/polityka-prywatnosci\" target=\"_blank\">Datenschutzerkl\u00e4rung<\/a><\/span><\/label><\/span><\/span><\/span><\/div>\n<div class=\"form__row\"> <input type=\"submit\" value=\"Senden\" class=\"wpcf7-form-control wpcf7-submit button button--orange\" \/> <\/div>\n<\/div>\n<div class=\"wpcf7-response-output\" role=\"alert\" aria-hidden=\"true\"><\/div><\/form><\/div>      <\/div>\n    <\/div>\n  <\/div>\n<\/section>","protected":false},"excerpt":{"rendered":"","protected":false},"author":1,"featured_media":0,"parent":0,"menu_order":0,"comment_status":"closed","ping_status":"closed","template":"","meta":[],"yoast_head":"<!-- This site is optimized with the Yoast SEO plugin v15.6.2 - https:\/\/yoast.com\/wordpress\/plugins\/seo\/ -->\n<title>Zusammenarbeit - Wohnungen zur Miete am Meer. Swinem\u00fcnde, Misdroy, Ko\u0142obrzeg, Unterkunft<\/title>\n<meta name=\"robots\" content=\"index, follow, max-snippet:-1, max-image-preview:large, max-video-preview:-1\" \/>\n<link rel=\"canonical\" href=\"https:\/\/visito.pl\/de\/fuegen-sie-eine-wohnung-hinzu\/\" \/>\n<meta property=\"og:locale\" content=\"de_DE\" \/>\n<meta property=\"og:type\" content=\"article\" \/>\n<meta property=\"og:title\" content=\"Zusammenarbeit - Wohnungen zur Miete am Meer. Swinem\u00fcnde, Misdroy, Ko\u0142obrzeg, Unterkunft\" \/>\n<meta property=\"og:url\" content=\"https:\/\/visito.pl\/de\/fuegen-sie-eine-wohnung-hinzu\/\" \/>\n<meta property=\"og:site_name\" content=\"Wohnungen zur Miete am Meer. Swinem\u00fcnde, Misdroy, Ko\u0142obrzeg, Unterkunft\" \/>\n<meta property=\"article:modified_time\" content=\"2026-04-23T10:40:38+00:00\" \/>\n<meta name=\"twitter:card\" content=\"summary_large_image\" \/>\n<script type=\"application\/ld+json\" class=\"yoast-schema-graph\">{\"@context\":\"https:\/\/schema.org\",\"@graph\":[{\"@type\":\"WebSite\",\"@id\":\"https:\/\/visito.pl\/#website\",\"url\":\"https:\/\/visito.pl\/\",\"name\":\"Wohnungen zur Miete am Meer. Swinem\\u00fcnde, Misdroy, Ko\\u0142obrzeg, Unterkunft\",\"description\":\"Ausgew\\u00e4hlte Mietwohnungen an der polnischen K\\u00fcste. Unterkunft zu vermieten in \\u015awinouj\\u015bcie, Ko\\u0142obrzeg und Misdroy.\",\"potentialAction\":[{\"@type\":\"SearchAction\",\"target\":\"https:\/\/visito.pl\/?s={search_term_string}\",\"query-input\":\"required name=search_term_string\"}],\"inLanguage\":\"de\"},{\"@type\":\"WebPage\",\"@id\":\"https:\/\/visito.pl\/de\/fuegen-sie-eine-wohnung-hinzu\/#webpage\",\"url\":\"https:\/\/visito.pl\/de\/fuegen-sie-eine-wohnung-hinzu\/\",\"name\":\"Zusammenarbeit - Wohnungen zur Miete am Meer. Swinem\\u00fcnde, Misdroy, Ko\\u0142obrzeg, Unterkunft\",\"isPartOf\":{\"@id\":\"https:\/\/visito.pl\/#website\"},\"datePublished\":\"2021-01-08T14:44:40+00:00\",\"dateModified\":\"2026-04-23T10:40:38+00:00\",\"inLanguage\":\"de\",\"potentialAction\":[{\"@type\":\"ReadAction\",\"target\":[\"https:\/\/visito.pl\/de\/fuegen-sie-eine-wohnung-hinzu\/\"]}]}]}<\/script>\n<!-- \/ Yoast SEO plugin. -->","acf":[],"_links":{"self":[{"href":"https:\/\/visito.pl\/de\/wp-json\/wp\/v2\/pages\/12626"}],"collection":[{"href":"https:\/\/visito.pl\/de\/wp-json\/wp\/v2\/pages"}],"about":[{"href":"https:\/\/visito.pl\/de\/wp-json\/wp\/v2\/types\/page"}],"author":[{"embeddable":true,"href":"https:\/\/visito.pl\/de\/wp-json\/wp\/v2\/users\/1"}],"replies":[{"embeddable":true,"href":"https:\/\/visito.pl\/de\/wp-json\/wp\/v2\/comments?post=12626"}],"version-history":[{"count":4,"href":"https:\/\/visito.pl\/de\/wp-json\/wp\/v2\/pages\/12626\/revisions"}],"predecessor-version":[{"id":16124,"href":"https:\/\/visito.pl\/de\/wp-json\/wp\/v2\/pages\/12626\/revisions\/16124"}],"wp:attachment":[{"href":"https:\/\/visito.pl\/de\/wp-json\/wp\/v2\/media?parent=12626"}],"curies":[{"name":"wp","href":"https:\/\/api.w.org\/{rel}","templated":true}]}}