{"id":12625,"date":"2021-01-26T12:47:09","date_gmt":"2021-01-26T11:47:09","guid":{"rendered":"https:\/\/3.67.226.251\/befoerderungsregeln\/"},"modified":"2025-12-02T21:35:39","modified_gmt":"2025-12-02T20:35:39","slug":"befoerderungsregeln","status":"publish","type":"page","link":"https:\/\/visito.pl\/de\/befoerderungsregeln\/","title":{"rendered":"Bef\u00f6rderungsregeln"},"content":{"rendered":"\n<p><strong>RABATTE, AKTIONEN<\/strong><\/p>\n\n\n\n<p>1. Bei der zweiten und jeder weiteren Buchung \u00fcber die Website erh\u00e4lt der Gast 10 % Rabatt auf den auf der Website angegebenen \u00dcbernachtungspreis.\u00a0<\/p>\n\n\n\n<p>2. Der Stammkundenrabatt gilt ausschlie\u00dflich f\u00fcr den \u00dcbernachtungspreis. Er gilt nicht f\u00fcr Kurtaxe, lokale Steuern, Reinigungsgeb\u00fchren oder Geb\u00fchren f\u00fcr Zusatzleistungen.\u00a0<\/p>\n\n\n\n<p>3. Um den Rabatt zu erhalten, muss der Gast den Rabattcode (vom Anbieter per E-Mail erhalten) bei der Buchung \u00fcber die Website angeben oder den Rabatt einem Mitarbeiter des Anbieters bei der Buchung mitteilen.\u00a0<\/p>\n\n\n\n<p>4. Der Rabatt gilt nur f\u00fcr Buchungen, die direkt \u00fcber die Website vorgenommen werden, und ist zeitlich unbegrenzt.\u00a0<\/p>\n\n\n\n<p>5. Der Stammkundenrabatt ist nicht mit anderen Aktionen kombinierbar.<\/p>\n","protected":false},"excerpt":{"rendered":"<p>RABATTE, AKTIONEN 1. Bei der zweiten und jeder weiteren Buchung \u00fcber die Website erh\u00e4lt der Gast 10 % [&hellip;]<\/p>\n","protected":false},"author":1,"featured_media":0,"parent":0,"menu_order":0,"comment_status":"closed","ping_status":"closed","template":"page-text.php","meta":[],"yoast_head":"<!-- This site is optimized with the Yoast SEO plugin v15.6.2 - https:\/\/yoast.com\/wordpress\/plugins\/seo\/ -->\n<title>Bef\u00f6rderungsregeln - Wohnungen zur Miete am Meer. Swinem\u00fcnde, Misdroy, Ko\u0142obrzeg, Unterkunft<\/title>\n<meta name=\"robots\" content=\"index, follow, max-snippet:-1, max-image-preview:large, max-video-preview:-1\" \/>\n<link rel=\"canonical\" href=\"https:\/\/visito.pl\/de\/befoerderungsregeln\/\" \/>\n<meta property=\"og:locale\" content=\"de_DE\" \/>\n<meta property=\"og:type\" content=\"article\" \/>\n<meta property=\"og:title\" content=\"Bef\u00f6rderungsregeln - Wohnungen zur Miete am Meer. Swinem\u00fcnde, Misdroy, Ko\u0142obrzeg, Unterkunft\" \/>\n<meta property=\"og:description\" content=\"RABATTE, AKTIONEN 1. Bei der zweiten und jeder weiteren Buchung \u00fcber die Website erh\u00e4lt der Gast 10 % [&hellip;]\" \/>\n<meta property=\"og:url\" content=\"https:\/\/visito.pl\/de\/befoerderungsregeln\/\" \/>\n<meta property=\"og:site_name\" content=\"Wohnungen zur Miete am Meer. Swinem\u00fcnde, Misdroy, Ko\u0142obrzeg, Unterkunft\" \/>\n<meta property=\"article:modified_time\" content=\"2025-12-02T20:35:39+00:00\" \/>\n<meta name=\"twitter:card\" content=\"summary_large_image\" \/>\n<meta name=\"twitter:label1\" content=\"Gesch\u00e4tzte Lesezeit\">\n\t<meta name=\"twitter:data1\" content=\"1\u00a0Minute\">\n<script type=\"application\/ld+json\" class=\"yoast-schema-graph\">{\"@context\":\"https:\/\/schema.org\",\"@graph\":[{\"@type\":\"WebSite\",\"@id\":\"https:\/\/visito.pl\/#website\",\"url\":\"https:\/\/visito.pl\/\",\"name\":\"Wohnungen zur Miete am Meer. Swinem\\u00fcnde, Misdroy, Ko\\u0142obrzeg, Unterkunft\",\"description\":\"Ausgew\\u00e4hlte Mietwohnungen an der polnischen K\\u00fcste. Unterkunft zu vermieten in \\u015awinouj\\u015bcie, Ko\\u0142obrzeg und Misdroy.\",\"potentialAction\":[{\"@type\":\"SearchAction\",\"target\":\"https:\/\/visito.pl\/?s={search_term_string}\",\"query-input\":\"required name=search_term_string\"}],\"inLanguage\":\"de\"},{\"@type\":\"WebPage\",\"@id\":\"https:\/\/visito.pl\/de\/befoerderungsregeln\/#webpage\",\"url\":\"https:\/\/visito.pl\/de\/befoerderungsregeln\/\",\"name\":\"Bef\\u00f6rderungsregeln - Wohnungen zur Miete am Meer. Swinem\\u00fcnde, Misdroy, Ko\\u0142obrzeg, Unterkunft\",\"isPartOf\":{\"@id\":\"https:\/\/visito.pl\/#website\"},\"datePublished\":\"2021-01-26T11:47:09+00:00\",\"dateModified\":\"2025-12-02T20:35:39+00:00\",\"inLanguage\":\"de\",\"potentialAction\":[{\"@type\":\"ReadAction\",\"target\":[\"https:\/\/visito.pl\/de\/befoerderungsregeln\/\"]}]}]}<\/script>\n<!-- \/ Yoast SEO plugin. -->","acf":[],"_links":{"self":[{"href":"https:\/\/visito.pl\/de\/wp-json\/wp\/v2\/pages\/12625"}],"collection":[{"href":"https:\/\/visito.pl\/de\/wp-json\/wp\/v2\/pages"}],"about":[{"href":"https:\/\/visito.pl\/de\/wp-json\/wp\/v2\/types\/page"}],"author":[{"embeddable":true,"href":"https:\/\/visito.pl\/de\/wp-json\/wp\/v2\/users\/1"}],"replies":[{"embeddable":true,"href":"https:\/\/visito.pl\/de\/wp-json\/wp\/v2\/comments?post=12625"}],"version-history":[{"count":1,"href":"https:\/\/visito.pl\/de\/wp-json\/wp\/v2\/pages\/12625\/revisions"}],"predecessor-version":[{"id":15558,"href":"https:\/\/visito.pl\/de\/wp-json\/wp\/v2\/pages\/12625\/revisions\/15558"}],"wp:attachment":[{"href":"https:\/\/visito.pl\/de\/wp-json\/wp\/v2\/media?parent=12625"}],"curies":[{"name":"wp","href":"https:\/\/api.w.org\/{rel}","templated":true}]}}