{"id":12615,"date":"2021-01-26T12:51:49","date_gmt":"2021-01-26T11:51:49","guid":{"rendered":"https:\/\/3.67.226.251\/preisliste-der-zusatzleistungen\/"},"modified":"2024-12-31T00:15:51","modified_gmt":"2024-12-30T23:15:51","slug":"preisliste-der-zusatzleistungen","status":"publish","type":"page","link":"https:\/\/visito.pl\/de\/preisliste-der-zusatzleistungen\/","title":{"rendered":"Preisliste der Zusatzleistungen"},"content":{"rendered":"\n<p><strong>Preisliste der auf Wunsch des Kunden erbrachten Zusatzleistungen. <br><\/strong><\/p>\n\n\n\n<p><strong>Us\u0142ugi dodatkowe realizowane s\u0105 w miar\u0119 mo\u017cliwo\u015bci, po uprzednim uzgodnieniu:\u00a0<br><br>\u00a0<\/strong>&#8211; us\u0142uga kompleksowa: sprz\u0105tanie apartamentu z wymian\u0105 bielizny po\u015bcielowej i r\u0119cznik\u00f3w &#8211; 300 PLN;<br><br>\u00a0&#8211; sprz\u0105tanie apartamentu &#8211; 200 PLN;\u00a0<br><br>&#8211; wymiana bielizny po\u015bcielowej i r\u0119cznik\u00f3w &#8211; 150 PLN;<\/p>\n\n\n\n<p>&#8211; zus\u00e4tzliches Handtuch &#8211; 20 PLN \/ St\u00fcck,<br><br>&#8211; Miete eines Reisebettes f\u00fcr ein Kind &#8211; 150 PLN \/ Aufenthalt,<br><br>&#8211; Miete eines Hochstuhls zum F\u00fcttern eines Kindes &#8211; 80 PLN \/ Aufenthalt, <br><br>&#8211; Miete einer Babybadewanne &#8211; 80 PLN \/ Aufenthalt <strong>.<\/strong><\/p>\n","protected":false},"excerpt":{"rendered":"<p>Preisliste der auf Wunsch des Kunden erbrachten Zusatzleistungen. Us\u0142ugi dodatkowe realizowane s\u0105 w miar\u0119 mo\u017cliwo\u015bci, po uprzednim uzgodnieniu:\u00a0 [&hellip;]<\/p>\n","protected":false},"author":1,"featured_media":0,"parent":0,"menu_order":0,"comment_status":"closed","ping_status":"closed","template":"page-text.php","meta":[],"yoast_head":"<!-- This site is optimized with the Yoast SEO plugin v15.6.2 - https:\/\/yoast.com\/wordpress\/plugins\/seo\/ -->\n<title>Preisliste der Zusatzleistungen - Wohnungen zur Miete am Meer. Swinem\u00fcnde, Misdroy, Ko\u0142obrzeg, Unterkunft<\/title>\n<meta name=\"robots\" content=\"index, follow, max-snippet:-1, max-image-preview:large, max-video-preview:-1\" \/>\n<link rel=\"canonical\" href=\"https:\/\/visito.pl\/de\/preisliste-der-zusatzleistungen\/\" \/>\n<meta property=\"og:locale\" content=\"de_DE\" \/>\n<meta property=\"og:type\" content=\"article\" \/>\n<meta property=\"og:title\" content=\"Preisliste der Zusatzleistungen - Wohnungen zur Miete am Meer. Swinem\u00fcnde, Misdroy, Ko\u0142obrzeg, Unterkunft\" \/>\n<meta property=\"og:description\" content=\"Preisliste der auf Wunsch des Kunden erbrachten Zusatzleistungen. Us\u0142ugi dodatkowe realizowane s\u0105 w miar\u0119 mo\u017cliwo\u015bci, po uprzednim uzgodnieniu:\u00a0 [&hellip;]\" \/>\n<meta property=\"og:url\" content=\"https:\/\/visito.pl\/de\/preisliste-der-zusatzleistungen\/\" \/>\n<meta property=\"og:site_name\" content=\"Wohnungen zur Miete am Meer. Swinem\u00fcnde, Misdroy, Ko\u0142obrzeg, Unterkunft\" \/>\n<meta property=\"article:modified_time\" content=\"2024-12-30T23:15:51+00:00\" \/>\n<meta name=\"twitter:card\" content=\"summary_large_image\" \/>\n<meta name=\"twitter:label1\" content=\"Gesch\u00e4tzte Lesezeit\">\n\t<meta name=\"twitter:data1\" content=\"1\u00a0Minute\">\n<script type=\"application\/ld+json\" class=\"yoast-schema-graph\">{\"@context\":\"https:\/\/schema.org\",\"@graph\":[{\"@type\":\"WebSite\",\"@id\":\"https:\/\/visito.pl\/#website\",\"url\":\"https:\/\/visito.pl\/\",\"name\":\"Wohnungen zur Miete am Meer. Swinem\\u00fcnde, Misdroy, Ko\\u0142obrzeg, Unterkunft\",\"description\":\"Ausgew\\u00e4hlte Mietwohnungen an der polnischen K\\u00fcste. Unterkunft zu vermieten in \\u015awinouj\\u015bcie, Ko\\u0142obrzeg und Misdroy.\",\"potentialAction\":[{\"@type\":\"SearchAction\",\"target\":\"https:\/\/visito.pl\/?s={search_term_string}\",\"query-input\":\"required name=search_term_string\"}],\"inLanguage\":\"de\"},{\"@type\":\"WebPage\",\"@id\":\"https:\/\/visito.pl\/de\/preisliste-der-zusatzleistungen\/#webpage\",\"url\":\"https:\/\/visito.pl\/de\/preisliste-der-zusatzleistungen\/\",\"name\":\"Preisliste der Zusatzleistungen - Wohnungen zur Miete am Meer. Swinem\\u00fcnde, Misdroy, Ko\\u0142obrzeg, Unterkunft\",\"isPartOf\":{\"@id\":\"https:\/\/visito.pl\/#website\"},\"datePublished\":\"2021-01-26T11:51:49+00:00\",\"dateModified\":\"2024-12-30T23:15:51+00:00\",\"inLanguage\":\"de\",\"potentialAction\":[{\"@type\":\"ReadAction\",\"target\":[\"https:\/\/visito.pl\/de\/preisliste-der-zusatzleistungen\/\"]}]}]}<\/script>\n<!-- \/ Yoast SEO plugin. -->","acf":[],"_links":{"self":[{"href":"https:\/\/visito.pl\/de\/wp-json\/wp\/v2\/pages\/12615"}],"collection":[{"href":"https:\/\/visito.pl\/de\/wp-json\/wp\/v2\/pages"}],"about":[{"href":"https:\/\/visito.pl\/de\/wp-json\/wp\/v2\/types\/page"}],"author":[{"embeddable":true,"href":"https:\/\/visito.pl\/de\/wp-json\/wp\/v2\/users\/1"}],"replies":[{"embeddable":true,"href":"https:\/\/visito.pl\/de\/wp-json\/wp\/v2\/comments?post=12615"}],"version-history":[{"count":3,"href":"https:\/\/visito.pl\/de\/wp-json\/wp\/v2\/pages\/12615\/revisions"}],"predecessor-version":[{"id":14662,"href":"https:\/\/visito.pl\/de\/wp-json\/wp\/v2\/pages\/12615\/revisions\/14662"}],"wp:attachment":[{"href":"https:\/\/visito.pl\/de\/wp-json\/wp\/v2\/media?parent=12615"}],"curies":[{"name":"wp","href":"https:\/\/api.w.org\/{rel}","templated":true}]}}