{"id":12612,"date":"2021-01-09T03:51:07","date_gmt":"2021-01-09T02:51:07","guid":{"rendered":"https:\/\/3.67.226.251\/miedzyzdroje\/"},"modified":"2022-03-21T13:29:33","modified_gmt":"2022-03-21T12:29:33","slug":"miedzyzdroje","status":"publish","type":"page","link":"https:\/\/visito.pl\/de\/miedzyzdroje\/","title":{"rendered":"Mi\u0119dzyzdroje"},"content":{"rendered":"<section class=\"hero-page\" style=\"background-image: url('https:\/\/visito.pl\/wp-content\/uploads\/2021\/02\/miedzyzdroje-baner.jpg');\">\n  <div class=\"container\">\n    <div class=\"hero-page__wrapper\">\n      <h1 class=\"hero-page__title\">Mi\u0119dzyzdroje<\/h1>\n      <p class=\"hero-page__text\">\n        Lassen Sie sich verzaubern von einer Stadt, die schon so manches Touristenherz erobert hat. Mi\u0119dzyzdroje &#8211; ein Ferienort mit unz\u00e4hligen Landschafts-, Unterhaltungs- und Kulturattraktionen.      <\/p>\n    <\/div>\n  <\/div>\n<\/section>\n\n<section class=\"know\">\n  <div class=\"container\">\n    <div class=\"section-header\">\n      <h1 class=\"section-title\">\n        Lernen Sie das einzigartige Misdroy kennen      <\/h1>\n      <p class=\"section-text\">\n        Ein sch\u00f6ner Pier und Yachthafen. Dutzende Kilometer malerischer Wander- und Radwege im wilden Gel\u00e4nde der Mor\u00e4ne des f\u00fchrenden Wollin-Nationalparks. Spa-Mikroklima, saubere Str\u00e4nde und malerische Klippen. Das ist Mi\u0119dzyzdroje \u2013 eine echte Perle der Ostseek\u00fcste.      <\/p>\n    <\/div>\n    <div class=\"know__image\">\n      <img src=\"https:\/\/visito.pl\/wp-content\/uploads\/2021\/02\/miedzyzdroje-panorama.jpg\" \/>\n    <\/div>\n  <\/div>\n<\/section>\n\n   <div class=\"city-text\">\n   <div class=\"container\">\n     <div class=\"city-text-description\">\n\n       <div class=\"image\">\n         <img src=\"https:\/\/visito.pl\/wp-content\/uploads\/2021\/02\/miedzyzdroje-plaza-514x436.jpg\" alt=\"\">\n       <\/div>\n\n       <div class=\"text\">\n         <h2 class=\"city-text-description__title\">\n           Der einzige Meereslandschaftspark an der Ostsee. Die bezaubernde Sch\u00f6nheit der Str\u00e4nde, Klippen, H\u00fcgel und Mor\u00e4nenseen.          <\/h2>\n         <div class=\"city-text-description__text\">\n           <p class=\"p1\">Der Nationalpark Wolin ist ein au\u00dfergew\u00f6hnlich vielf\u00e4ltiger Ort. Eine Kombination aus Sandstr\u00e4nden mit sehr sauberem und feinem Sand. Zahlreiche H\u00fcgel und Mor\u00e4nenklippen, die das Meer majest\u00e4tisch vom Rest der Stadt und dem touristischen Trubel trennen, mit Erhebungen bis zu 100 m \u00fcber dem Meeresspiegel Viele reizvolle Aussichtspunkte, inkl. <b>G\u00f3ra Gosan, Kawcza G\u00f3ra<\/b> oder <b>Piaskowa G\u00f3ra<\/b> . Das t\u00fcrkisfarbene Wasser der Seen und Teiche tief im Wolliner Wald. Das Ganze ist durchzogen von Wander- und Radwegen unterschiedlicher Schwierigkeitsgrade und L\u00e4ngen.<span class=\"Apple-converted-space\"> <\/span><\/p>\n         <\/div>\n       <\/div>\n     <\/div>\n   <\/div>\n <\/div>\n\n<section class=\"facts\">\n  <div class=\"container\">\n    <div class=\"facts__wrapper\">\n      <div class=\"section-header\">\n        <h1 class=\"section-title\">\n          Die wichtigsten Fakten        <\/h1>\n      <\/div>\n      <div class=\"facts__row\">\n                <div class=\"facts__item\">\n          <div class=\"icon\">\n            <img src=\"https:\/\/visito.pl\/wp-content\/uploads\/2021\/01\/bicycle.svg\" alt=\"\">\n          <\/div>\n          <div class=\"label\">\n            Sandstrand und Pier          <\/div>\n        <\/div>\n                <div class=\"facts__item\">\n          <div class=\"icon\">\n            <img src=\"https:\/\/visito.pl\/wp-content\/uploads\/2021\/01\/restaurants.svg\" alt=\"\">\n          <\/div>\n          <div class=\"label\">\n            Klippen und Aussichtspunkte           <\/div>\n        <\/div>\n                <div class=\"facts__item\">\n          <div class=\"icon\">\n            <img src=\"https:\/\/visito.pl\/wp-content\/uploads\/2021\/01\/marine.svg\" alt=\"\">\n          <\/div>\n          <div class=\"label\">\n            Sandstrand und Pier          <\/div>\n        <\/div>\n                <div class=\"facts__item\">\n          <div class=\"icon\">\n            <img src=\"https:\/\/visito.pl\/wp-content\/uploads\/2021\/01\/uzdrowisko.svg\" alt=\"\">\n          <\/div>\n          <div class=\"label\">\n            Wollin Nationalpark           <\/div>\n        <\/div>\n                <div class=\"facts__item\">\n          <div class=\"icon\">\n            <img src=\"https:\/\/visito.pl\/wp-content\/uploads\/2021\/01\/building.svg\" alt=\"\">\n          <\/div>\n          <div class=\"label\">\n            Promenade i <br> Fest der Sterne          <\/div>\n        <\/div>\n                <div class=\"facts__item\">\n          <div class=\"icon\">\n            <img src=\"https:\/\/visito.pl\/wp-content\/uploads\/2021\/01\/boat.svg\" alt=\"\">\n          <\/div>\n          <div class=\"label\">\n            Zahlreiche Attraktionen <br> f\u00fcr Kinder           <\/div>\n        <\/div>\n                <div class=\"facts__item\">\n          <div class=\"icon\">\n            <img src=\"https:\/\/visito.pl\/wp-content\/uploads\/2021\/01\/airplane.svg\" alt=\"\">\n          <\/div>\n          <div class=\"label\">\n            Ozeanarium          <\/div>\n        <\/div>\n              <\/div>\n    <\/div>\n  <\/div>\n<\/section>\n\n   <div class=\"city-descriptions\">\n   <div class=\"container\">\n          <div class=\"description\">\n       <div class=\"image\">\n         <img src=\"https:\/\/visito.pl\/wp-content\/uploads\/2021\/02\/rower-miedzyzdroje-514x436.jpg\" alt=\"\">\n       <\/div>\n       <div class=\"text\">\n         <h2 class=\"description__title\">Mi\u0119dzyzdroje \u2013 die polnische Hauptstadt der Kultur-, Kunst-, Film- und Musikstars. <\/h2>\n         <div class=\"description__text\">\n           <p class=\"p1\">Es ist ein Ort, an dem Sie Ihre Lieblingsstars immer zur Hand haben! Die Stadt ist in ganz Polen, aber auch in Europa f\u00fcr <b>das Festival der Sterne bekannt,<\/b> das hier seit fast 30 Jahren organisiert wird. Das Festival findet in der Sommersaison statt, normalerweise im Juli. Nirgendwo sonst k\u00f6nnen Sie so viele ber\u00fchmte Showbusiness- und B\u00fchnenstars treffen, die sich w\u00e4hrend ihres Urlaubs an der polnischen K\u00fcste ausruhen, wie in Misdroy. Die Veranstaltung wird von zahlreichen Attraktionen begleitet &#8211; Konzerte, Performances, k\u00fcnstlerische Shows und Kabaretts sowie Handabdr\u00fccke von K\u00fcnstlern auf Gedenktafeln auf der <b>Promenade der Sterne.<\/b><span class=\"Apple-converted-space\"> <\/span><\/p>\n         <\/div>\n       <\/div>\n     <\/div>\n          <div class=\"description\">\n       <div class=\"image\">\n         <img src=\"https:\/\/visito.pl\/wp-content\/uploads\/2021\/02\/miedzyzdroje-trawnik-514x436.jpg\" alt=\"\">\n       <\/div>\n       <div class=\"text\">\n         <h2 class=\"description__title\">Misdroy ist eine Stadt, die sich ideal f\u00fcr einen Urlaub mit der ganzen Familie eignet. <\/h2>\n         <div class=\"description__text\">\n           <p class=\"p1\"><b>Es ist unm\u00f6glich, alle Attraktionen f\u00fcr Kinder aufzuz\u00e4hlen \u2013 Attraktionen f\u00fcr Kinder und Jugendliche<\/b> in Misdroy sind Dutzende von einzigartigen und unvergesslichen Orten und Erlebnissen, die ganze Familien begeistern werden. Erw\u00e4hnenswert sind eines der gr\u00f6\u00dften <b>Ozeanarien in Polen, der Batycki-Park der Miniaturen, das Kabinett der Wachsfiguren<\/b> und der Seilpark <b>.<\/b> Zu Sehensw\u00fcrdigkeiten u<span class=\"Apple-converted-space\">  <\/span>Orte mit engem Bezug zur Natur und das Kennenlernen von Flora und Fauna &#8211; <b>das Schmetterlingshaus, das Papageienhaus<\/b> <b>sowie das Naturmuseum<\/b> und <b>die Wisente-Schaufarm<\/b> im Nationalpark Wolin sollten Sie unbedingt einbeziehen und besuchen.<span class=\"Apple-converted-space\"> <\/span><\/p>\n         <\/div>\n       <\/div>\n     <\/div>\n     \n   <\/div>\n <\/div>\n\n<section class=\"offer offer-home other-apartments\">\n  <div class=\"container\">\n    <div class=\"section-header\">\n\n      <div class=\"section-header__title\">\n        <h2 class=\"section-title\">\n          Verf\u00fcgbare Wohnungen in Misdroy ansehen        <\/h2>\n      <\/div>\n\n    <\/div>\n\n    <div class=\"offer-list offer-list__large\">\n\n\n      \n    <\/div>\n\t      <div class=\"offer-list__action\" style=\"display: block; text-align: center\">\n      <a href=\"\/de\/miedzyzdroje\/\" class=\"button button--ghost\">Alle Wohnungen ansehen<\/a>\n    <\/div>\n\t    <\/div>\n\n<\/section>","protected":false},"excerpt":{"rendered":"","protected":false},"author":2,"featured_media":0,"parent":0,"menu_order":0,"comment_status":"closed","ping_status":"closed","template":"","meta":[],"yoast_head":"<!-- This site is optimized with the Yoast SEO plugin v15.6.2 - https:\/\/yoast.com\/wordpress\/plugins\/seo\/ -->\n<title>Mi\u0119dzyzdroje - Wohnungen zur Miete am Meer. Swinem\u00fcnde, Misdroy, Ko\u0142obrzeg, Unterkunft<\/title>\n<meta name=\"robots\" content=\"index, follow, max-snippet:-1, max-image-preview:large, max-video-preview:-1\" \/>\n<link rel=\"canonical\" href=\"https:\/\/visito.pl\/de\/miedzyzdroje\/\" \/>\n<meta property=\"og:locale\" content=\"de_DE\" \/>\n<meta property=\"og:type\" content=\"article\" \/>\n<meta property=\"og:title\" content=\"Mi\u0119dzyzdroje - Wohnungen zur Miete am Meer. Swinem\u00fcnde, Misdroy, Ko\u0142obrzeg, Unterkunft\" \/>\n<meta property=\"og:url\" content=\"https:\/\/visito.pl\/de\/miedzyzdroje\/\" \/>\n<meta property=\"og:site_name\" content=\"Wohnungen zur Miete am Meer. Swinem\u00fcnde, Misdroy, Ko\u0142obrzeg, Unterkunft\" \/>\n<meta property=\"article:modified_time\" content=\"2022-03-21T12:29:33+00:00\" \/>\n<meta name=\"twitter:card\" content=\"summary_large_image\" \/>\n<script type=\"application\/ld+json\" class=\"yoast-schema-graph\">{\"@context\":\"https:\/\/schema.org\",\"@graph\":[{\"@type\":\"WebSite\",\"@id\":\"https:\/\/visito.pl\/#website\",\"url\":\"https:\/\/visito.pl\/\",\"name\":\"Wohnungen zur Miete am Meer. Swinem\\u00fcnde, Misdroy, Ko\\u0142obrzeg, Unterkunft\",\"description\":\"Ausgew\\u00e4hlte Mietwohnungen an der polnischen K\\u00fcste. Unterkunft zu vermieten in \\u015awinouj\\u015bcie, Ko\\u0142obrzeg und Misdroy.\",\"potentialAction\":[{\"@type\":\"SearchAction\",\"target\":\"https:\/\/visito.pl\/?s={search_term_string}\",\"query-input\":\"required name=search_term_string\"}],\"inLanguage\":\"de\"},{\"@type\":\"WebPage\",\"@id\":\"https:\/\/visito.pl\/de\/miedzyzdroje\/#webpage\",\"url\":\"https:\/\/visito.pl\/de\/miedzyzdroje\/\",\"name\":\"Mi\\u0119dzyzdroje - Wohnungen zur Miete am Meer. Swinem\\u00fcnde, Misdroy, Ko\\u0142obrzeg, Unterkunft\",\"isPartOf\":{\"@id\":\"https:\/\/visito.pl\/#website\"},\"datePublished\":\"2021-01-09T02:51:07+00:00\",\"dateModified\":\"2022-03-21T12:29:33+00:00\",\"inLanguage\":\"de\",\"potentialAction\":[{\"@type\":\"ReadAction\",\"target\":[\"https:\/\/visito.pl\/de\/miedzyzdroje\/\"]}]}]}<\/script>\n<!-- \/ Yoast SEO plugin. -->","acf":[],"_links":{"self":[{"href":"https:\/\/visito.pl\/de\/wp-json\/wp\/v2\/pages\/12612"}],"collection":[{"href":"https:\/\/visito.pl\/de\/wp-json\/wp\/v2\/pages"}],"about":[{"href":"https:\/\/visito.pl\/de\/wp-json\/wp\/v2\/types\/page"}],"author":[{"embeddable":true,"href":"https:\/\/visito.pl\/de\/wp-json\/wp\/v2\/users\/2"}],"replies":[{"embeddable":true,"href":"https:\/\/visito.pl\/de\/wp-json\/wp\/v2\/comments?post=12612"}],"version-history":[{"count":0,"href":"https:\/\/visito.pl\/de\/wp-json\/wp\/v2\/pages\/12612\/revisions"}],"wp:attachment":[{"href":"https:\/\/visito.pl\/de\/wp-json\/wp\/v2\/media?parent=12612"}],"curies":[{"name":"wp","href":"https:\/\/api.w.org\/{rel}","templated":true}]}}