{"id":12608,"date":"2021-06-25T16:45:00","date_gmt":"2021-06-25T14:45:00","guid":{"rendered":"https:\/\/3.67.226.251\/unterkunft-am-meer-in-swinemuende\/"},"modified":"2022-03-21T13:29:19","modified_gmt":"2022-03-21T12:29:19","slug":"unterkunft-am-meer-in-swinemuende","status":"publish","type":"page","link":"https:\/\/visito.pl\/de\/unterkunft-am-meer-in-swinemuende\/","title":{"rendered":"Unterkunft am Meer in Swinem\u00fcnde"},"content":{"rendered":"","protected":false},"excerpt":{"rendered":"","protected":false},"author":2,"featured_media":0,"parent":0,"menu_order":0,"comment_status":"closed","ping_status":"closed","template":"page-listing.php","meta":[],"yoast_head":"<!-- This site is optimized with the Yoast SEO plugin v15.6.2 - https:\/\/yoast.com\/wordpress\/plugins\/seo\/ -->\n<title>Unterkunft am Meer in Swinem\u00fcnde - Wohnungen zur Miete am Meer. Swinem\u00fcnde, Misdroy, Ko\u0142obrzeg, Unterkunft<\/title>\n<meta name=\"description\" content=\"Unterkunft in Swinem\u00fcnde in Appartements - Vermietung von komfortablen Unterk\u00fcnften in Swinem\u00fcnde. Unterkunft mit Meerblick.\" \/>\n<meta name=\"robots\" content=\"index, follow, max-snippet:-1, max-image-preview:large, max-video-preview:-1\" \/>\n<link rel=\"canonical\" href=\"https:\/\/visito.pl\/de\/unterkunft-am-meer-in-swinemuende\/\" \/>\n<meta property=\"og:locale\" content=\"de_DE\" \/>\n<meta property=\"og:type\" content=\"article\" \/>\n<meta property=\"og:title\" content=\"Unterkunft am Meer in Swinem\u00fcnde - Wohnungen zur Miete am Meer. Swinem\u00fcnde, Misdroy, Ko\u0142obrzeg, Unterkunft\" \/>\n<meta property=\"og:description\" content=\"Unterkunft in Swinem\u00fcnde in Appartements - Vermietung von komfortablen Unterk\u00fcnften in Swinem\u00fcnde. Unterkunft mit Meerblick.\" \/>\n<meta property=\"og:url\" content=\"https:\/\/visito.pl\/de\/unterkunft-am-meer-in-swinemuende\/\" \/>\n<meta property=\"og:site_name\" content=\"Wohnungen zur Miete am Meer. Swinem\u00fcnde, Misdroy, Ko\u0142obrzeg, Unterkunft\" \/>\n<meta property=\"article:modified_time\" content=\"2022-03-21T12:29:19+00:00\" \/>\n<meta name=\"twitter:card\" content=\"summary_large_image\" \/>\n<script type=\"application\/ld+json\" class=\"yoast-schema-graph\">{\"@context\":\"https:\/\/schema.org\",\"@graph\":[{\"@type\":\"WebSite\",\"@id\":\"https:\/\/visito.pl\/#website\",\"url\":\"https:\/\/visito.pl\/\",\"name\":\"Wohnungen zur Miete am Meer. Swinem\\u00fcnde, Misdroy, Ko\\u0142obrzeg, Unterkunft\",\"description\":\"Ausgew\\u00e4hlte Mietwohnungen an der polnischen K\\u00fcste. Unterkunft zu vermieten in \\u015awinouj\\u015bcie, Ko\\u0142obrzeg und Misdroy.\",\"potentialAction\":[{\"@type\":\"SearchAction\",\"target\":\"https:\/\/visito.pl\/?s={search_term_string}\",\"query-input\":\"required name=search_term_string\"}],\"inLanguage\":\"de\"},{\"@type\":\"WebPage\",\"@id\":\"https:\/\/visito.pl\/de\/unterkunft-am-meer-in-swinemuende\/#webpage\",\"url\":\"https:\/\/visito.pl\/de\/unterkunft-am-meer-in-swinemuende\/\",\"name\":\"Unterkunft am Meer in Swinem\\u00fcnde - Wohnungen zur Miete am Meer. Swinem\\u00fcnde, Misdroy, Ko\\u0142obrzeg, Unterkunft\",\"isPartOf\":{\"@id\":\"https:\/\/visito.pl\/#website\"},\"datePublished\":\"2021-06-25T14:45:00+00:00\",\"dateModified\":\"2022-03-21T12:29:19+00:00\",\"description\":\"Unterkunft in Swinem\\u00fcnde in Appartements - Vermietung von komfortablen Unterk\\u00fcnften in Swinem\\u00fcnde. Unterkunft mit Meerblick.\",\"inLanguage\":\"de\",\"potentialAction\":[{\"@type\":\"ReadAction\",\"target\":[\"https:\/\/visito.pl\/de\/unterkunft-am-meer-in-swinemuende\/\"]}]}]}<\/script>\n<!-- \/ Yoast SEO plugin. -->","acf":[],"_links":{"self":[{"href":"https:\/\/visito.pl\/de\/wp-json\/wp\/v2\/pages\/12608"}],"collection":[{"href":"https:\/\/visito.pl\/de\/wp-json\/wp\/v2\/pages"}],"about":[{"href":"https:\/\/visito.pl\/de\/wp-json\/wp\/v2\/types\/page"}],"author":[{"embeddable":true,"href":"https:\/\/visito.pl\/de\/wp-json\/wp\/v2\/users\/2"}],"replies":[{"embeddable":true,"href":"https:\/\/visito.pl\/de\/wp-json\/wp\/v2\/comments?post=12608"}],"version-history":[{"count":0,"href":"https:\/\/visito.pl\/de\/wp-json\/wp\/v2\/pages\/12608\/revisions"}],"wp:attachment":[{"href":"https:\/\/visito.pl\/de\/wp-json\/wp\/v2\/media?parent=12608"}],"curies":[{"name":"wp","href":"https:\/\/api.w.org\/{rel}","templated":true}]}}